{"id":3582,"date":"2025-05-28T21:03:03","date_gmt":"2025-05-28T21:03:03","guid":{"rendered":"https:\/\/meat.danpolmeat.pl\/?post_type=product&#038;p=3582"},"modified":"2025-05-28T21:06:41","modified_gmt":"2025-05-28T21:06:41","slug":"kemikli-serit-bonfile-ve-antrikot-butun-bonfile-ve-zincir","status":"publish","type":"product","link":"https:\/\/meat.danpolmeat.pl\/tr\/product\/kemikli-serit-bonfile-ve-antrikot-butun-bonfile-ve-zincir\/","title":{"rendered":"Kemikli Bonfile ve Antrikot, B\u00fct\u00fcn Bonfile ve Zincir"},"content":{"rendered":"<p class=\"first:mt-1.5\">Bu \u00fcr\u00fcn arka \u00e7eyrekten, tabanca kesiminden elde edilir ve t\u00fcm bonfile ve zincirle birlikte kemikli \u015ferit bonfile ve antrikot i\u00e7erir. \u015eerit bonfile, son bel omuru ile ilk sakral omuru aras\u0131ndaki bir kesimle kemikli yuvarlak ve buttan ayr\u0131l\u0131r.<\/p>\n<p class=\"first:mt-1.5\">Not:<br \/>\n\u2013 Gerekli kaburga say\u0131s\u0131,<br \/>\n\u2013 K\u00fcrek kemi\u011fi k\u0131k\u0131rda\u011f\u0131n\u0131n tutulup tutulmad\u0131\u011f\u0131,<br \/>\nbelirtilmelidir.<\/p>","protected":false},"excerpt":{"rendered":"<p>This product is obtained from the hindquarter, pistol cut, and includes bone-in striploin and ribeye with the whole tenderloin and chain. The striploin is separated from the bone-in round and rump by a cut between the last lumbar vertebra and the first sacral vertebra. Note: \u2013 Required number of ribs, \u2013 Whether the scapular cartilage [&hellip;]<\/p>","protected":false},"featured_media":3585,"comment_status":"open","ping_status":"closed","template":"","meta":[],"product_brand":[],"product_cat":[15],"product_tag":[],"class_list":{"0":"post-3582","1":"product","2":"type-product","3":"status-publish","4":"has-post-thumbnail","6":"product_cat-carcass","8":"first","9":"instock","10":"shipping-taxable","11":"product-type-simple"},"_links":{"self":[{"href":"https:\/\/meat.danpolmeat.pl\/tr\/wp-json\/wp\/v2\/product\/3582","targetHints":{"allow":["GET"]}}],"collection":[{"href":"https:\/\/meat.danpolmeat.pl\/tr\/wp-json\/wp\/v2\/product"}],"about":[{"href":"https:\/\/meat.danpolmeat.pl\/tr\/wp-json\/wp\/v2\/types\/product"}],"replies":[{"embeddable":true,"href":"https:\/\/meat.danpolmeat.pl\/tr\/wp-json\/wp\/v2\/comments?post=3582"}],"wp:featuredmedia":[{"embeddable":true,"href":"https:\/\/meat.danpolmeat.pl\/tr\/wp-json\/wp\/v2\/media\/3585"}],"wp:attachment":[{"href":"https:\/\/meat.danpolmeat.pl\/tr\/wp-json\/wp\/v2\/media?parent=3582"}],"wp:term":[{"taxonomy":"product_brand","embeddable":true,"href":"https:\/\/meat.danpolmeat.pl\/tr\/wp-json\/wp\/v2\/product_brand?post=3582"},{"taxonomy":"product_cat","embeddable":true,"href":"https:\/\/meat.danpolmeat.pl\/tr\/wp-json\/wp\/v2\/product_cat?post=3582"},{"taxonomy":"product_tag","embeddable":true,"href":"https:\/\/meat.danpolmeat.pl\/tr\/wp-json\/wp\/v2\/product_tag?post=3582"}],"curies":[{"name":"wp","href":"https:\/\/api.w.org\/{rel}","templated":true}]}}