{"id":3561,"date":"2025-05-28T20:41:06","date_gmt":"2025-05-28T20:41:06","guid":{"rendered":"https:\/\/meat.danpolmeat.pl\/?post_type=product&#038;p=3561"},"modified":"2025-05-29T19:04:38","modified_gmt":"2025-05-29T19:04:38","slug":"on-ceyrek-tabanca-kesimi","status":"publish","type":"product","link":"https:\/\/meat.danpolmeat.pl\/tr\/product\/on-ceyrek-tabanca-kesimi\/","title":{"rendered":"\u00d6n \u00e7eyrek, tabanca kesimi"},"content":{"rendered":"<p><iframe title=\"\u0106wier\u0107tusza przednia ci\u0119cie pistoletowe z \u0142at\u0105 5 \u017ceber v2\" width=\"640\" height=\"360\" src=\"https:\/\/www.youtube.com\/embed\/HfixuiAyvzc?feature=oembed\" frameborder=\"0\" allow=\"accelerometer; autoplay; clipboard-write; encrypted-media; gyroscope; picture-in-picture; web-share\" referrerpolicy=\"strict-origin-when-cross-origin\" allowfullscreen><\/iframe><\/p>\n<p>&nbsp;<\/p>","protected":false},"excerpt":{"rendered":"<p>\u00d6n \u00e7eyrek, tabanca kesimi<\/p>\n<p>Bu \u00fcr\u00fcn \u00f6n \u00e7eyrekten elde edilir. \u0130\u015fleme s\u0131ras\u0131nda, belirli bir kaburgaya kadar olan b\u00f6l\u00fcm \u0142ata ile birlikte haz\u0131rlan\u0131r. Kemikli g\u00f6\u011f\u00fcs kemi\u011fi ve \u0142ata \u00f6n \u00e7eyrekte kal\u0131r.<\/p>","protected":false},"featured_media":3566,"comment_status":"open","ping_status":"closed","template":"","meta":[],"product_brand":[],"product_cat":[15],"product_tag":[],"class_list":{"0":"post-3561","1":"product","2":"type-product","3":"status-publish","4":"has-post-thumbnail","6":"product_cat-carcass","8":"first","9":"instock","10":"shipping-taxable","11":"product-type-simple"},"_links":{"self":[{"href":"https:\/\/meat.danpolmeat.pl\/tr\/wp-json\/wp\/v2\/product\/3561","targetHints":{"allow":["GET"]}}],"collection":[{"href":"https:\/\/meat.danpolmeat.pl\/tr\/wp-json\/wp\/v2\/product"}],"about":[{"href":"https:\/\/meat.danpolmeat.pl\/tr\/wp-json\/wp\/v2\/types\/product"}],"replies":[{"embeddable":true,"href":"https:\/\/meat.danpolmeat.pl\/tr\/wp-json\/wp\/v2\/comments?post=3561"}],"wp:featuredmedia":[{"embeddable":true,"href":"https:\/\/meat.danpolmeat.pl\/tr\/wp-json\/wp\/v2\/media\/3566"}],"wp:attachment":[{"href":"https:\/\/meat.danpolmeat.pl\/tr\/wp-json\/wp\/v2\/media?parent=3561"}],"wp:term":[{"taxonomy":"product_brand","embeddable":true,"href":"https:\/\/meat.danpolmeat.pl\/tr\/wp-json\/wp\/v2\/product_brand?post=3561"},{"taxonomy":"product_cat","embeddable":true,"href":"https:\/\/meat.danpolmeat.pl\/tr\/wp-json\/wp\/v2\/product_cat?post=3561"},{"taxonomy":"product_tag","embeddable":true,"href":"https:\/\/meat.danpolmeat.pl\/tr\/wp-json\/wp\/v2\/product_tag?post=3561"}],"curies":[{"name":"wp","href":"https:\/\/api.w.org\/{rel}","templated":true}]}}