{"id":261,"date":"2024-02-01T02:35:24","date_gmt":"2024-02-01T02:35:24","guid":{"rendered":"http:\/\/boskery-demo.local\/?page_id=261"},"modified":"2025-05-26T19:46:08","modified_gmt":"2025-05-26T19:46:08","slug":"bize-ulasin","status":"publish","type":"page","link":"https:\/\/meat.danpolmeat.pl\/tr\/bize-ulasin\/","title":{"rendered":"Bize Ula\u015f\u0131n"},"content":{"rendered":"<div data-elementor-type=\"wp-page\" data-elementor-id=\"261\" class=\"elementor elementor-261\">\n\t\t\t\t<div class=\"elementor-element elementor-element-c652bbd e-con-full e-flex e-con e-parent\" data-id=\"c652bbd\" data-element_type=\"container\">\n\t\t\t\t<div class=\"elementor-element elementor-element-073f241 elementor-widget elementor-widget-boskery-contact-form\" data-id=\"073f241\" data-element_type=\"widget\" data-widget_type=\"boskery-contact-form.default\">\n\t\t\t\t<div class=\"elementor-widget-container\">\n\t\t\t\t\t\r\n\t<section class=\"contact-page section-space-top\">\r\n\t\t<div class=\"container\">\r\n\t\t\t<div class=\"contact-page__wrapper\">\r\n\t\t\t\t<div class=\"contact-page__content\">\r\n\t\t\t\t\t<div class=\"contact-page__sec-title\">\r\n\t\t\t\t\t\t<h3 class=\"contact-page__title\">\u0130leti\u015fime Ge\u00e7in<\/h3>\t\t\t\t\t\t<p class=\"contact-page__text\">Bize Ula\u015f\u0131n Danpol Meat Food&#039;a olan ilginiz i\u00e7in te\u015fekk\u00fcr ederiz. L\u00fctfen bizimle ileti\u015fime ge\u00e7mek i\u00e7in a\u015fa\u011f\u0131daki formu kullan\u0131n. Sorular\u0131n\u0131z\u0131 yan\u0131tlamaktan, \u00fcr\u00fcnlerimiz hakk\u0131nda daha fazla bilgi sa\u011flamaktan veya olas\u0131 i\u015f f\u0131rsatlar\u0131n\u0131 g\u00f6r\u00fc\u015fmekten mutluluk duyar\u0131z. Ekibimiz sorunuza en k\u0131sa s\u00fcrede yan\u0131t verecektir.<\/p>\t\t\t\t\t<\/div><!-- \/.contact-page__sec-title -->\r\n\t\t\t\t\t<div class=\"contact-page__form contact-form-validated form-one\">\r\n\t\t\t\t\t\t<div class=\"wpcf7 no-js\" id=\"wpcf7-f1712-o1\" lang=\"en-US\" dir=\"ltr\" data-wpcf7-id=\"1712\">\n<div class=\"screen-reader-response\"><p role=\"status\" aria-live=\"polite\" aria-atomic=\"true\"><\/p> <ul><\/ul><\/div>\n<form action=\"\/tr\/wp-json\/wp\/v2\/pages\/261#wpcf7-f1712-o1\" method=\"post\" class=\"wpcf7-form init\" aria-label=\"Contact form\" novalidate=\"novalidate\" data-status=\"init\" data-trp-original-action=\"\/tr\/wp-json\/wp\/v2\/pages\/261#wpcf7-f1712-o1\">\n<div style=\"display: none;\">\n<input type=\"hidden\" name=\"_wpcf7\" value=\"1712\" \/>\n<input type=\"hidden\" name=\"_wpcf7_version\" value=\"6.0.6\" \/>\n<input type=\"hidden\" name=\"_wpcf7_locale\" value=\"en_US\" \/>\n<input type=\"hidden\" name=\"_wpcf7_unit_tag\" value=\"wpcf7-f1712-o1\" \/>\n<input type=\"hidden\" name=\"_wpcf7_container_post\" value=\"0\" \/>\n<input type=\"hidden\" name=\"_wpcf7_posted_data_hash\" value=\"\" \/>\n<\/div>\n<div class=\"form-one__group form-one__group--grid\">\n    <div class=\"form-one__control wow fadeInUp\" data-wow-duration=\"1500ms\" data-wow-delay=\"00ms\">\n        <span class=\"wpcf7-form-control-wrap\" data-name=\"text-182\"><input size=\"40\" maxlength=\"400\" class=\"wpcf7-form-control wpcf7-text wpcf7-validates-as-required\" aria-required=\"true\" aria-invalid=\"false\" placeholder=\"Ad\u0131n\u0131z\" value=\"\" type=\"text\" name=\"text-182\" \/><\/span>\n    <\/div><!-- \/.form-one__control  -->\n    <div class=\"form-one__control wow fadeInUp\" data-wow-duration=\"1500ms\" data-wow-delay=\"50ms\">\n         <span class=\"wpcf7-form-control-wrap\" data-name=\"email-312\"><input size=\"40\" maxlength=\"400\" class=\"wpcf7-form-control wpcf7-email wpcf7-validates-as-required wpcf7-text wpcf7-validates-as-email\" aria-required=\"true\" aria-invalid=\"false\" placeholder=\"E-postan\u0131z\" value=\"\" type=\"email\" name=\"email-312\" \/><\/span>\n    <\/div><!-- \/.form-one__control -->\n    <div class=\"form-one__control form-one__control--full wow fadeInUp\" data-wow-duration=\"1500ms\" data-wow-delay=\"100ms\">\n         <span class=\"wpcf7-form-control-wrap\" data-name=\"textarea-276\"><textarea cols=\"40\" rows=\"10\" maxlength=\"2000\" class=\"wpcf7-form-control wpcf7-textarea wpcf7-validates-as-required\" aria-required=\"true\" aria-invalid=\"false\" placeholder=\"Mesaj Yaz\u0131n . . .\" name=\"textarea-276\"><\/textarea><\/span>\n    <\/div><!-- \/.form-one__control -->\n    <div class=\"form-one__control form-one__control--full wow fadeInUp\" data-wow-duration=\"1500ms\" data-wow-delay=\"150ms\">\n        <button type=\"submit\" class=\"boskery-btn\">\n            <span class=\"boskery-btn__hover\"><\/span>\n            <span class=\"boskery-btn__hover\"><\/span>\n            <span class=\"boskery-btn__hover\"><\/span>\n            <span class=\"boskery-btn__hover\"><\/span>\n            <span class=\"boskery-btn__hover\"><\/span>\n            <span class=\"boskery-btn__hover\"><\/span>\n            <span class=\"boskery-btn__text\">Mesaj g\u00f6nder<\/span>\n            <i class=\"icon-meat-3\"><\/i>\n        <\/button>\n    <\/div><!-- \/.form-one__control -->\n<\/div><!-- \/.form-one__group --><div class=\"wpcf7-response-output\" aria-hidden=\"true\"><\/div>\n<input type=\"hidden\" name=\"trp-form-language\" value=\"tr\"\/><\/form>\n<\/div>\t\t\t\t\t<\/div><!-- \/.contact-page__form -->\r\n\t\t\t\t<\/div><!-- \/.contact-page__content -->\r\n\t\t\t\t<div class=\"contact-page__image wow fadeInRight\" data-wow-duration=\"1500ms\">\r\n\t\t\t\t\t<img decoding=\"async\" src=\"https:\/\/meat.danpolmeat.pl\/wp-content\/uploads\/2025\/05\/myaso-korovy-5-scaled-1.jpg\" alt=\"myaso-korovy-5-\u00f6l\u00e7ekli\" title=\"myaso-korovy-5-\u00f6l\u00e7ekli\" >\t\t\t\t<\/div><!-- \/.contact-page__image -->\r\n\t\t\t<\/div><!-- \/.contact-page__wrapper -->\r\n\t\t<\/div><!-- \/.container -->\r\n\t<\/section><!-- \/.contact-page section-space-top -->\r\n\r\n\t<section class=\"contact-info section-space-bottom\">\r\n\t\t<div class=\"contact-info__bg boskery-jarallax\" data-jarallax data-speed=\"0.3\" style=\"background-image: url(https:\/\/bracketweb.com\/boskerywp\/wp-content\/uploads\/2024\/02\/contact-bg.jpg);\"><\/div><!-- \/.contact-info__bg -->\r\n\t\t<div class=\"container\">\r\n\t\t\t<div class=\"row gutter-y-30\">\r\n\t\t\t\t<div class=\"col-lg-6 wow fadeInUp\" data-wow-duration=\"1500ms\" data-wow-delay=\"00ms\">\r\n\t\t\t\t\t<div class=\"contact-info__contact\">\r\n\t\t\t\t\t\t<div class=\"contact-info__contact__bg\" style=\"background-image: url(https:\/\/bracketweb.com\/boskerywp\/wp-content\/uploads\/2024\/02\/contact-bg-1-1.png);\"><\/div><!-- \/.contact-info__contact__bg -->\r\n\t\t\t\t\t\t<div class=\"contact-info__contact__content\">\r\n\t\t\t\t\t\t\t<div class=\"contact-info__top\">\r\n\t\t\t\t\t\t\t\t<h3 class=\"contact-info__title\">Bizi her zaman ziyaret edebilirsiniz<\/h3>\t\t\t\t\t\t\t\t<p class=\"contact-info__text\">Herhangi bir sorunuz veya endi\u015feniz varsa, g\u00fcler y\u00fczl\u00fc personelimiz size yard\u0131mc\u0131 olmaktan mutluluk duyacakt\u0131r.<\/p>\t\t\t\t\t\t\t<\/div><!-- \/.contact-info__top -->\r\n\t\t\t\t\t\t\t<div class=\"contact-info__contact-list\">\r\n\t\t\t\t\t\t\t\t\t\t\t\t\t\t\t\t\t<div class=\"contact-info__contact-list__item\">\r\n\r\n\t\t\t\t\t\t\t\t\t\t<span aria-hidden=\"true\" class=\"contact-info__contact-list__icon  icon-phone-call\"><\/span>\r\n\t\t\t\t\t\t\t\t\t\t<div class=\"contact-info__contact-list__content\">\r\n\t\t\t\t\t\t\t\t\t\t\t<span class=\"contact-info__contact-list__title\">hemen ara<\/span><!-- \/.contact-info__contact-list__title -->\r\n\t\t\t\t\t\t\t\t\t\t\t<a href=\"tel:+ 48 606 563 991\" class=\"contact-info__contact-list__link\">+ 48 606 563 991<\/a>\t\t\t\t\t\t\t\t\t\t<\/div><!-- \/.contact-info__contact-list__content -->\r\n\t\t\t\t\t\t\t\t\t<\/div><!-- \/.contact-info__contact-list__item -->\r\n\t\t\t\t\t\t\t\t\t\t\t\t\t\t\t\t\t<div class=\"contact-info__contact-list__item\">\r\n\r\n\t\t\t\t\t\t\t\t\t\t<span aria-hidden=\"true\" class=\"contact-info__contact-list__icon   icon-paper-plane\"><\/span>\r\n\t\t\t\t\t\t\t\t\t\t<div class=\"contact-info__contact-list__content\">\r\n\t\t\t\t\t\t\t\t\t\t\t<span class=\"contact-info__contact-list__title\">e-posta<\/span><!-- \/.contact-info__contact-list__title -->\r\n\t\t\t\t\t\t\t\t\t\t\t <a href=\"mailto:info@danpolmeat.pl\" class=\"contact-info__contact-list__link\">info@danpolmeat.pl<\/a>\t\t\t\t\t\t\t\t\t\t<\/div><!-- \/.contact-info__contact-list__content -->\r\n\t\t\t\t\t\t\t\t\t<\/div><!-- \/.contact-info__contact-list__item -->\r\n\t\t\t\t\t\t\t\t\t\t\t\t\t\t\t\t\t<div class=\"contact-info__contact-list__item\">\r\n\r\n\t\t\t\t\t\t\t\t\t\t<span aria-hidden=\"true\" class=\"contact-info__contact-list__icon   icon-maps-and-flags\"><\/span>\r\n\t\t\t\t\t\t\t\t\t\t<div class=\"contact-info__contact-list__content\">\r\n\t\t\t\t\t\t\t\t\t\t\t<span class=\"contact-info__contact-list__title\">adres<\/span><!-- \/.contact-info__contact-list__title -->\r\n\t\t\t\t\t\t\t\t\t\t\t<a href=\"https:\/\/maps.app.goo.gl\/3jVdiDPadmovJEmw9\" class=\"contact-info__contact-list__link\">W\u0142oszczowska 2, 29-120 Dobromierz \/ Polonya<\/a>\t\t\t\t\t\t\t\t\t\t<\/div><!-- \/.contact-info__contact-list__content -->\r\n\t\t\t\t\t\t\t\t\t<\/div><!-- \/.contact-info__contact-list__item -->\r\n\t\t\t\t\t\t\t\t\t\t\t\t\t\t\t<\/div><!-- \/.contact-info__contact-list -->\r\n\t\t\t\t\t\t<\/div><!-- \/.contact-info__contact__content -->\r\n\t\t\t\t\t<\/div><!-- \/.contact-info__contact -->\r\n\t\t\t\t<\/div><!-- \/.col-lg-6 -->\r\n\t\t\t\t<div class=\"col-lg-6 wow fadeInUp\" data-wow-duration=\"1500ms\" data-wow-delay=\"200ms\">\r\n\t\t\t\t\t<div class=\"contact-info__business-hours\">\r\n\t\t\t\t\t\t<div class=\"contact-info__business-hours__bg\" style=\"background-image: url(https:\/\/bracketweb.com\/boskerywp\/wp-content\/uploads\/2024\/02\/contact-bg-1-2.png);\"><\/div><!-- \/.contact-info__business-hours__bg -->\r\n\t\t\t\t\t\t<div class=\"contact-info__business-hours__content\">\r\n\t\t\t\t\t\t\t<div class=\"contact-info__top contact-info__top--business-hours\">\r\n\t\t\t\t\t\t\t\t<h3 class=\"contact-info__title contact-info__title--business-hours\">\u00c7al\u0131\u015fma saatlerimiz<\/h3>\t\t\t\t\t\t\t\t<p class=\"contact-info__text contact-info__text--business-hours\">\u00c7al\u0131\u015fma saatlerimiz hafta i\u00e7i her g\u00fcnd\u00fcr. L\u00fctfen bizi ziyaret etmekten \u00e7ekinmeyin.<\/p><!-- \/.contact-info__text -->\r\n\t\t\t\t\t\t\t<\/div><!-- \/.contact-info__top -->\r\n\t\t\t\t\t\t\t<div class=\"table-responsive\">\r\n\t\t\t\t\t\t\t\t<table class=\"table contact-info__business-hours__table\">\r\n\t\t\t\t\t\t\t\t\t<tbody>\r\n\t\t\t\t\t\t\t\t\t\t\t\t\t\t\t\t\t\t\t\t\t<tr>\r\n\t\t\t\t\t\t\t\t\t\t\t\t<td class=\"table__left-data\"><i aria-hidden=\"true\" class=\"icon-check\"><\/i>Pazartesi<\/td>\r\n\t\t\t\t\t\t\t\t\t\t\t\t<td class=\"table__border\">\r\n\t\t\t\t\t\t\t\t\t\t\t\t\t<div class=\"table__border__line\"><\/div><!-- \/.table__border -->\r\n\t\t\t\t\t\t\t\t\t\t\t\t<\/td>\r\n\t\t\t\t\t\t\t\t\t\t\t\t<td class=\"table__right-data\">08:00 - 18:00\t\t\t\t\t\t\t\t\t\t\t\t\t\t\t\t\t\t\t\t\t\t\t<tr>\r\n\t\t\t\t\t\t\t\t\t\t\t\t<td class=\"table__left-data\"><i aria-hidden=\"true\" class=\"icon-check\"><\/i>Sal\u0131<\/td>\r\n\t\t\t\t\t\t\t\t\t\t\t\t<td class=\"table__border\">\r\n\t\t\t\t\t\t\t\t\t\t\t\t\t<div class=\"table__border__line\"><\/div><!-- \/.table__border -->\r\n\t\t\t\t\t\t\t\t\t\t\t\t<\/td>\r\n\t\t\t\t\t\t\t\t\t\t\t\t<td class=\"table__right-data\">08:00 - 18:00\t\t\t\t\t\t\t\t\t\t\t\t\t\t\t\t\t\t\t\t\t\t\t<tr>\r\n\t\t\t\t\t\t\t\t\t\t\t\t<td class=\"table__left-data\"><i aria-hidden=\"true\" class=\"icon-check\"><\/i>\u00c7ar\u015famba<\/td>\r\n\t\t\t\t\t\t\t\t\t\t\t\t<td class=\"table__border\">\r\n\t\t\t\t\t\t\t\t\t\t\t\t\t<div class=\"table__border__line\"><\/div><!-- \/.table__border -->\r\n\t\t\t\t\t\t\t\t\t\t\t\t<\/td>\r\n\t\t\t\t\t\t\t\t\t\t\t\t<td class=\"table__right-data\">08:00 - 18:00\t\t\t\t\t\t\t\t\t\t\t\t\t\t\t\t\t\t\t\t\t\t\t<tr>\r\n\t\t\t\t\t\t\t\t\t\t\t\t<td class=\"table__left-data\"><i aria-hidden=\"true\" class=\"icon-check\"><\/i>Per\u015fembe<\/td>\r\n\t\t\t\t\t\t\t\t\t\t\t\t<td class=\"table__border\">\r\n\t\t\t\t\t\t\t\t\t\t\t\t\t<div class=\"table__border__line\"><\/div><!-- \/.table__border -->\r\n\t\t\t\t\t\t\t\t\t\t\t\t<\/td>\r\n\t\t\t\t\t\t\t\t\t\t\t\t<td class=\"table__right-data\">08:00 - 18:00\t\t\t\t\t\t\t\t\t\t\t\t\t\t\t\t\t\t\t\t\t\t\t<tr>\r\n\t\t\t\t\t\t\t\t\t\t\t\t<td class=\"table__left-data\"><i aria-hidden=\"true\" class=\"icon-check\"><\/i>Cuma<\/td>\r\n\t\t\t\t\t\t\t\t\t\t\t\t<td class=\"table__border\">\r\n\t\t\t\t\t\t\t\t\t\t\t\t\t<div class=\"table__border__line\"><\/div><!-- \/.table__border -->\r\n\t\t\t\t\t\t\t\t\t\t\t\t<\/td>\r\n\t\t\t\t\t\t\t\t\t\t\t\t<td class=\"table__right-data\">08:00 - 18:00\t\t\t\t\t\t\t\t\t\t\t\t\t\t\t\t\t\t\t\t\t\t\t<tr>\r\n\t\t\t\t\t\t\t\t\t\t\t\t<td class=\"table__left-data\"><i aria-hidden=\"true\" class=\"icon-check\"><\/i>Cumartesi<\/td>\r\n\t\t\t\t\t\t\t\t\t\t\t\t<td class=\"table__border\">\r\n\t\t\t\t\t\t\t\t\t\t\t\t\t<div class=\"table__border__line\"><\/div><!-- \/.table__border -->\r\n\t\t\t\t\t\t\t\t\t\t\t\t<\/td>\r\n\t\t\t\t\t\t\t\t\t\t\t\t<td class=\"table__right-data\">kapal\u0131\t\t\t\t\t\t\t\t\t\t\t\t\t\t\t\t\t\t\t\t\t<\/tbody>\r\n\t\t\t\t\t\t\t\t<\/table><!-- \/.table -->\r\n\t\t\t\t\t\t\t<\/div><!-- \/.table-responsive -->\r\n\t\t\t\t\t\t<\/div><!-- \/.contact-info__business-hours__content -->\r\n\t\t\t\t\t<\/div><!-- \/.contact-info__business-hours -->\r\n\t\t\t\t<\/div><!-- \/.col-lg-6 -->\r\n\t\t\t<\/div><!-- \/.row -->\r\n\t\t<\/div><!-- \/.container -->\r\n\t<\/section><!-- \/.contact-info section-space-bottom -->\r\n\t\t\t\t<\/div>\n\t\t\t\t<\/div>\n\t\t\t\t<\/div>\n\t\t<div class=\"elementor-element elementor-element-861dc94 e-con-full e-flex e-con e-parent\" data-id=\"861dc94\" data-element_type=\"container\">\n\t\t\t\t<div class=\"elementor-element elementor-element-17a8665 elementor-widget elementor-widget-boskery-google-maps\" data-id=\"17a8665\" data-element_type=\"widget\" data-widget_type=\"boskery-google-maps.default\">\n\t\t\t\t<div class=\"elementor-widget-container\">\n\t\t\t\t\t\t\t<!--Google Map Two Start-->\r\n\t<section class=\"contact-map\">\r\n\t\t<div class=\"container-fluid\">\r\n\t\t\t<div class=\"google-map google-map__contact\">\r\n\t\t\t\t<iframe src=\"https:\/\/maps.google.com\/maps?q=W%C5%82oszczowska%202%2C%2029-120%20Dobromierz&#038;t=m&#038;z=12&#038;output=embed&#038;iwloc=near\" title=\"W\u0142oszczowska 2, 29-120 Dobromierz\" class=\"template google map\" aria-label=\"W\u0142oszczowska 2, 29-120 Dobromierz\" allowfullscreen><\/iframe>\r\n\t\t\t<\/div>\r\n\t\t<\/div>\r\n\t<\/section>\r\n\t<!--Google Map Two End-->\r\n\r\n\t\t\t\t<\/div>\n\t\t\t\t<\/div>\n\t\t\t\t<\/div>\n\t\t\t\t<\/div>","protected":false},"excerpt":{"rendered":"<p>Get In Touch Contact Us Thank you for your interest in Danpol Meat Food. Please use the form below to get in touch with us. We are happy to answer your questions, provide more information about our products, or discuss potential business opportunities. Our team will respond to your inquiry as soon as possible. Send [&hellip;]<\/p>","protected":false},"author":1,"featured_media":0,"parent":0,"menu_order":0,"comment_status":"closed","ping_status":"closed","template":"elementor_header_footer","meta":{"footnotes":""},"class_list":["post-261","page","type-page","status-publish","hentry"],"_links":{"self":[{"href":"https:\/\/meat.danpolmeat.pl\/tr\/wp-json\/wp\/v2\/pages\/261","targetHints":{"allow":["GET"]}}],"collection":[{"href":"https:\/\/meat.danpolmeat.pl\/tr\/wp-json\/wp\/v2\/pages"}],"about":[{"href":"https:\/\/meat.danpolmeat.pl\/tr\/wp-json\/wp\/v2\/types\/page"}],"author":[{"embeddable":true,"href":"https:\/\/meat.danpolmeat.pl\/tr\/wp-json\/wp\/v2\/users\/1"}],"replies":[{"embeddable":true,"href":"https:\/\/meat.danpolmeat.pl\/tr\/wp-json\/wp\/v2\/comments?post=261"}],"version-history":[{"count":10,"href":"https:\/\/meat.danpolmeat.pl\/tr\/wp-json\/wp\/v2\/pages\/261\/revisions"}],"predecessor-version":[{"id":3465,"href":"https:\/\/meat.danpolmeat.pl\/tr\/wp-json\/wp\/v2\/pages\/261\/revisions\/3465"}],"wp:attachment":[{"href":"https:\/\/meat.danpolmeat.pl\/tr\/wp-json\/wp\/v2\/media?parent=261"}],"curies":[{"name":"wp","href":"https:\/\/api.w.org\/{rel}","templated":true}]}}