{"id":186,"date":"2024-02-01T02:30:13","date_gmt":"2024-02-01T02:30:13","guid":{"rendered":"http:\/\/boskery-demo.local\/?page_id=186"},"modified":"2025-05-29T09:38:32","modified_gmt":"2025-05-29T09:38:32","slug":"specialty-product","status":"publish","type":"page","link":"https:\/\/meat.danpolmeat.pl\/tr\/specialty-product\/","title":{"rendered":"\u00d6zel \u00dcr\u00fcn"},"content":{"rendered":"<div data-elementor-type=\"wp-page\" data-elementor-id=\"186\" class=\"elementor elementor-186\">\n\t\t\t\t<div class=\"elementor-element elementor-element-31e8c7d7 section-space e-flex e-con-boxed e-con e-parent\" data-id=\"31e8c7d7\" data-element_type=\"container\">\n\t\t\t\t\t<div class=\"e-con-inner\">\n\t\t<div class=\"elementor-element elementor-element-1892dc4c e-con-full e-flex e-con e-child\" data-id=\"1892dc4c\" data-element_type=\"container\">\n\t\t\t\t<div class=\"elementor-element elementor-element-7fb15421 elementor-widget elementor-widget-sidebar-nav\" data-id=\"7fb15421\" data-element_type=\"widget\" data-widget_type=\"sidebar-nav.default\">\n\t\t\t\t<div class=\"elementor-widget-container\">\n\t\t\t\t\t    <div class=\"service-sidebar__single wow fadeInRight\" data-wow-duration=\"1500ms\" data-wow-delay=\"0ms\">\r\n                    <ul id=\"menu-services-list\" class=\"list-unstyled service-sidebar__nav ml-0\"><li id=\"menu-item-208\" class=\"menu-item menu-item-type-post_type menu-item-object-page menu-item-208\"><a href=\"https:\/\/meat.danpolmeat.pl\/tr\/ozel-kesim\/\">\u00d6zel Kesim<\/a><\/li>\n<li id=\"menu-item-209\" class=\"menu-item menu-item-type-post_type menu-item-object-page menu-item-209\"><a href=\"https:\/\/meat.danpolmeat.pl\/tr\/meat-preparation\/\">Et Haz\u0131rl\u0131\u011f\u0131<\/a><\/li>\n<li id=\"menu-item-210\" class=\"menu-item menu-item-type-post_type menu-item-object-page menu-item-210\"><a href=\"https:\/\/meat.danpolmeat.pl\/tr\/meat-packaging\/\">Et Paketleme<\/a><\/li>\n<li id=\"menu-item-211\" class=\"menu-item menu-item-type-post_type menu-item-object-page menu-item-211\"><a href=\"https:\/\/meat.danpolmeat.pl\/tr\/online-ordering\/\">\u00c7evrimi\u00e7i Sipari\u015f<\/a><\/li>\n<li id=\"menu-item-213\" class=\"menu-item menu-item-type-post_type menu-item-object-page menu-item-213\"><a href=\"https:\/\/meat.danpolmeat.pl\/tr\/specialty-product\/\">\u00d6zel \u00dcr\u00fcn<\/a><\/li>\n<\/ul>            <\/div><!-- \/.service-sidebar__single -->\r\n\t\t\t\t<\/div>\n\t\t\t\t<\/div>\n\t\t\t\t<div class=\"elementor-element elementor-element-2c484512 elementor-widget elementor-widget-boskery-sidebar-call-to-action\" data-id=\"2c484512\" data-element_type=\"widget\" data-widget_type=\"boskery-sidebar-call-to-action.default\">\n\t\t\t\t<div class=\"elementor-widget-container\">\n\t\t\t\t\t    <div class=\"service-sidebar__single wow fadeInRight\" data-wow-duration=\"1500ms\" data-wow-delay=\"200ms\">\r\n        <div class=\"contact\">\r\n            <div class=\"contact__bg\" style=\"background-image: url(https:\/\/bracketweb.com\/boskerywp\/wp-content\/uploads\/2024\/02\/service-sidebar-info-bg-1.jpg);\"><\/div><!-- \/.contact__bg -->\r\n            <div class=\"contact__content\">\r\n                <h3 class=\"contact__title\">DO\u011eRUDAN M\u00dc\u015eTER\u0130 H\u0130ZMETLER\u0130 \u0130\u00c7\u0130N ARAYIN\n<\/h3>                <div class=\"contact__info\">\r\n                    <div class=\"contact__info__inner\">\r\n                        <div class=\"contact__info__icon\">\r\n                            <span class=\"icon-telephone\"><\/span>\r\n                        <\/div><!-- \/.contact__info__icon -->\r\n                        <div class=\"contact__info__right\">\r\n                            <h4 class=\"contact__info__title\">TESL\u0130MAT \u0130\u00c7\u0130N \u00c7A\u011eRI\n<\/h4><!-- \/.contact__info__title -->\r\n                            <a href=\"tel:+92-(8800)-68900\" class=\"contact__info__number\">+92 (8800) 68900<\/a><!-- \/.contact__info__number -->\r\n                        <\/div><!-- \/.contact__info__right -->\r\n                    <\/div><!-- \/.contact__info__inner -->\r\n                <\/div><!-- \/.contact__info -->\r\n            <\/div><!-- \/.contact__content -->\r\n        <\/div><!-- \/.contact -->\r\n    <\/div><!-- \/.service-sidebar__single -->\r\n\t\t\t\t<\/div>\n\t\t\t\t<\/div>\n\t\t\t\t<\/div>\n\t\t<div class=\"elementor-element elementor-element-73e5dfc9 e-con-full e-flex e-con e-child\" data-id=\"73e5dfc9\" data-element_type=\"container\">\n\t\t\t\t<div class=\"elementor-element elementor-element-3c05712b elementor-widget elementor-widget-image\" data-id=\"3c05712b\" data-element_type=\"widget\" data-widget_type=\"image.default\">\n\t\t\t\t<div class=\"elementor-widget-container\">\n\t\t\t\t\t\t\t\t\t\t\t\t\t\t\t<img fetchpriority=\"high\" decoding=\"async\" width=\"770\" height=\"350\" src=\"https:\/\/meat.danpolmeat.pl\/wp-content\/uploads\/2024\/02\/service-d-6.jpg\" class=\"attachment-full size-full wp-image-2185\" alt=\"service-d-6\" srcset=\"https:\/\/meat.danpolmeat.pl\/wp-content\/uploads\/2024\/02\/service-d-6.jpg 770w, https:\/\/meat.danpolmeat.pl\/wp-content\/uploads\/2024\/02\/service-d-6-570x259.jpg 570w, https:\/\/meat.danpolmeat.pl\/wp-content\/uploads\/2024\/02\/service-d-6-300x136.jpg 300w, https:\/\/meat.danpolmeat.pl\/wp-content\/uploads\/2024\/02\/service-d-6-768x349.jpg 768w\" sizes=\"(max-width: 770px) 100vw, 770px\" \/>\t\t\t\t\t\t\t\t\t\t\t\t\t\t\t<\/div>\n\t\t\t\t<\/div>\n\t\t\t\t<div class=\"elementor-element elementor-element-4d0c1786 elementor-widget elementor-widget-text-editor\" data-id=\"4d0c1786\" data-element_type=\"widget\" data-widget_type=\"text-editor.default\">\n\t\t\t\t<div class=\"elementor-widget-container\">\n\t\t\t\t\t\t\t\t\t<h3 class=\"service-details__title\">SPECIALTY PRODUCT<\/h3>\t\t\t\t\t\t\t\t<\/div>\n\t\t\t\t<\/div>\n\t\t\t\t<div class=\"elementor-element elementor-element-e36ea2e elementor-widget elementor-widget-text-editor\" data-id=\"e36ea2e\" data-element_type=\"widget\" data-widget_type=\"text-editor.default\">\n\t\t\t\t<div class=\"elementor-widget-container\">\n\t\t\t\t\t\t\t\t\t<p class=\"service-details__text\">At Danpol Meat, we offer a selection of specialty products designed to meet unique customer needs. Our range includes premium beef cuts, further processed poultry items such as marinated or seasoned chicken and turkey, and value-added products like doner kebab. Each specialty product is prepared with strict attention to quality, food safety, and consistency, making them ideal for retail, food service, and industrial clients. We also provide custom solutions to accommodate specific requirements and market trends.<\/p><p><!-- \/.service-details__text --><\/p>\t\t\t\t\t\t\t\t<\/div>\n\t\t\t\t<\/div>\n\t\t\t\t<div class=\"elementor-element elementor-element-3b537019 elementor-widget elementor-widget-text-editor\" data-id=\"3b537019\" data-element_type=\"widget\" data-widget_type=\"text-editor.default\">\n\t\t\t\t<div class=\"elementor-widget-container\">\n\t\t\t\t\t\t\t\t\t<div class=\"service-details__lists wow fadeInUp\" data-wow-duration=\"1500ms\" data-wow-delay=\"100ms\"><ul class=\"service-details__list\"><li><i class=\"icon-check\"><\/i>KAL\u0130TE KONTROL<\/li><li><i class=\"icon-check\"><\/i>H\u0130JYEN Y\u00d6NET\u0130M\u0130<\/li><\/ul><p><!-- \/.service-details__list --><\/p><ul class=\"service-details__list\"><li><i class=\"icon-check\"><\/i>\u0130ZLENEB\u0130L\u0130RL\u0130K<\/li><li><i class=\"icon-check\"><\/i>\u00d6ZEL \u0130\u015eLEM<\/li><\/ul><p><!-- \/.service-details__list --><\/p><ul class=\"service-details__list\"><li><i class=\"icon-check\"><\/i>SO\u011eUK Z\u0130NC\u0130R LOJ\u0130ST\u0130\u011e\u0130<\/li><li><i class=\"icon-check\"><\/i>SERT\u0130F\u0130KALAR<\/li><\/ul><p><!-- \/.service-details__list --><\/p><\/div>\t\t\t\t\t\t\t\t<\/div>\n\t\t\t\t<\/div>\n\t\t<div class=\"elementor-element elementor-element-5033e28c e-flex e-con-boxed e-con e-child\" data-id=\"5033e28c\" data-element_type=\"container\">\n\t\t\t\t\t<div class=\"e-con-inner\">\n\t\t<div class=\"elementor-element elementor-element-5419b290 e-flex e-con-boxed e-con e-child\" data-id=\"5419b290\" data-element_type=\"container\">\n\t\t\t\t\t<div class=\"e-con-inner\">\n\t\t\t\t<div class=\"elementor-element elementor-element-2cd38a7c elementor-widget elementor-widget-image\" data-id=\"2cd38a7c\" data-element_type=\"widget\" data-widget_type=\"image.default\">\n\t\t\t\t<div class=\"elementor-widget-container\">\n\t\t\t\t\t\t\t\t\t\t\t\t\t\t\t<img decoding=\"async\" width=\"1000\" height=\"1000\" src=\"https:\/\/meat.danpolmeat.pl\/wp-content\/uploads\/2025\/05\/butchers-favourites-3.jpg\" class=\"attachment-full size-full wp-image-3813\" alt=\"\" srcset=\"https:\/\/meat.danpolmeat.pl\/wp-content\/uploads\/2025\/05\/butchers-favourites-3.jpg 1000w, https:\/\/meat.danpolmeat.pl\/wp-content\/uploads\/2025\/05\/butchers-favourites-3-300x300.jpg 300w, https:\/\/meat.danpolmeat.pl\/wp-content\/uploads\/2025\/05\/butchers-favourites-3-150x150.jpg 150w, https:\/\/meat.danpolmeat.pl\/wp-content\/uploads\/2025\/05\/butchers-favourites-3-768x768.jpg 768w, https:\/\/meat.danpolmeat.pl\/wp-content\/uploads\/2025\/05\/butchers-favourites-3-76x75.jpg 76w, https:\/\/meat.danpolmeat.pl\/wp-content\/uploads\/2025\/05\/butchers-favourites-3-70x70.jpg 70w, https:\/\/meat.danpolmeat.pl\/wp-content\/uploads\/2025\/05\/butchers-favourites-3-270x270.jpg 270w, https:\/\/meat.danpolmeat.pl\/wp-content\/uploads\/2025\/05\/butchers-favourites-3-570x570.jpg 570w, https:\/\/meat.danpolmeat.pl\/wp-content\/uploads\/2025\/05\/butchers-favourites-3-100x100.jpg 100w, https:\/\/meat.danpolmeat.pl\/wp-content\/uploads\/2025\/05\/butchers-favourites-3-460x460.jpg 460w\" sizes=\"(max-width: 1000px) 100vw, 1000px\" \/>\t\t\t\t\t\t\t\t\t\t\t\t\t\t\t<\/div>\n\t\t\t\t<\/div>\n\t\t\t\t\t<\/div>\n\t\t\t\t<\/div>\n\t\t<div class=\"elementor-element elementor-element-1f78f5d e-flex e-con-boxed e-con e-child\" data-id=\"1f78f5d\" data-element_type=\"container\">\n\t\t\t\t\t<div class=\"e-con-inner\">\n\t\t\t\t<div class=\"elementor-element elementor-element-8ec7abf elementor-widget elementor-widget-image\" data-id=\"8ec7abf\" data-element_type=\"widget\" data-widget_type=\"image.default\">\n\t\t\t\t<div class=\"elementor-widget-container\">\n\t\t\t\t\t\t\t\t\t\t\t\t\t\t\t<img decoding=\"async\" width=\"640\" height=\"640\" src=\"https:\/\/meat.danpolmeat.pl\/wp-content\/uploads\/2025\/05\/Danpol-ELEMENT-1-1024x1024.jpg\" class=\"attachment-large size-large wp-image-3816\" alt=\"\" srcset=\"https:\/\/meat.danpolmeat.pl\/wp-content\/uploads\/2025\/05\/Danpol-ELEMENT-1-1024x1024.jpg 1024w, https:\/\/meat.danpolmeat.pl\/wp-content\/uploads\/2025\/05\/Danpol-ELEMENT-1-300x300.jpg 300w, https:\/\/meat.danpolmeat.pl\/wp-content\/uploads\/2025\/05\/Danpol-ELEMENT-1-150x150.jpg 150w, https:\/\/meat.danpolmeat.pl\/wp-content\/uploads\/2025\/05\/Danpol-ELEMENT-1-768x768.jpg 768w, https:\/\/meat.danpolmeat.pl\/wp-content\/uploads\/2025\/05\/Danpol-ELEMENT-1-1536x1536.jpg 1536w, https:\/\/meat.danpolmeat.pl\/wp-content\/uploads\/2025\/05\/Danpol-ELEMENT-1-76x75.jpg 76w, https:\/\/meat.danpolmeat.pl\/wp-content\/uploads\/2025\/05\/Danpol-ELEMENT-1-70x70.jpg 70w, https:\/\/meat.danpolmeat.pl\/wp-content\/uploads\/2025\/05\/Danpol-ELEMENT-1-270x270.jpg 270w, https:\/\/meat.danpolmeat.pl\/wp-content\/uploads\/2025\/05\/Danpol-ELEMENT-1-570x570.jpg 570w, https:\/\/meat.danpolmeat.pl\/wp-content\/uploads\/2025\/05\/Danpol-ELEMENT-1-100x100.jpg 100w, https:\/\/meat.danpolmeat.pl\/wp-content\/uploads\/2025\/05\/Danpol-ELEMENT-1-460x460.jpg 460w, https:\/\/meat.danpolmeat.pl\/wp-content\/uploads\/2025\/05\/Danpol-ELEMENT-1.jpg 1965w\" sizes=\"(max-width: 640px) 100vw, 640px\" \/>\t\t\t\t\t\t\t\t\t\t\t\t\t\t\t<\/div>\n\t\t\t\t<\/div>\n\t\t\t\t\t<\/div>\n\t\t\t\t<\/div>\n\t\t\t\t\t<\/div>\n\t\t\t\t<\/div>\n\t\t\t\t<div class=\"elementor-element elementor-element-19a250d2 elementor-widget__width-initial elementor-widget elementor-widget-boskery-faq\" data-id=\"19a250d2\" data-element_type=\"widget\" data-widget_type=\"boskery-faq.default\">\n\t\t\t\t<div class=\"elementor-widget-container\">\n\t\t\t\t\t\r\n    <div class=\"service-details__faq\">\r\n        <h4 class=\"service-details__title service-details__faq__title\">SIK SORULAN SORULAR<\/h4><!-- \/.service-details__title -->\r\n        <div class=\"faq-accordion boskery-accordion\" data-grp-name=\"boskery-accordion69eb8770663d6\">\r\n                            <div class=\"accordion wow fadeInUp active\" data-wow-duration=\"1500ms\" data-wow-delay=\"00ms\">\r\n                    <div class=\"accordion-title\">\r\n                        <h4>Danpol Meat\u2019i farkl\u0131 k\u0131lan nedir?                            <span class=\"accordion-title__icon\"><\/span>\r\n                        <\/h4>\r\n                    <\/div><!-- \/.accordion-title -->\r\n\r\n                    <div class=\"accordion-content\">\r\n                        <div class=\"inner\">\r\n                            <div class=\"inner__bg\" style=\"background-image: url(https:\/\/bracketweb.com\/boskerywp\/wp-content\/uploads\/2024\/02\/faq-1-1.jpg);\">\r\n                            <\/div><!-- \/.inner__bg -->\r\n                            <p>\nDanpol Meat, kalite, hassasiyet ve m\u00fc\u015fteri memnuniyetine olan ba\u011fl\u0131l\u0131\u011f\u0131yla \u00f6ne \u00e7\u0131k\u0131yor. Hem perakende hem de end\u00fcstriyel m\u00fc\u015fteriler i\u00e7in \u00f6zel \u00e7\u00f6z\u00fcmler, geli\u015fmi\u015f i\u015fleme ve g\u00fcvenilir hizmet sunuyoruz. Deneyimli ekibimiz her sipari\u015fin sizin \u00f6zelliklerinizi kar\u015f\u0131lamas\u0131n\u0131 sa\u011flar.<\/p>\r\n                        <\/div><!-- \/.accordion-content -->\r\n                    <\/div>\r\n                <\/div><!-- \/.accordion-item -->\r\n                            <div class=\"accordion wow fadeInUp\" data-wow-duration=\"1500ms\" data-wow-delay=\"10ms\">\r\n                    <div class=\"accordion-title\">\r\n                        <h4>Kasaptan al\u0131nan et taze midir?                            <span class=\"accordion-title__icon\"><\/span>\r\n                        <\/h4>\r\n                    <\/div><!-- \/.accordion-title -->\r\n\r\n                    <div class=\"accordion-content\">\r\n                        <div class=\"inner\">\r\n                            <div class=\"inner__bg\" style=\"background-image: url(https:\/\/bracketweb.com\/boskerywp\/wp-content\/uploads\/2024\/02\/faq-1-1.jpg);\">\r\n                            <\/div><!-- \/.inner__bg -->\r\n                            <p>\nDanpol Meat&#039;te, et d\u00fckkanlar\u0131, perakendeciler ve g\u0131da hizmeti \u015firketleri de dahil olmak \u00fczere ortaklar\u0131m\u0131za, s\u0131k\u0131 kalite ve hijyen standartlar\u0131 alt\u0131nda i\u015flenen, paketlenen ve teslim edilen s\u0131\u011f\u0131r eti tedarik ediyoruz. Bir et d\u00fckkan\u0131ndaki etin tazeli\u011fi, ne kadar \u00e7abuk sat\u0131ld\u0131\u011f\u0131na ve teslimattan sonra ne kadar iyi sakland\u0131\u011f\u0131na ba\u011fl\u0131d\u0131r. T\u00fcm \u00fcr\u00fcnlerimizin tesisimizden en \u00fcst d\u00fczeyde tazelikte, tamamen korunan bir so\u011fuk zincir ve net izlenebilirlikle \u00e7\u0131kmas\u0131n\u0131 sa\u011fl\u0131yoruz. En iyi sonu\u00e7lar i\u00e7in, ortaklar\u0131m\u0131z\u0131n uygun depolama y\u00f6nergelerini izlemelerini ve son m\u00fc\u015fteri i\u00e7in tazeli\u011fi garantilemek \u00fczere \u00fcr\u00fcnleri \u00f6nerilen zaman dilimi i\u00e7inde satmalar\u0131n\u0131 \u00f6neriyoruz.<\/p>\r\n                        <\/div><!-- \/.accordion-content -->\r\n                    <\/div>\r\n                <\/div><!-- \/.accordion-item -->\r\n                            <div class=\"accordion wow fadeInUp\" data-wow-duration=\"1500ms\" data-wow-delay=\"20ms\">\r\n                    <div class=\"accordion-title\">\r\n                        <h4>Danpol Meat et d\u0131\u015f\u0131nda ba\u015fka \u00fcr\u00fcnler de sat\u0131yor mu?                            <span class=\"accordion-title__icon\"><\/span>\r\n                        <\/h4>\r\n                    <\/div><!-- \/.accordion-title -->\r\n\r\n                    <div class=\"accordion-content\">\r\n                        <div class=\"inner\">\r\n                            <div class=\"inner__bg\" style=\"background-image: url(https:\/\/bracketweb.com\/boskerywp\/wp-content\/uploads\/2024\/02\/faq-1-1.jpg);\">\r\n                            <\/div><!-- \/.inner__bg -->\r\n                            <p>\nDanpol Meat, y\u00fcksek kaliteli s\u0131\u011f\u0131r eti \u00fcr\u00fcnlerinde uzmanla\u015fm\u0131\u015ft\u0131r, ancak hindi ve tavuk \u00fcr\u00fcnleri de dahil olmak \u00fczere bir dizi daha fazla i\u015flenmi\u015f k\u00fcmes hayvan\u0131 \u00fcr\u00fcn\u00fc de sunuyoruz. Ayr\u0131ca m\u00fc\u015fterilerimiz i\u00e7in d\u00f6ner kebap ve di\u011fer katma de\u011ferli et \u00e7\u00f6z\u00fcmleri \u00fcretiyoruz. Odak noktam\u0131z, perakende, g\u0131da hizmeti ve end\u00fcstriyel ortaklar i\u00e7in g\u00fcvenli, y\u00fcksek kaliteli s\u0131\u011f\u0131r eti ve k\u00fcmes hayvan\u0131 se\u00e7enekleri sunmakt\u0131r.<\/p>\r\n                        <\/div><!-- \/.accordion-content -->\r\n                    <\/div>\r\n                <\/div><!-- \/.accordion-item -->\r\n                            <div class=\"accordion wow fadeInUp\" data-wow-duration=\"1500ms\" data-wow-delay=\"30ms\">\r\n                    <div class=\"accordion-title\">\r\n                        <h4>Danpol Meat Food Sp z oo&#039;da \u00f6zel kesim talebinde bulunabilir miyim?                            <span class=\"accordion-title__icon\"><\/span>\r\n                        <\/h4>\r\n                    <\/div><!-- \/.accordion-title -->\r\n\r\n                    <div class=\"accordion-content\">\r\n                        <div class=\"inner\">\r\n                            <div class=\"inner__bg\" style=\"background-image: url(https:\/\/bracketweb.com\/boskerywp\/wp-content\/uploads\/2024\/02\/faq-1-1.jpg);\">\r\n                            <\/div><!-- \/.inner__bg -->\r\n                            <p>\nEvet, Danpol Meat&#039;te, \u00f6zel gereksinimlerinizi kar\u015f\u0131lamak i\u00e7in \u00f6zel kesim hizmetleri sunuyoruz. Deneyimli ekibimiz, tercih etti\u011finiz boyutlara, kal\u0131nl\u0131\u011fa ve \u00f6zelliklere g\u00f6re s\u0131\u011f\u0131r eti, k\u00fcmes hayvan\u0131 ve d\u00f6ner \u00fcr\u00fcnlerini i\u015fleyebilir. Perakende, g\u0131da hizmeti veya end\u00fcstriyel kullan\u0131m olsun, her sipari\u015fin ihtiya\u00e7lar\u0131n\u0131 kar\u015f\u0131lad\u0131\u011f\u0131ndan emin olmak i\u00e7in m\u00fc\u015fterilerimizle yak\u0131n bir \u015fekilde \u00e7al\u0131\u015f\u0131yoruz. \u00d6zel kesim se\u00e7eneklerinizi g\u00f6r\u00fc\u015fmek i\u00e7in l\u00fctfen sat\u0131\u015f ekibimizle ileti\u015fime ge\u00e7in.<\/p>\r\n                        <\/div><!-- \/.accordion-content -->\r\n                    <\/div>\r\n                <\/div><!-- \/.accordion-item -->\r\n                    <\/div><!-- \/.faq-accordion -->\r\n    <\/div><!-- \/.service-details__faq -->\r\n\r\n\t\t\t\t<\/div>\n\t\t\t\t<\/div>\n\t\t\t\t<\/div>\n\t\t\t\t\t<\/div>\n\t\t\t\t<\/div>\n\t\t<div class=\"elementor-element elementor-element-83f0a4c e-con-full e-flex e-con e-parent\" data-id=\"83f0a4c\" data-element_type=\"container\">\n\t\t\t\t<div class=\"elementor-element elementor-element-e331957 elementor-widget elementor-widget-boskery-contact-form\" data-id=\"e331957\" data-element_type=\"widget\" data-widget_type=\"boskery-contact-form.default\">\n\t\t\t\t<div class=\"elementor-widget-container\">\n\t\t\t\t\t\t<section class=\"details-form details-form--service section-space-bottom\">\r\n\t\t<div class=\"details-form__bg\" style=\"background-image: url(https:\/\/bracketweb.com\/boskerywp\/wp-content\/uploads\/2024\/02\/service-details-form-bg.png);\"><\/div><!-- \/.details-form__bg -->\r\n\t\t<div class=\"container\">\r\n\t\t\t<div class=\"details-form__content\">\r\n\t\t\t\t<div class=\"sec-title @@extraClassName\">\r\n\t\t\t\t\t<h3 class=\"sec-title__title\">\u0130LET\u0130\u015e\u0130ME GE\u00c7\u0130N<\/h3>\t\t\t\t<\/div><!-- \/.sec-title -->\r\n\t\t\t\t<p class=\"details-form__text\">E-posta Adresiniz Yay\u0131nlanmayacak. Gerekli Alanlar * ile \u0130\u015faretlenmi\u015ftir<\/p>\t\t\t<\/div><!-- \/.details-form__content -->\r\n\t\t\t<div class=\"form-one details-form__form\">\r\n\t\t\t\t<div class=\"wpcf7 no-js\" id=\"wpcf7-f1712-o1\" lang=\"en-US\" dir=\"ltr\" data-wpcf7-id=\"1712\">\n<div class=\"screen-reader-response\"><p role=\"status\" aria-live=\"polite\" aria-atomic=\"true\"><\/p> <ul><\/ul><\/div>\n<form action=\"\/tr\/wp-json\/wp\/v2\/pages\/186#wpcf7-f1712-o1\" method=\"post\" class=\"wpcf7-form init\" aria-label=\"Contact form\" novalidate=\"novalidate\" data-status=\"init\" data-trp-original-action=\"\/tr\/wp-json\/wp\/v2\/pages\/186#wpcf7-f1712-o1\">\n<div style=\"display: none;\">\n<input type=\"hidden\" name=\"_wpcf7\" value=\"1712\" \/>\n<input type=\"hidden\" name=\"_wpcf7_version\" value=\"6.0.6\" \/>\n<input type=\"hidden\" name=\"_wpcf7_locale\" value=\"en_US\" \/>\n<input type=\"hidden\" name=\"_wpcf7_unit_tag\" value=\"wpcf7-f1712-o1\" \/>\n<input type=\"hidden\" name=\"_wpcf7_container_post\" value=\"0\" \/>\n<input type=\"hidden\" name=\"_wpcf7_posted_data_hash\" value=\"\" \/>\n<\/div>\n<div class=\"form-one__group form-one__group--grid\">\n    <div class=\"form-one__control wow fadeInUp\" data-wow-duration=\"1500ms\" data-wow-delay=\"00ms\">\n        <span class=\"wpcf7-form-control-wrap\" data-name=\"text-182\"><input size=\"40\" maxlength=\"400\" class=\"wpcf7-form-control wpcf7-text wpcf7-validates-as-required\" aria-required=\"true\" aria-invalid=\"false\" placeholder=\"Ad\u0131n\u0131z\" value=\"\" type=\"text\" name=\"text-182\" \/><\/span>\n    <\/div><!-- \/.form-one__control  -->\n    <div class=\"form-one__control wow fadeInUp\" data-wow-duration=\"1500ms\" data-wow-delay=\"50ms\">\n         <span class=\"wpcf7-form-control-wrap\" data-name=\"email-312\"><input size=\"40\" maxlength=\"400\" class=\"wpcf7-form-control wpcf7-email wpcf7-validates-as-required wpcf7-text wpcf7-validates-as-email\" aria-required=\"true\" aria-invalid=\"false\" placeholder=\"E-postan\u0131z\" value=\"\" type=\"email\" name=\"email-312\" \/><\/span>\n    <\/div><!-- \/.form-one__control -->\n    <div class=\"form-one__control form-one__control--full wow fadeInUp\" data-wow-duration=\"1500ms\" data-wow-delay=\"100ms\">\n         <span class=\"wpcf7-form-control-wrap\" data-name=\"textarea-276\"><textarea cols=\"40\" rows=\"10\" maxlength=\"2000\" class=\"wpcf7-form-control wpcf7-textarea wpcf7-validates-as-required\" aria-required=\"true\" aria-invalid=\"false\" placeholder=\"Mesaj Yaz\u0131n . . .\" name=\"textarea-276\"><\/textarea><\/span>\n    <\/div><!-- \/.form-one__control -->\n    <div class=\"form-one__control form-one__control--full wow fadeInUp\" data-wow-duration=\"1500ms\" data-wow-delay=\"150ms\">\n        <button type=\"submit\" class=\"boskery-btn\">\n            <span class=\"boskery-btn__hover\"><\/span>\n            <span class=\"boskery-btn__hover\"><\/span>\n            <span class=\"boskery-btn__hover\"><\/span>\n            <span class=\"boskery-btn__hover\"><\/span>\n            <span class=\"boskery-btn__hover\"><\/span>\n            <span class=\"boskery-btn__hover\"><\/span>\n            <span class=\"boskery-btn__text\">Mesaj g\u00f6nder<\/span>\n            <i class=\"icon-meat-3\"><\/i>\n        <\/button>\n    <\/div><!-- \/.form-one__control -->\n<\/div><!-- \/.form-one__group --><div class=\"wpcf7-response-output\" aria-hidden=\"true\"><\/div>\n<input type=\"hidden\" name=\"trp-form-language\" value=\"tr\"\/><\/form>\n<\/div>\t\t\t<\/div>\r\n\t\t<\/div><!-- \/.container -->\r\n\t<\/section><!-- \/.details-form section-space-bottom -->\r\n\t\t\t\t<\/div>\n\t\t\t\t<\/div>\n\t\t\t\t<\/div>\n\t\t\t\t<\/div>","protected":false},"excerpt":{"rendered":"<p>Custom Cutting Meat Preparation Meat Packaging Online Ordering Specialty Product CALL FOR DIRECT CUSTOMER SERVICE CALL FOR DELIVERY +92 (8800) 68900 SPECIALTY PRODUCT At Danpol Meat, we offer a selection of specialty products designed to meet unique customer needs. Our range includes premium beef cuts, further processed poultry items such as marinated or seasoned chicken [&hellip;]<\/p>","protected":false},"author":1,"featured_media":0,"parent":0,"menu_order":0,"comment_status":"closed","ping_status":"closed","template":"elementor_header_footer","meta":{"footnotes":""},"class_list":["post-186","page","type-page","status-publish","hentry"],"_links":{"self":[{"href":"https:\/\/meat.danpolmeat.pl\/tr\/wp-json\/wp\/v2\/pages\/186","targetHints":{"allow":["GET"]}}],"collection":[{"href":"https:\/\/meat.danpolmeat.pl\/tr\/wp-json\/wp\/v2\/pages"}],"about":[{"href":"https:\/\/meat.danpolmeat.pl\/tr\/wp-json\/wp\/v2\/types\/page"}],"author":[{"embeddable":true,"href":"https:\/\/meat.danpolmeat.pl\/tr\/wp-json\/wp\/v2\/users\/1"}],"replies":[{"embeddable":true,"href":"https:\/\/meat.danpolmeat.pl\/tr\/wp-json\/wp\/v2\/comments?post=186"}],"version-history":[{"count":7,"href":"https:\/\/meat.danpolmeat.pl\/tr\/wp-json\/wp\/v2\/pages\/186\/revisions"}],"predecessor-version":[{"id":3819,"href":"https:\/\/meat.danpolmeat.pl\/tr\/wp-json\/wp\/v2\/pages\/186\/revisions\/3819"}],"wp:attachment":[{"href":"https:\/\/meat.danpolmeat.pl\/tr\/wp-json\/wp\/v2\/media?parent=186"}],"curies":[{"name":"wp","href":"https:\/\/api.w.org\/{rel}","templated":true}]}}