{"id":177,"date":"2024-02-01T02:30:12","date_gmt":"2024-02-01T02:30:12","guid":{"rendered":"http:\/\/boskery-demo.local\/?page_id=177"},"modified":"2025-05-29T16:35:39","modified_gmt":"2025-05-29T16:35:39","slug":"hakkimizda","status":"publish","type":"page","link":"https:\/\/meat.danpolmeat.pl\/tr\/hakkimizda\/","title":{"rendered":"Hakk\u0131m\u0131zda"},"content":{"rendered":"<div data-elementor-type=\"wp-page\" data-elementor-id=\"177\" class=\"elementor elementor-177\">\n\t\t\t\t<div class=\"elementor-element elementor-element-796a598 e-con-full e-flex e-con e-parent\" data-id=\"796a598\" data-element_type=\"container\">\n\t\t\t\t<div class=\"elementor-element elementor-element-e4684c2 elementor-widget elementor-widget-boskery-about\" data-id=\"e4684c2\" data-element_type=\"widget\" data-widget_type=\"boskery-about.default\">\n\t\t\t\t<div class=\"elementor-widget-container\">\n\t\t\t\t\t\r\n    <section class=\"about-three section-space\">\r\n        <div class=\"container\">\r\n            <div class=\"row gutter-y-60\">\r\n                <div class=\"col-lg-6 wow fadeInLeft\" data-wow-duration=\"1500ms\">\r\n                    <div class=\"about-three__image\">\r\n                        <img decoding=\"async\" src=\"https:\/\/meat.danpolmeat.pl\/wp-content\/uploads\/2025\/05\/about-1.jpg\" alt=\"Ekip \u00e7al\u0131\u015fmas\u0131 kasap so\u011fuk depoda as\u0131l\u0131 \u00e7i\u011f etleri kesiyor. Kesimhanede kancaya as\u0131lan ve kesilen s\u0131\u011f\u0131rlar, Et end\u00fcstrisi, Wagyu S\u0131\u011f\u0131r\u0131\" title=\"Ekip \u00e7al\u0131\u015fmas\u0131 kasap so\u011fuk hava deposunda as\u0131l\u0131 duran \u00e7i\u011f etleri kesiyor.\" class=\"about-three__image__one\" >                        <div class=\"about-three__image__inner\">\r\n                            <img decoding=\"async\" src=\"https:\/\/meat.danpolmeat.pl\/wp-content\/uploads\/2024\/02\/about-3-2.jpg\" alt=\"yakla\u015f\u0131k-3-2\" title=\"yakla\u015f\u0131k-3-2\" class=\"about-three__image__two\" >                        <\/div><!-- \/.about-three__image__inner -->\r\n                        <div class=\"about-three__experience\">\r\n                            <div class=\"about-three__experience__bg\" style=\"background-image: url(https:\/\/bracketweb.com\/boskerywp\/wp-content\/uploads\/2024\/02\/about-shape-3-1.png);\"><\/div>\r\n                            <!-- \/.about-three__experience__bg -->\r\n                            <div class=\"about-three__experience__content\">\r\n                                <div class=\"about-three__experience__text\">\r\n                                    <h4 class=\"about-three__experience__title\">Y\u0131llar\u0131n <br>  deneyim<\/h4><!-- \/.about-three__experience__title -->\r\n                                <\/div><!-- \/.about-three__experience__text -->\r\n                                <h4 class=\"about-three__experience__year\">5+<\/h4><!-- \/.about-three__experience__year -->\r\n                            <\/div><!-- \/.about-three__experience__content -->\r\n                        <\/div><!-- \/.about-three__experience -->\r\n                    <\/div><!-- \/.about-three__image -->\r\n                <\/div><!-- \/.col-lg-6 -->\r\n                <div class=\"col-lg-6 wow fadeInRight\" data-wow-duration=\"1500ms\">\r\n                    <div class=\"about-three__content\">\r\n                        <div class=\"sec-title @@extraClassName\">\r\n\r\n                            <img decoding=\"async\" src=\"https:\/\/meat.danpolmeat.pl\/wp-content\/uploads\/2025\/05\/loader-1-95x95-1.png\" alt=\"y\u00fckleyici-1-95x95\" title=\"y\u00fckleyici-1-95\u00d795\" class=\"sec-title__img\" >\r\n                            <h4 class=\"sec-title__tagline\">Danpol et G\u0131da Sp z oo hakk\u0131nda<\/h4><h4 class=\"sec-title__title\">Taze Kesimler Kasab\u0131 <br> \u015eehirde al\u0131\u015fveri\u015f yap\u0131n<\/h4>                        <\/div><!-- \/.sec-title -->\r\n\r\n                        <p class=\"about-three__text\">Danpol Meat Food, 2020 y\u0131l\u0131nda kurulmu\u015f, g\u0131da \u00fcretimine y\u00f6nelik yenilik\u00e7i yakla\u015f\u0131m\u0131yla en ba\u015f\u0131ndan beri \u00f6ne \u00e7\u0131kan bir \u015firkettir. D\u00f6ner \u00fcretiminin yan\u0131 s\u0131ra et unsurlar\u0131n\u0131n kapsaml\u0131 i\u015flenmesi ve paketlenmesinde uzmanla\u015f\u0131yoruz. Modern tesisimiz, yaln\u0131zca geleneksel d\u00f6ner \u00fcretmemizi de\u011fil, ayn\u0131 zamanda y\u00fcksek kaliteli k\u0131rm\u0131z\u0131 et, k\u00fcmes hayvan\u0131 ve hindi \u00fcr\u00fcnlerini uzmanca kesmemizi, porsiyonlamam\u0131z\u0131 ve paketlememizi de sa\u011fl\u0131yor. T\u00fcm s\u00fcre\u00e7lerimiz kalite ve g\u0131da g\u00fcvenli\u011fi standartlar\u0131na azami dikkat g\u00f6sterilerek y\u00fcr\u00fct\u00fclmektedir. \u0130leri teknoloji ve deneyimli bir ekip sayesinde \u00fcr\u00fcnlerimiz hem yurt i\u00e7inde hem de yurt d\u0131\u015f\u0131nda m\u00fc\u015fterilere ula\u015farak tazelik, lezzet ve g\u00fcvenli\u011fi garanti eder. Danpol Meat Food, modernlik, g\u00fcvenilirlik ve en iyi et \u00fcr\u00fcnlerini yaratma tutkusuyla e\u015f anlaml\u0131d\u0131r. \u00dcretimin her a\u015famas\u0131 dikkatlice kontrol edilir ve \u00f6nceli\u011fimiz m\u00fc\u015fteri memnuniyeti ve g\u00fcvenidir. G\u00fcc\u00fcm\u00fcz\u00fc s\u00fcrekli geli\u015fimden ve m\u00fckemmelli\u011fe olan ba\u011fl\u0131l\u0131\u011f\u0131m\u0131zdan al\u0131yor, gelenek, kalite ve yenili\u011fi birle\u015ftiren \u00fcr\u00fcnler sunuyoruz.<\/p>                        <div class=\"about-three__info\">\r\n                                                            <div class=\"about-three__info__inner\">\r\n                                    <div class=\"about-three__info__icon\">\r\n                                        <span aria-hidden=\"true\" class=\"icon-healthcare-1\"><\/span>                                    <\/div><!-- \/.about-three__info__icon -->\r\n                                    <div class=\"about-three__info__content\">\r\n                                        <h4 class=\"about-three__info__title\">Sa\u011fl\u0131k ve G\u00fcvenlik<\/h4>\r\n                                        <!-- \/.about-three__info__title -->\r\n                                    <\/div><!-- \/.about-three__info__content -->\r\n                                <\/div><!-- \/.about-three__info__inner -->\r\n                                                            <div class=\"about-three__info__inner\">\r\n                                    <div class=\"about-three__info__icon\">\r\n                                        <span aria-hidden=\"true\" class=\"icon-meat\"><\/span>                                    <\/div><!-- \/.about-three__info__icon -->\r\n                                    <div class=\"about-three__info__content\">\r\n                                        <h4 class=\"about-three__info__title\">100% Taze \u00dcr\u00fcnler<\/h4>\r\n                                        <!-- \/.about-three__info__title -->\r\n                                    <\/div><!-- \/.about-three__info__content -->\r\n                                <\/div><!-- \/.about-three__info__inner -->\r\n                                                    <\/div><!-- \/.about-three__info -->\r\n                        <div class=\"progress-box\">\r\n                            <h4 class=\"progress-box__title\">Etin Kalitesi<\/h4>\r\n                            <div class=\"progress-box__bar\">\r\n                                <div class=\"progress-box__bar__inner count-bar\" data-percent=\"95%\">\r\n                                    <div class=\"progress-box__number count-text\">95%<\/div>\r\n                                <\/div>\r\n                            <\/div><!-- \/.progress-box__inner -->\r\n                        <\/div><!-- \/.progress-box -->\r\n                        <div class=\"about-three__bottom\">\r\n                                                            <a href=\"https:\/\/danpolmeat.pl\/?page_id=261\"  class=\"boskery-btn\">\r\n                                    <span class=\"boskery-btn__hover\"><\/span>\r\n                                    <span class=\"boskery-btn__hover\"><\/span>\r\n                                    <span class=\"boskery-btn__hover\"><\/span>\r\n                                    <span class=\"boskery-btn__hover\"><\/span>\r\n                                    <span class=\"boskery-btn__hover\"><\/span>\r\n                                    <span class=\"boskery-btn__hover\"><\/span>\r\n                                    <span class=\"boskery-btn__text\">Bize Ula\u015f\u0131n<\/span>\r\n                                    <i aria-hidden=\"true\" class=\"icon-meat-3\"><\/i>                                <\/a><!-- \/.boskery-btn -->\r\n                                                        <div class=\"about-three__profile\">\r\n                                <div class=\"about-three__profile__left\">\r\n                                    <img decoding=\"async\" src=\"https:\/\/meat.danpolmeat.pl\/wp-content\/uploads\/2024\/02\/Danpol-deneme-logo-3-buyuk.png\" alt=\"Danpol-deneme-logo-3-buyuk\" title=\"Danpol-deneme-logo-3-buyuk\" class=\"about-three__profile__image\" >                                    <div class=\"about-three__profile__info\">\r\n                                        <span class=\"about-three__profile__designation\"> m\u00fcd\u00fcr<\/span>\r\n                                        <!-- \/.about-three__profile__designation -->\r\n                                        <h5 class=\"about-three__profile__name\"> Mithat \u00d6zdemir<\/h5>\r\n\r\n                                        <!-- \/.about-three__profile__name -->\r\n                                    <\/div><!-- \/.about-three__profile__info -->\r\n                                <\/div><!-- \/.about-three__profile__left -->\r\n                                <div class=\"about-three__profile__right\">\r\n                                    <img decoding=\"async\" src=\"https:\/\/meat.danpolmeat.pl\/wp-content\/uploads\/2024\/02\/about-director-sign-3-1.png\" alt=\"hakk\u0131nda-y\u00f6netmen-i\u015fareti-3-1\" title=\"hakk\u0131nda-y\u00f6netmen-i\u015fareti-3-1\" >                                <\/div><!-- \/.about-three__profile__right -->\r\n                            <\/div><!-- \/.about-three__profile -->\r\n                        <\/div><!-- \/.about-three__bottom -->\r\n                    <\/div><!-- \/.about-three__content -->\r\n                <\/div><!-- \/.col-lg-6 -->\r\n            <\/div><!-- \/.row -->\r\n        <\/div><!-- \/.container -->\r\n        <div class=\"about-three__shape\">\r\n            <img decoding=\"async\" src=\"https:\/\/meat.danpolmeat.pl\/wp-content\/uploads\/2024\/02\/about-shape-3-2.png\" alt=\"yakla\u015f\u0131k-\u015fekil-3-2\" title=\"yakla\u015f\u0131k-\u015fekil-3-2\" class=\"about-three__shape-one\" >            <div class=\"about-three__shape__image wow fadeInLeft\" data-wow-duration=\"1500ms\">\r\n                <img decoding=\"async\" src=\"https:\/\/meat.danpolmeat.pl\/wp-content\/uploads\/2024\/02\/about-shape-3-3.png\" alt=\"hakk\u0131nda-\u015fekil-3-3\" title=\"hakk\u0131nda-\u015fekil-3-3\" >            <\/div><!-- \/.about-three__shape__image -->\r\n        <\/div><!-- \/.about-three__shape -->\r\n    <\/section><!-- \/.about-three section-space -->\r\n\r\n\t\t\t\t<\/div>\n\t\t\t\t<\/div>\n\t\t\t\t<\/div>\n\t\t<div class=\"elementor-element elementor-element-41ed6795 e-con-full e-flex e-con e-parent\" data-id=\"41ed6795\" data-element_type=\"container\">\n\t\t\t\t<div class=\"elementor-element elementor-element-54c6522 elementor-widget elementor-widget-image\" data-id=\"54c6522\" data-element_type=\"widget\" data-widget_type=\"image.default\">\n\t\t\t\t<div class=\"elementor-widget-container\">\n\t\t\t\t\t\t\t\t\t\t\t\t\t\t\t<img fetchpriority=\"high\" decoding=\"async\" width=\"1536\" height=\"714\" src=\"https:\/\/meat.danpolmeat.pl\/wp-content\/uploads\/2025\/05\/beef-product-manufacture-process-infographic-from-farm-cow-to-market-meat-food-production-and-distribution-sausage-factory-line-set-vector-1536x714.jpg\" class=\"attachment-1536x1536 size-1536x1536 wp-image-3440\" alt=\"\" srcset=\"https:\/\/meat.danpolmeat.pl\/wp-content\/uploads\/2025\/05\/beef-product-manufacture-process-infographic-from-farm-cow-to-market-meat-food-production-and-distribution-sausage-factory-line-set-vector-1536x714.jpg 1536w, https:\/\/meat.danpolmeat.pl\/wp-content\/uploads\/2025\/05\/beef-product-manufacture-process-infographic-from-farm-cow-to-market-meat-food-production-and-distribution-sausage-factory-line-set-vector-300x140.jpg 300w, https:\/\/meat.danpolmeat.pl\/wp-content\/uploads\/2025\/05\/beef-product-manufacture-process-infographic-from-farm-cow-to-market-meat-food-production-and-distribution-sausage-factory-line-set-vector-1024x476.jpg 1024w, https:\/\/meat.danpolmeat.pl\/wp-content\/uploads\/2025\/05\/beef-product-manufacture-process-infographic-from-farm-cow-to-market-meat-food-production-and-distribution-sausage-factory-line-set-vector-768x357.jpg 768w, https:\/\/meat.danpolmeat.pl\/wp-content\/uploads\/2025\/05\/beef-product-manufacture-process-infographic-from-farm-cow-to-market-meat-food-production-and-distribution-sausage-factory-line-set-vector-570x265.jpg 570w, https:\/\/meat.danpolmeat.pl\/wp-content\/uploads\/2025\/05\/beef-product-manufacture-process-infographic-from-farm-cow-to-market-meat-food-production-and-distribution-sausage-factory-line-set-vector.jpg 1920w\" sizes=\"(max-width: 1536px) 100vw, 1536px\" \/>\t\t\t\t\t\t\t\t\t\t\t\t\t\t\t<\/div>\n\t\t\t\t<\/div>\n\t\t\t\t<\/div>\n\t\t<div class=\"elementor-element elementor-element-0933154 e-con-full e-flex e-con e-parent\" data-id=\"0933154\" data-element_type=\"container\">\n\t\t\t\t<div class=\"elementor-element elementor-element-091b8dd elementor-widget elementor-widget-boskery-about\" data-id=\"091b8dd\" data-element_type=\"widget\" data-widget_type=\"boskery-about.default\">\n\t\t\t\t<div class=\"elementor-widget-container\">\n\t\t\t\t\t\r\n\t<section class=\"delivery-one section-space\">\r\n\t\t<div class=\"container\">\r\n\t\t\t<div class=\"row gutter-y-60\">\r\n\t\t\t\t<div class=\"col-lg-6 wow fadeInLeft\" data-wow-duration=\"1500ms\">\r\n\t\t\t\t\t<div class=\"delivery-one__content\">\r\n\t\t\t\t\t\t<div class=\"sec-title\">\r\n\t\t\t\t\t\t\t<img decoding=\"async\" src=\"https:\/\/meat.danpolmeat.pl\/wp-content\/uploads\/2025\/05\/loader-1-95x95-1.png\" alt=\"y\u00fckleyici-1-95x95\" title=\"y\u00fckleyici-1-95\u00d795\" class=\"sec-title__img\" >\t\t\t\t\t\t\t<h5 class=\"sec-title__tagline\">TESL\u0130MAT H\u0130ZMET\u0130<\/h5><h2 class=\"sec-title__title\">Ekspres teslimat <br> kap\u0131n\u0131z\u0131n e\u015fi\u011fi<\/h2>\t\t\t\t\t\t<\/div><!-- \/.sec-title -->\r\n\t\t\t\t\t\t<p class=\"delivery-one__text\">Danpol&#039;\u00fcn profesyonel lojistik a\u011f\u0131 sayesinde sipari\u015fleriniz en h\u0131zl\u0131 ve g\u00fcvenli \u015fekilde adresinize teslim edilir. So\u011fuk zincir standartlar\u0131na tam uyum sa\u011flayarak \u00fcr\u00fcnlerimizin tazeli\u011fini ve kalitesini her zaman koruruz. Zaman\u0131nda ve sorunsuz teslimat i\u00e7in Danpol&#039;e g\u00fcvenebilirsiniz.<\/p>\t\t\t\t\t\t<div class=\"delivery-one__bottom\">\r\n\t\t\t\t\t\t\t\t\t\t\t\t\t\t\t<a href=\"https:\/\/meat.danpolmeat.pl\/tr\/?page_id=261\"  class=\"boskery-btn\">\r\n\t\t\t\t\t\t\t\t\t<span class=\"boskery-btn__hover\"><\/span>\r\n\t\t\t\t\t\t\t\t\t<span class=\"boskery-btn__hover\"><\/span>\r\n\t\t\t\t\t\t\t\t\t<span class=\"boskery-btn__hover\"><\/span>\r\n\t\t\t\t\t\t\t\t\t<span class=\"boskery-btn__hover\"><\/span>\r\n\t\t\t\t\t\t\t\t\t<span class=\"boskery-btn__hover\"><\/span>\r\n\t\t\t\t\t\t\t\t\t<span class=\"boskery-btn__hover\"><\/span>\r\n\t\t\t\t\t\t\t\t\t<span class=\"boskery-btn__text\">Bizimle ileti\u015fime ge\u00e7in<\/span>\r\n\t\t\t\t\t\t\t\t\t<i aria-hidden=\"true\" class=\"icon-meat-3\"><\/i>\t\t\t\t\t\t\t\t<\/a><!-- \/.boskery-btn -->\r\n\t\t\t\t\t\t\t\t\t\t\t\t\t\t<div class=\"contact__info\">\r\n\t\t\t\t\t\t\t\t<div class=\"contact__info__inner\">\r\n\t\t\t\t\t\t\t\t\t<div class=\"contact__info__icon\">\r\n\t\t\t\t\t\t\t\t\t\t<span aria-hidden=\"true\" class=\"icon-telephone\"><\/span>\t\t\t\t\t\t\t\t\t<\/div><!-- \/.contact__info__icon -->\r\n\t\t\t\t\t\t\t\t\t<div class=\"contact__info__right\">\r\n\t\t\t\t\t\t\t\t\t\t<h4 class=\"contact__info__title\">Teslimat \u00c7a\u011fr\u0131s\u0131<\/h4>\r\n\t\t\t\t\t\t\t\t\t\t<!-- \/.contact__info__title -->\r\n\t\t\t\t\t\t\t\t\t\t<a href=\"tel:+48-606-563-991\" class=\"contact__info__number\">+48-606-563-991<\/a><!-- \/.contact__info__number -->\r\n\t\t\t\t\t\t\t\t\t\t<!-- \/.contact__info__number -->\r\n\t\t\t\t\t\t\t\t\t<\/div><!-- \/.contact__info__right -->\r\n\t\t\t\t\t\t\t\t<\/div><!-- \/.contact__info__inner -->\r\n\t\t\t\t\t\t\t<\/div><!-- \/.contact__info -->\r\n\t\t\t\t\t\t<\/div><!-- \/.delivery-one__bottom -->\r\n\t\t\t\t\t<\/div><!-- \/.delivery-one__content -->\r\n\t\t\t\t<\/div><!-- \/.col-lg-6 -->\r\n\t\t\t\t<div class=\"col-lg-6 wow fadeInRight\" data-wow-duration=\"1500ms\">\r\n\t\t\t\t\t<div class=\"delivery-one__image\">\r\n\t\t\t\t\t\t<div class=\"delivery-one__image__inner-one\">\r\n\t\t\t\t\t\t\t<img decoding=\"async\" src=\"https:\/\/meat.danpolmeat.pl\/wp-content\/uploads\/2024\/02\/delivery-1-1.png\" alt=\"teslimat-1-1\" title=\"teslimat-1-1\" class=\"delivery-one__image__one\" >\t\t\t\t\t\t\t<div class=\"delivery-one__image__bg\">\r\n\t\t\t\t\t\t\t\t<div class=\"delivery-one__image__bg__inner\" style=\"background-image: url(https:\/\/meat.danpolmeat.pl\/wp-content\/plugins\/elementor\/assets\/images\/placeholder.png);\"><\/div>\r\n\t\t\t\t\t\t\t\t<!-- \/.delivery-one__image__bg__inner -->\r\n\t\t\t\t\t\t\t<\/div><!-- \/.delivery-one__image__bg -->\r\n\t\t\t\t\t\t\t<div class=\"delivery-one__circle-text\">\r\n\t\t\t\t\t\t\t\t<div class=\"delivery-one__circle-text__bg\"><\/div>\r\n\t\t\t\t\t\t\t\t<div class=\"delivery-one__circle-text__plus\"><\/div>\r\n\t\t\t\t\t\t\t\t<!-- \/.delivery-one__circle-text__plus -->\r\n\t\t\t\t\t\t\t\t<div class=\"delivery-one__curved-circle curved-circle\">\r\n\t\t\t\t\t\t\t\t\t<!-- curved-circle start-->\r\n\t\t\t\t\t\t\t\t\t<div class=\"delivery-one__curved-circle__item curved-circle__item\" data-circle-text-options='{                             \"radius\": 87,                             \"forceWidth\": true,                             \"forceHeight\": true}'>\r\n\t\t\t\t\t\t\t\t\t\tdo\u011fal organik et do\u011fal organik\t\t\t\t\t\t\t\t\t<\/div>\r\n\t\t\t\t\t\t\t\t<\/div><!-- curved-circle end-->\r\n\t\t\t\t\t\t\t<\/div><!-- \/.delivery-one__circle-text -->\r\n\t\t\t\t\t\t<\/div><!-- \/.delivery-one__image__inner-one -->\r\n\t\t\t\t\t\t<div class=\"delivery-one__image__inner-two\">\r\n\t\t\t\t\t\t\t<img decoding=\"async\" src=\"https:\/\/meat.danpolmeat.pl\/wp-content\/uploads\/2025\/05\/14cd9f96e8e183df-6642-1.jpg\" alt=\"14cd9f96e8e183df-6642-1\" title=\"14cd9f96e8e183df-6642-1\" class=\"delivery-one__image__two\" >\t\t\t\t\t\t\t<div class=\"delivery-one__image__box\"><\/div><!-- \/.delivery-one__image__box -->\r\n\t\t\t\t\t\t<\/div><!-- \/.delivery-one__image__inner-two -->\r\n\t\t\t\t\t<\/div><!-- \/.delivery-one__image -->\r\n\t\t\t\t<\/div><!-- \/.col-lg-6 -->\r\n\t\t\t<\/div><!-- \/.row -->\r\n\t\t<\/div><!-- \/.container -->\r\n\t\t<div class=\"delivery-one__shape wow fadeInLeft\" data-wow-duration=\"1500ms\">\r\n\t\t\t<img decoding=\"async\" src=\"https:\/\/meat.danpolmeat.pl\/wp-content\/uploads\/2024\/02\/delivery-shape-1-1.png\" alt=\"teslimat \u015fekli-1-1\" title=\"teslimat \u015fekli-1-1\" >\t\t<\/div><!-- \/.elivery-one__shape -->\r\n\t<\/section><!-- \/.delivery-one section-space -->\r\n\t\t\t\t<\/div>\n\t\t\t\t<\/div>\n\t\t\t\t<\/div>\n\t\t<div class=\"elementor-element elementor-element-9d0a771 e-con-full e-flex e-con e-parent\" data-id=\"9d0a771\" data-element_type=\"container\">\n\t\t\t\t<\/div>\n\t\t<div class=\"elementor-element elementor-element-5abf1c4e e-con-full e-flex e-con e-parent\" data-id=\"5abf1c4e\" data-element_type=\"container\">\n\t\t\t\t<\/div>\n\t\t\t\t<\/div>","protected":false},"excerpt":{"rendered":"<p>years of experience 5+ about Danpol meat Food Sp z o.o. Fresh Cuts Butcher Shop in city Danpol Meat Food is a company established in 2020, distinguished from the very beginning by its innovative approach to food production. We specialize in d\u00f6ner production as well as the comprehensive processing and packaging of meat elements. Our [&hellip;]<\/p>","protected":false},"author":1,"featured_media":0,"parent":0,"menu_order":0,"comment_status":"closed","ping_status":"closed","template":"elementor_header_footer","meta":{"footnotes":""},"class_list":["post-177","page","type-page","status-publish","hentry"],"_links":{"self":[{"href":"https:\/\/meat.danpolmeat.pl\/tr\/wp-json\/wp\/v2\/pages\/177","targetHints":{"allow":["GET"]}}],"collection":[{"href":"https:\/\/meat.danpolmeat.pl\/tr\/wp-json\/wp\/v2\/pages"}],"about":[{"href":"https:\/\/meat.danpolmeat.pl\/tr\/wp-json\/wp\/v2\/types\/page"}],"author":[{"embeddable":true,"href":"https:\/\/meat.danpolmeat.pl\/tr\/wp-json\/wp\/v2\/users\/1"}],"replies":[{"embeddable":true,"href":"https:\/\/meat.danpolmeat.pl\/tr\/wp-json\/wp\/v2\/comments?post=177"}],"version-history":[{"count":26,"href":"https:\/\/meat.danpolmeat.pl\/tr\/wp-json\/wp\/v2\/pages\/177\/revisions"}],"predecessor-version":[{"id":4034,"href":"https:\/\/meat.danpolmeat.pl\/tr\/wp-json\/wp\/v2\/pages\/177\/revisions\/4034"}],"wp:attachment":[{"href":"https:\/\/meat.danpolmeat.pl\/tr\/wp-json\/wp\/v2\/media?parent=177"}],"curies":[{"name":"wp","href":"https:\/\/api.w.org\/{rel}","templated":true}]}}