{"id":3532,"date":"2025-05-28T20:02:52","date_gmt":"2025-05-28T20:02:52","guid":{"rendered":"https:\/\/meat.danpolmeat.pl\/?post_type=product&#038;p=3532"},"modified":"2025-05-28T20:04:28","modified_gmt":"2025-05-28T20:04:28","slug":"shank-shin-and-foreshank-bone-in","status":"publish","type":"product","link":"https:\/\/meat.danpolmeat.pl\/sv\/product\/shank-shin-and-foreshank-bone-in\/","title":{"rendered":"L\u00e4gg, smalben och f\u00f6rben med ben"},"content":{"rendered":"<p>L\u00e4gg, smalben och f\u00f6rben med ben<\/p>\n<p>This product includes bone-in shin and foreshank pieces obtained from the forequarter or hindquarter. The forelimb is prepared by separating it from the sternum, including the M. triceps brachii and M. biceps brachii muscles, and contains the humerus, radius, and ulna bones. The hind leg is separated by a cut through the knee joint, removing the tibia and tarsal bones, along with the surrounding flexor and extensor muscle groups.<\/p>\n<p>Note:<br \/>\n\u2013 The olecranon process and elbow joint are removed at the meat level.<br \/>\n\u2013 The ankle joint and knee tendons are removed at the meat level from the hindquarter.<\/p>","protected":false},"excerpt":{"rendered":"<p>Shank, Shin and Foreshank Bone-in This product includes bone-in shin and foreshank pieces obtained from the forequarter or hindquarter. The forelimb is prepared by separating it from the sternum, including the M. triceps brachii and M. biceps brachii muscles, and contains the humerus, radius, and ulna bones. The hind leg is separated by a cut [&hellip;]<\/p>","protected":false},"featured_media":3535,"comment_status":"open","ping_status":"closed","template":"","meta":[],"product_brand":[],"product_cat":[29,46],"product_tag":[],"class_list":{"0":"post-3532","1":"product","2":"type-product","3":"status-publish","4":"has-post-thumbnail","6":"product_cat-beaf-meat","7":"product_cat-bone-in-elements","9":"first","10":"instock","11":"shipping-taxable","12":"product-type-simple"},"_links":{"self":[{"href":"https:\/\/meat.danpolmeat.pl\/sv\/wp-json\/wp\/v2\/product\/3532","targetHints":{"allow":["GET"]}}],"collection":[{"href":"https:\/\/meat.danpolmeat.pl\/sv\/wp-json\/wp\/v2\/product"}],"about":[{"href":"https:\/\/meat.danpolmeat.pl\/sv\/wp-json\/wp\/v2\/types\/product"}],"replies":[{"embeddable":true,"href":"https:\/\/meat.danpolmeat.pl\/sv\/wp-json\/wp\/v2\/comments?post=3532"}],"wp:featuredmedia":[{"embeddable":true,"href":"https:\/\/meat.danpolmeat.pl\/sv\/wp-json\/wp\/v2\/media\/3535"}],"wp:attachment":[{"href":"https:\/\/meat.danpolmeat.pl\/sv\/wp-json\/wp\/v2\/media?parent=3532"}],"wp:term":[{"taxonomy":"product_brand","embeddable":true,"href":"https:\/\/meat.danpolmeat.pl\/sv\/wp-json\/wp\/v2\/product_brand?post=3532"},{"taxonomy":"product_cat","embeddable":true,"href":"https:\/\/meat.danpolmeat.pl\/sv\/wp-json\/wp\/v2\/product_cat?post=3532"},{"taxonomy":"product_tag","embeddable":true,"href":"https:\/\/meat.danpolmeat.pl\/sv\/wp-json\/wp\/v2\/product_tag?post=3532"}],"curies":[{"name":"wp","href":"https:\/\/api.w.org\/{rel}","templated":true}]}}