{"id":3904,"date":"2025-05-29T12:33:01","date_gmt":"2025-05-29T12:33:01","guid":{"rendered":"https:\/\/meat.danpolmeat.pl\/?post_type=product&#038;p=3904"},"modified":"2025-05-29T12:33:42","modified_gmt":"2025-05-29T12:33:42","slug":"chicken-gizzards","status":"publish","type":"product","link":"https:\/\/meat.danpolmeat.pl\/pl\/product\/chicken-gizzards\/","title":{"rendered":"\u017bo\u0142\u0105dki kurczaka"},"content":{"rendered":"","protected":false},"excerpt":{"rendered":"","protected":false},"featured_media":3905,"comment_status":"open","ping_status":"closed","template":"","meta":[],"product_brand":[],"product_cat":[37],"product_tag":[],"class_list":{"0":"post-3904","1":"product","2":"type-product","3":"status-publish","4":"has-post-thumbnail","6":"product_cat-chicken-meat","8":"first","9":"instock","10":"shipping-taxable","11":"product-type-simple"},"_links":{"self":[{"href":"https:\/\/meat.danpolmeat.pl\/pl\/wp-json\/wp\/v2\/product\/3904","targetHints":{"allow":["GET"]}}],"collection":[{"href":"https:\/\/meat.danpolmeat.pl\/pl\/wp-json\/wp\/v2\/product"}],"about":[{"href":"https:\/\/meat.danpolmeat.pl\/pl\/wp-json\/wp\/v2\/types\/product"}],"replies":[{"embeddable":true,"href":"https:\/\/meat.danpolmeat.pl\/pl\/wp-json\/wp\/v2\/comments?post=3904"}],"wp:featuredmedia":[{"embeddable":true,"href":"https:\/\/meat.danpolmeat.pl\/pl\/wp-json\/wp\/v2\/media\/3905"}],"wp:attachment":[{"href":"https:\/\/meat.danpolmeat.pl\/pl\/wp-json\/wp\/v2\/media?parent=3904"}],"wp:term":[{"taxonomy":"product_brand","embeddable":true,"href":"https:\/\/meat.danpolmeat.pl\/pl\/wp-json\/wp\/v2\/product_brand?post=3904"},{"taxonomy":"product_cat","embeddable":true,"href":"https:\/\/meat.danpolmeat.pl\/pl\/wp-json\/wp\/v2\/product_cat?post=3904"},{"taxonomy":"product_tag","embeddable":true,"href":"https:\/\/meat.danpolmeat.pl\/pl\/wp-json\/wp\/v2\/product_tag?post=3904"}],"curies":[{"name":"wp","href":"https:\/\/api.w.org\/{rel}","templated":true}]}}