{"id":3865,"date":"2025-05-29T11:18:04","date_gmt":"2025-05-29T11:18:04","guid":{"rendered":"https:\/\/meat.danpolmeat.pl\/?post_type=product&#038;p=3865"},"modified":"2025-05-29T11:23:55","modified_gmt":"2025-05-29T11:23:55","slug":"80-20-mielonej-wolowiny","status":"publish","type":"product","link":"https:\/\/meat.danpolmeat.pl\/pl\/product\/80-20-mielonej-wolowiny\/","title":{"rendered":"Mi\u0119so wo\u0142owe mielone 80\/20"},"content":{"rendered":"","protected":false},"excerpt":{"rendered":"<p>Nasze mielone wo\u0142owe przycinki 80\/20 sk\u0142adaj\u0105 si\u0119 z oko\u0142o 80% chudego mi\u0119sa i 20% t\u0142uszczu, zapewniaj\u0105c bogaty smak i soczyst\u0105 konsystencj\u0119 idealn\u0105 dla produkt\u00f3w z mielonej wo\u0142owiny. Ta mieszanka jest idealna do robienia burger\u00f3w, pasztet\u00f3w mi\u0119snych i innych przepis\u00f3w, w kt\u00f3rych wy\u017csza zawarto\u015b\u0107 t\u0142uszczu poprawia smak i delikatno\u015b\u0107. Danpol Meat zapewnia sta\u0142\u0105 jako\u015b\u0107, \u015bcis\u0142\u0105 higien\u0119 i niezawodne dostawy dla wszystkich Twoich wymaga\u0144 przetw\u00f3rczych i kulinarnych.<\/p>","protected":false},"featured_media":3859,"comment_status":"open","ping_status":"closed","template":"","meta":[],"product_brand":[],"product_cat":[29,47],"product_tag":[],"class_list":{"0":"post-3865","1":"product","2":"type-product","3":"status-publish","4":"has-post-thumbnail","6":"product_cat-beaf-meat","7":"product_cat-boneless-elements","9":"first","10":"instock","11":"shipping-taxable","12":"product-type-simple"},"_links":{"self":[{"href":"https:\/\/meat.danpolmeat.pl\/pl\/wp-json\/wp\/v2\/product\/3865","targetHints":{"allow":["GET"]}}],"collection":[{"href":"https:\/\/meat.danpolmeat.pl\/pl\/wp-json\/wp\/v2\/product"}],"about":[{"href":"https:\/\/meat.danpolmeat.pl\/pl\/wp-json\/wp\/v2\/types\/product"}],"replies":[{"embeddable":true,"href":"https:\/\/meat.danpolmeat.pl\/pl\/wp-json\/wp\/v2\/comments?post=3865"}],"wp:featuredmedia":[{"embeddable":true,"href":"https:\/\/meat.danpolmeat.pl\/pl\/wp-json\/wp\/v2\/media\/3859"}],"wp:attachment":[{"href":"https:\/\/meat.danpolmeat.pl\/pl\/wp-json\/wp\/v2\/media?parent=3865"}],"wp:term":[{"taxonomy":"product_brand","embeddable":true,"href":"https:\/\/meat.danpolmeat.pl\/pl\/wp-json\/wp\/v2\/product_brand?post=3865"},{"taxonomy":"product_cat","embeddable":true,"href":"https:\/\/meat.danpolmeat.pl\/pl\/wp-json\/wp\/v2\/product_cat?post=3865"},{"taxonomy":"product_tag","embeddable":true,"href":"https:\/\/meat.danpolmeat.pl\/pl\/wp-json\/wp\/v2\/product_tag?post=3865"}],"curies":[{"name":"wp","href":"https:\/\/api.w.org\/{rel}","templated":true}]}}