{"id":3706,"date":"2025-05-28T22:10:09","date_gmt":"2025-05-28T22:10:09","guid":{"rendered":"https:\/\/meat.danpolmeat.pl\/?post_type=product&#038;p=3706"},"modified":"2025-05-28T22:11:26","modified_gmt":"2025-05-28T22:11:26","slug":"triceps-barku-i-miesien-podgrzebieniowy","status":"publish","type":"product","link":"https:\/\/meat.danpolmeat.pl\/pl\/product\/triceps-barku-i-miesien-podgrzebieniowy\/","title":{"rendered":"Triceps i mi\u0119sie\u0144 podgrzebieniowy barku"},"content":{"rendered":"","protected":false},"excerpt":{"rendered":"<p>Triceps i mi\u0119sie\u0144 podgrzebieniowy barku<\/p>\n<p>Ten produkt obejmuje mi\u0119\u015bnie triceps i infraspinatus barku, uzyskane z przedniej \u0107wiartki. Ci\u0119cie wykonuje si\u0119 wzd\u0142u\u017c naturalnego szwu mi\u0119dzy \u017cebrami a mi\u0119\u015bniami barku M. latissimus dorsi, M. trapezius (mi\u0119\u015bnie powierzchniowe) i M. serratus ventralis (z powierzchni \u017cebra \u0142opatki). Kawa\u0142ek znajduje si\u0119 ogonowo od ko\u015bci ramiennej i poni\u017cej kr\u0119gos\u0142upa \u0142opatki, zawieraj\u0105c znaczn\u0105 cz\u0119\u015b\u0107 mi\u0119\u015bnia tricepsa.<\/p>\n<p>Notatka:<br \/>\n\u2013 D\u0142ugo\u015b\u0107 ogona od ko\u0144ca chrz\u0105stki ogonowej,<br \/>\n\u2013 Czy mi\u0119sie\u0144 pod\u0142opatkowy (M. subscapularis) jest zachowany czy usuni\u0119ty,<br \/>\n\u2013 Czy \u015bci\u0119gna na ko\u0144cu stawu barkowego zostan\u0105 zachowane czy usuni\u0119te,<br \/>\npowinno zosta\u0107 okre\u015blone.<\/p>\n<p>W zestawie wszystkie podstawowe elementy.<\/p>","protected":false},"featured_media":3709,"comment_status":"open","ping_status":"closed","template":"","meta":[],"product_brand":[],"product_cat":[29,47],"product_tag":[],"class_list":{"0":"post-3706","1":"product","2":"type-product","3":"status-publish","4":"has-post-thumbnail","6":"product_cat-beaf-meat","7":"product_cat-boneless-elements","9":"first","10":"instock","11":"shipping-taxable","12":"product-type-simple"},"_links":{"self":[{"href":"https:\/\/meat.danpolmeat.pl\/pl\/wp-json\/wp\/v2\/product\/3706","targetHints":{"allow":["GET"]}}],"collection":[{"href":"https:\/\/meat.danpolmeat.pl\/pl\/wp-json\/wp\/v2\/product"}],"about":[{"href":"https:\/\/meat.danpolmeat.pl\/pl\/wp-json\/wp\/v2\/types\/product"}],"replies":[{"embeddable":true,"href":"https:\/\/meat.danpolmeat.pl\/pl\/wp-json\/wp\/v2\/comments?post=3706"}],"wp:featuredmedia":[{"embeddable":true,"href":"https:\/\/meat.danpolmeat.pl\/pl\/wp-json\/wp\/v2\/media\/3709"}],"wp:attachment":[{"href":"https:\/\/meat.danpolmeat.pl\/pl\/wp-json\/wp\/v2\/media?parent=3706"}],"wp:term":[{"taxonomy":"product_brand","embeddable":true,"href":"https:\/\/meat.danpolmeat.pl\/pl\/wp-json\/wp\/v2\/product_brand?post=3706"},{"taxonomy":"product_cat","embeddable":true,"href":"https:\/\/meat.danpolmeat.pl\/pl\/wp-json\/wp\/v2\/product_cat?post=3706"},{"taxonomy":"product_tag","embeddable":true,"href":"https:\/\/meat.danpolmeat.pl\/pl\/wp-json\/wp\/v2\/product_tag?post=3706"}],"curies":[{"name":"wp","href":"https:\/\/api.w.org\/{rel}","templated":true}]}}