{"id":3582,"date":"2025-05-28T21:03:03","date_gmt":"2025-05-28T21:03:03","guid":{"rendered":"https:\/\/meat.danpolmeat.pl\/?post_type=product&#038;p=3582"},"modified":"2025-05-28T21:06:41","modified_gmt":"2025-05-28T21:06:41","slug":"poledwica-wolowa-z-koscia-i-antrykot-z-calym-poledwica-i-lancuchem","status":"publish","type":"product","link":"https:\/\/meat.danpolmeat.pl\/pl\/product\/poledwica-wolowa-z-koscia-i-antrykot-z-calym-poledwica-i-lancuchem\/","title":{"rendered":"Pol\u0119dwica z ko\u015bci\u0105 i antrykot z ca\u0142ym pol\u0119dwic\u0105 i \u0142a\u0144cuszkiem"},"content":{"rendered":"<p class=\"first:mt-1.5\">Ten produkt jest uzyskiwany z tylnej \u0107wiartki, krojony pistoletowo i obejmuje pol\u0119dwic\u0119 z ko\u015bci\u0105 i antrykot z ca\u0142ym pol\u0119dwic\u0105 i \u0142a\u0144cuszkiem. Pol\u0119dwica jest oddzielana od ud\u017aca z ko\u015bci\u0105 i zadku poprzez ci\u0119cie mi\u0119dzy ostatnim kr\u0119giem l\u0119d\u017awiowym a pierwszym kr\u0119giem krzy\u017cowym.<\/p>\n<p class=\"first:mt-1.5\">Notatka:<br \/>\n\u2013 Wymagana ilo\u015b\u0107 \u017ceber,<br \/>\n\u2013 Czy chrz\u0105stka \u0142opatki zostanie zachowana czy usuni\u0119ta,<br \/>\npowinno zosta\u0107 okre\u015blone.<\/p>","protected":false},"excerpt":{"rendered":"<p>This product is obtained from the hindquarter, pistol cut, and includes bone-in striploin and ribeye with the whole tenderloin and chain. The striploin is separated from the bone-in round and rump by a cut between the last lumbar vertebra and the first sacral vertebra. Note: \u2013 Required number of ribs, \u2013 Whether the scapular cartilage [&hellip;]<\/p>","protected":false},"featured_media":3585,"comment_status":"open","ping_status":"closed","template":"","meta":[],"product_brand":[],"product_cat":[15],"product_tag":[],"class_list":{"0":"post-3582","1":"product","2":"type-product","3":"status-publish","4":"has-post-thumbnail","6":"product_cat-carcass","8":"first","9":"instock","10":"shipping-taxable","11":"product-type-simple"},"_links":{"self":[{"href":"https:\/\/meat.danpolmeat.pl\/pl\/wp-json\/wp\/v2\/product\/3582","targetHints":{"allow":["GET"]}}],"collection":[{"href":"https:\/\/meat.danpolmeat.pl\/pl\/wp-json\/wp\/v2\/product"}],"about":[{"href":"https:\/\/meat.danpolmeat.pl\/pl\/wp-json\/wp\/v2\/types\/product"}],"replies":[{"embeddable":true,"href":"https:\/\/meat.danpolmeat.pl\/pl\/wp-json\/wp\/v2\/comments?post=3582"}],"wp:featuredmedia":[{"embeddable":true,"href":"https:\/\/meat.danpolmeat.pl\/pl\/wp-json\/wp\/v2\/media\/3585"}],"wp:attachment":[{"href":"https:\/\/meat.danpolmeat.pl\/pl\/wp-json\/wp\/v2\/media?parent=3582"}],"wp:term":[{"taxonomy":"product_brand","embeddable":true,"href":"https:\/\/meat.danpolmeat.pl\/pl\/wp-json\/wp\/v2\/product_brand?post=3582"},{"taxonomy":"product_cat","embeddable":true,"href":"https:\/\/meat.danpolmeat.pl\/pl\/wp-json\/wp\/v2\/product_cat?post=3582"},{"taxonomy":"product_tag","embeddable":true,"href":"https:\/\/meat.danpolmeat.pl\/pl\/wp-json\/wp\/v2\/product_tag?post=3582"}],"curies":[{"name":"wp","href":"https:\/\/api.w.org\/{rel}","templated":true}]}}