{"id":3540,"date":"2025-05-28T20:06:33","date_gmt":"2025-05-28T20:06:33","guid":{"rendered":"https:\/\/meat.danpolmeat.pl\/?post_type=product&#038;p=3540"},"modified":"2025-05-29T18:40:21","modified_gmt":"2025-05-29T18:40:21","slug":"short-ribs-center-cut","status":"publish","type":"product","link":"https:\/\/meat.danpolmeat.pl\/pl\/product\/short-ribs-center-cut\/","title":{"rendered":"Kr\u00f3tkie \u017ceberka, \u015brodek"},"content":{"rendered":"<p><iframe title=\"Szponder \u015brodkowy kr\u00f3tkie \u017cebra\" width=\"640\" height=\"360\" src=\"https:\/\/www.youtube.com\/embed\/WquyuhZ3bl0?feature=oembed\" frameborder=\"0\" allow=\"accelerometer; autoplay; clipboard-write; encrypted-media; gyroscope; picture-in-picture; web-share\" referrerpolicy=\"strict-origin-when-cross-origin\" allowfullscreen><\/iframe><\/p>\n<p>&nbsp;<\/p>","protected":false},"excerpt":{"rendered":"<p>Kr\u00f3tkie \u017ceberka, \u015brodek<\/p>\n<p>This product is the center cut of short ribs obtained from the forequarter. It is prepared after removing the sternum, bone-in ribeye, and bone-in chuck. The cutting line runs approximately 75 mm from the eye of the M. longissimus dorsi muscle and parallel to the spine. The M. cutaneus trunci is usually removed unless otherwise specified.<\/p>\n<p>Notatka:<br \/>\n\u2013 Number and position of ribs,<br \/>\n\u2013 Whether M. cutaneus trunci is retained,<br \/>\n\u2013 Whether M. latissimus dorsi is retained or removed,<br \/>\n\u2013 Whether the fat cover is retained or removed,<br \/>\n\u2013 Whether the diaphragm is retained or removed,<br \/>\n\u2013 Size requirements for cut portions,<br \/>\npowinno zosta\u0107 okre\u015blone.<\/p>","protected":false},"featured_media":3541,"comment_status":"open","ping_status":"closed","template":"","meta":[],"product_brand":[],"product_cat":[29,46],"product_tag":[],"class_list":{"0":"post-3540","1":"product","2":"type-product","3":"status-publish","4":"has-post-thumbnail","6":"product_cat-beaf-meat","7":"product_cat-bone-in-elements","9":"first","10":"instock","11":"shipping-taxable","12":"product-type-simple"},"_links":{"self":[{"href":"https:\/\/meat.danpolmeat.pl\/pl\/wp-json\/wp\/v2\/product\/3540","targetHints":{"allow":["GET"]}}],"collection":[{"href":"https:\/\/meat.danpolmeat.pl\/pl\/wp-json\/wp\/v2\/product"}],"about":[{"href":"https:\/\/meat.danpolmeat.pl\/pl\/wp-json\/wp\/v2\/types\/product"}],"replies":[{"embeddable":true,"href":"https:\/\/meat.danpolmeat.pl\/pl\/wp-json\/wp\/v2\/comments?post=3540"}],"wp:featuredmedia":[{"embeddable":true,"href":"https:\/\/meat.danpolmeat.pl\/pl\/wp-json\/wp\/v2\/media\/3541"}],"wp:attachment":[{"href":"https:\/\/meat.danpolmeat.pl\/pl\/wp-json\/wp\/v2\/media?parent=3540"}],"wp:term":[{"taxonomy":"product_brand","embeddable":true,"href":"https:\/\/meat.danpolmeat.pl\/pl\/wp-json\/wp\/v2\/product_brand?post=3540"},{"taxonomy":"product_cat","embeddable":true,"href":"https:\/\/meat.danpolmeat.pl\/pl\/wp-json\/wp\/v2\/product_cat?post=3540"},{"taxonomy":"product_tag","embeddable":true,"href":"https:\/\/meat.danpolmeat.pl\/pl\/wp-json\/wp\/v2\/product_tag?post=3540"}],"curies":[{"name":"wp","href":"https:\/\/api.w.org\/{rel}","templated":true}]}}