{"id":3477,"date":"2025-05-28T19:33:25","date_gmt":"2025-05-28T19:33:25","guid":{"rendered":"https:\/\/meat.danpolmeat.pl\/?post_type=product&#038;p=3477"},"modified":"2025-05-28T19:33:26","modified_gmt":"2025-05-28T19:33:26","slug":"kosc-w-kolku","status":"publish","type":"product","link":"https:\/\/meat.danpolmeat.pl\/pl\/product\/kosc-w-kolku\/","title":{"rendered":"Okr\u0105g\u0142y z ko\u015bci\u0105"},"content":{"rendered":"<p><iframe title=\"Udziec z ko\u015bci\u0105 v2\" width=\"640\" height=\"360\" src=\"https:\/\/www.youtube.com\/embed\/NE5C6TiZ7CY?feature=oembed\" frameborder=\"0\" allow=\"accelerometer; autoplay; clipboard-write; encrypted-media; gyroscope; picture-in-picture; web-share\" referrerpolicy=\"strict-origin-when-cross-origin\" allowfullscreen><\/iframe><\/p>","protected":false},"excerpt":{"rendered":"<p>Okr\u0105g\u0142y z ko\u015bci\u0105<\/p>\n<p>Ten produkt to udziec z ko\u015bci\u0105 uzyskany z tylnej \u0107wiartki. Ci\u0119cie zaczyna si\u0119 od w\u0119z\u0142a ch\u0142onnego biodrowego i ci\u0105gnie si\u0119 do w\u0119z\u0142a ch\u0142onnego kulszowego, wzd\u0142u\u017c linii blisko ko\u015bci miednicznej.<\/p>\n<p>Notatka:<br \/>\n\u2013 Czy w\u0119ze\u0142 ch\u0142onny pachwinowy powierzchniowy zostanie zachowany czy usuni\u0119ty,<br \/>\n\u2013 Czy cz\u0119\u015bci ko\u015bci miednicy i powierzchniowej tkanki w\u0142\u00f3knistej zostan\u0105 zachowane czy usuni\u0119te,<br \/>\n\u2013 Czy ogon krzy\u017cowy jest zachowany czy usuni\u0119ty,<br \/>\npowinno zosta\u0107 okre\u015blone.<\/p>","protected":false},"featured_media":3478,"comment_status":"open","ping_status":"closed","template":"","meta":[],"product_brand":[],"product_cat":[29,46],"product_tag":[],"class_list":{"0":"post-3477","1":"product","2":"type-product","3":"status-publish","4":"has-post-thumbnail","6":"product_cat-beaf-meat","7":"product_cat-bone-in-elements","9":"first","10":"instock","11":"shipping-taxable","12":"product-type-simple"},"_links":{"self":[{"href":"https:\/\/meat.danpolmeat.pl\/pl\/wp-json\/wp\/v2\/product\/3477","targetHints":{"allow":["GET"]}}],"collection":[{"href":"https:\/\/meat.danpolmeat.pl\/pl\/wp-json\/wp\/v2\/product"}],"about":[{"href":"https:\/\/meat.danpolmeat.pl\/pl\/wp-json\/wp\/v2\/types\/product"}],"replies":[{"embeddable":true,"href":"https:\/\/meat.danpolmeat.pl\/pl\/wp-json\/wp\/v2\/comments?post=3477"}],"wp:featuredmedia":[{"embeddable":true,"href":"https:\/\/meat.danpolmeat.pl\/pl\/wp-json\/wp\/v2\/media\/3478"}],"wp:attachment":[{"href":"https:\/\/meat.danpolmeat.pl\/pl\/wp-json\/wp\/v2\/media?parent=3477"}],"wp:term":[{"taxonomy":"product_brand","embeddable":true,"href":"https:\/\/meat.danpolmeat.pl\/pl\/wp-json\/wp\/v2\/product_brand?post=3477"},{"taxonomy":"product_cat","embeddable":true,"href":"https:\/\/meat.danpolmeat.pl\/pl\/wp-json\/wp\/v2\/product_cat?post=3477"},{"taxonomy":"product_tag","embeddable":true,"href":"https:\/\/meat.danpolmeat.pl\/pl\/wp-json\/wp\/v2\/product_tag?post=3477"}],"curies":[{"name":"wp","href":"https:\/\/api.w.org\/{rel}","templated":true}]}}