{"id":3469,"date":"2025-05-28T19:27:34","date_gmt":"2025-05-28T19:27:34","guid":{"rendered":"https:\/\/meat.danpolmeat.pl\/?post_type=product&#038;p=3469"},"modified":"2025-05-29T18:32:05","modified_gmt":"2025-05-29T18:32:05","slug":"antrykot-z-koscia-i-czapeczka","status":"publish","type":"product","link":"https:\/\/meat.danpolmeat.pl\/pl\/product\/antrykot-z-koscia-i-czapeczka\/","title":{"rendered":"Antrykot z ko\u015bci\u0105 i czapeczk\u0105"},"content":{"rendered":"<p><iframe title=\"Antrykot z okryw\u0105 i ko\u015bci\u0105 5 \u017ceber \u015bredni marmur\" width=\"640\" height=\"360\" src=\"https:\/\/www.youtube.com\/embed\/_CjSioxmhOE?feature=oembed\" frameborder=\"0\" allow=\"accelerometer; autoplay; clipboard-write; encrypted-media; gyroscope; picture-in-picture; web-share\" referrerpolicy=\"strict-origin-when-cross-origin\" allowfullscreen><\/iframe><\/p>\n<p>.<\/p>","protected":false},"excerpt":{"rendered":"<p>Ten produkt to antrykot z ko\u015bci\u0105 i czapeczk\u0105 uzyskany z przedniej \u0107wiartki. Przygotowuje si\u0119 go po usuni\u0119ciu mostka i ko\u015bci. \u015arodkowe kr\u00f3tkie \u017ceberka s\u0105 oddzielane w odleg\u0142o\u015bci 75 mm od M. longissimus dorsi, mierzonej od strony rostbefu, z ci\u0119ciem r\u00f3wnoleg\u0142ym do kr\u0119gos\u0142upa a\u017c do okre\u015blonego \u017cebra. Trzony kr\u0119gowe s\u0105 usuwane, aby ods\u0142oni\u0107 chude mi\u0119so, ale wyrostek kolczasty pozostaje.<\/p>\n<p>Notatka:<br \/>\n\u2013 Ilo\u015b\u0107 \u017ceber (od 4 do 9 \u017ceber),<br \/>\n\u2013 Czy wyrostek kolczysty jest zachowany czy usuni\u0119ty,<br \/>\n\u2013 Czy ko\u0144c\u00f3wka chrz\u0105stki \u0142opatki i towarzysz\u0105ca jej chrz\u0105stka zostan\u0105 zachowane czy usuni\u0119te,<br \/>\n\u2013 Odleg\u0142o\u015b\u0107 od \u017cebra do oka mi\u0119\u015bniowego,<br \/>\n\u2013 Czy mi\u0119sie\u0144 czworoboczny jest zachowany czy usuni\u0119ty,<br \/>\n\u2013 Czy wi\u0119zad\u0142o karkowe jest zachowane czy usuni\u0119te,<br \/>\npowinno by\u0107 okre\u015blone<\/p>","protected":false},"featured_media":3471,"comment_status":"open","ping_status":"closed","template":"","meta":[],"product_brand":[],"product_cat":[29,46],"product_tag":[],"class_list":{"0":"post-3469","1":"product","2":"type-product","3":"status-publish","4":"has-post-thumbnail","6":"product_cat-beaf-meat","7":"product_cat-bone-in-elements","9":"first","10":"instock","11":"shipping-taxable","12":"product-type-simple"},"_links":{"self":[{"href":"https:\/\/meat.danpolmeat.pl\/pl\/wp-json\/wp\/v2\/product\/3469","targetHints":{"allow":["GET"]}}],"collection":[{"href":"https:\/\/meat.danpolmeat.pl\/pl\/wp-json\/wp\/v2\/product"}],"about":[{"href":"https:\/\/meat.danpolmeat.pl\/pl\/wp-json\/wp\/v2\/types\/product"}],"replies":[{"embeddable":true,"href":"https:\/\/meat.danpolmeat.pl\/pl\/wp-json\/wp\/v2\/comments?post=3469"}],"wp:featuredmedia":[{"embeddable":true,"href":"https:\/\/meat.danpolmeat.pl\/pl\/wp-json\/wp\/v2\/media\/3471"}],"wp:attachment":[{"href":"https:\/\/meat.danpolmeat.pl\/pl\/wp-json\/wp\/v2\/media?parent=3469"}],"wp:term":[{"taxonomy":"product_brand","embeddable":true,"href":"https:\/\/meat.danpolmeat.pl\/pl\/wp-json\/wp\/v2\/product_brand?post=3469"},{"taxonomy":"product_cat","embeddable":true,"href":"https:\/\/meat.danpolmeat.pl\/pl\/wp-json\/wp\/v2\/product_cat?post=3469"},{"taxonomy":"product_tag","embeddable":true,"href":"https:\/\/meat.danpolmeat.pl\/pl\/wp-json\/wp\/v2\/product_tag?post=3469"}],"curies":[{"name":"wp","href":"https:\/\/api.w.org\/{rel}","templated":true}]}}