{"id":225,"date":"2024-02-01T02:32:49","date_gmt":"2024-02-01T02:32:49","guid":{"rendered":"http:\/\/boskery-demo.local\/?page_id=225"},"modified":"2025-05-29T10:19:07","modified_gmt":"2025-05-29T10:19:07","slug":"czesto-zadawane-pytania","status":"publish","type":"page","link":"https:\/\/meat.danpolmeat.pl\/pl\/czesto-zadawane-pytania\/","title":{"rendered":"FAQ"},"content":{"rendered":"<div data-elementor-type=\"wp-page\" data-elementor-id=\"225\" class=\"elementor elementor-225\">\n\t\t\t\t<div class=\"elementor-element elementor-element-d69483c e-con-full e-flex e-con e-parent\" data-id=\"d69483c\" data-element_type=\"container\">\n\t\t\t\t<div class=\"elementor-element elementor-element-d071aa9 elementor-widget elementor-widget-boskery-search-box\" data-id=\"d071aa9\" data-element_type=\"widget\" data-widget_type=\"boskery-search-box.default\">\n\t\t\t\t<div class=\"elementor-widget-container\">\n\t\t\t\t\t    <section class=\"faq-page-search section-space-top\">\r\n        <div class=\"container\">\r\n            <div class=\"faq-page-search__inner wow fadeInUp\" data-wow-duration=\"1500ms\">\r\n                <div class=\"faq-page-search__bg\" style=\"background-image: url(https:\/\/bracketweb.com\/boskerywp\/wp-content\/uploads\/2024\/02\/faq-search-bg-1.png);\">\r\n                <\/div><!-- \/.faq-page-search__bg -->\r\n                <img decoding=\"async\" src=\"https:\/\/meat.danpolmeat.pl\/wp-content\/uploads\/2024\/02\/faq-search-meat.png\" alt=\"faq-szukaj-mi\u0119so\" title=\"faq-szukaj-mi\u0119so\" class=\"faq-page-search__meat\" >                <div class=\"row\">\r\n                    <div class=\"col-lg-12\">\r\n                        <div class=\"faq-page-search__content sec-title\">\r\n                            <h3 class=\"faq-page-search__title sec-title__title\">WITAMY \u2013 JAK MO\u017bEMY CI POM\u00d3C? <br>\n<\/h3><p class=\"faq-page-search__text\">W Danpol Meat jeste\u015bmy zobowi\u0105zani do dostarczania jasnych informacji i niezawodnego wsparcia dla wszystkich Twoich potrzeb. Niezale\u017cnie od tego, czy masz pytania dotycz\u0105ce naszych produkt\u00f3w, us\u0142ug lub procesu zamawiania, nasz zesp\u00f3\u0142 jest tutaj, aby Ci pom\u00f3c. U\u017cyj poni\u017cszego paska wyszukiwania, aby szybko znale\u017a\u0107 odpowiedzi lub przejrzyj nasze tematy pomocy, aby uzyska\u0107 szczeg\u00f3\u0142owe wskaz\u00f3wki. Twoja satysfakcja i zaufanie s\u0105 naszymi najwy\u017cszymi priorytetami.<\/p>                            <form role=\"search\" method=\"get\" class=\"faq-page-search__form\" action=\"https:\/\/meat.danpolmeat.pl\/pl\/\" data-trp-original-action=\"https:\/\/meat.danpolmeat.pl\/pl\/\">\r\n                                <input type=\"text\" name=\"s\" placeholder=\"Search Here...\" \/>\r\n                                <button type=\"submit\" class=\"faq-page-search__form__btn\" aria-label=\"wyszukaj prze\u015blij\">\r\n                                    <span class=\"icon-search\"><\/span>\r\n                                <\/button>\r\n                            <input type=\"hidden\" name=\"trp-form-language\" value=\"pl\"\/><\/form><!-- \/.faq-page-search__form -->\r\n                        <\/div><!-- \/.faq-page-search__content -->\r\n                    <\/div><!-- \/.col-lg-12 -->\r\n                <\/div><!-- \/.row -->\r\n            <\/div><!-- \/.faq-page-search__inner -->\r\n        <\/div><!-- \/.container -->\r\n    <\/section><!-- \/.faq-page-search -->\r\n\t\t\t\t<\/div>\n\t\t\t\t<\/div>\n\t\t\t\t<\/div>\n\t\t<div class=\"elementor-element elementor-element-f450f8d e-con-full e-flex e-con e-parent\" data-id=\"f450f8d\" data-element_type=\"container\">\n\t\t\t\t<div class=\"elementor-element elementor-element-4482fae elementor-widget elementor-widget-boskery-faq\" data-id=\"4482fae\" data-element_type=\"widget\" data-widget_type=\"boskery-faq.default\">\n\t\t\t\t<div class=\"elementor-widget-container\">\n\t\t\t\t\t\r\n    <div class=\"faq-page section-space-bottom\">\r\n        <div class=\"container\">\r\n            <div class=\"row gutter-y-30\">\r\n                <div class=\"col-lg-6 wow fadeInUp\" data-wow-duration=\"1500ms\" data-wow-delay=\"00ms\">\r\n                    <div class=\"contact\">\r\n                        <div class=\"contact__bg\" style=\"background-image: url(https:\/\/bracketweb.com\/boskerywp\/wp-content\/uploads\/2024\/02\/faq-contact-info-bg.jpg);\"><\/div>\r\n                        <!-- \/.contact__bg -->\r\n                        <div class=\"contact__content\">\r\n                            <h3 class=\"contact__title\">masz jakie\u015b pytania? <br>\n                                    skontaktuj si\u0119 z nami!<\/h3>                            <div class=\"faq-page__bottom\">\r\n                                                                    <a href=\"https:\/\/meat.danpolmeat.pl\/pl\/skontaktuj-sie-z-nami\/\"  class=\"boskery-btn\">\r\n                                        <span class=\"boskery-btn__hover\"><\/span>\r\n                                        <span class=\"boskery-btn__hover\"><\/span>\r\n                                        <span class=\"boskery-btn__hover\"><\/span>\r\n                                        <span class=\"boskery-btn__hover\"><\/span>\r\n                                        <span class=\"boskery-btn__hover\"><\/span>\r\n                                        <span class=\"boskery-btn__hover\"><\/span>\r\n                                        <span class=\"boskery-btn__text\">Skontaktuj si\u0119 z nami<\/span>\r\n                                        <i aria-hidden=\"true\" class=\"icon-meat-3\"><\/i>                                    <\/a><!-- \/.boskery-btn -->\r\n                                                                <div class=\"contact__info\">\r\n                                    <div class=\"contact__info__inner\">\r\n                                        <div class=\"contact__info__icon\">\r\n                                            <span class=\"icon-telephone\"><\/span>\r\n                                        <\/div><!-- \/.contact__info__icon -->\r\n                                        <div class=\"contact__info__right\">\r\n                                            <h4 class=\"contact__info__title\">Zadzwo\u0144 po dostaw\u0119<\/h4>\r\n                                            <!-- \/.contact__info__title -->\r\n                                            <a href=\"tel:+-48-606-563-991\" class=\"contact__info__number\">+-48-606-563-991<\/a>\r\n                                            <!-- \/.contact__info__number -->\r\n                                        <\/div><!-- \/.contact__info__right -->\r\n                                    <\/div><!-- \/.contact__info__inner -->\r\n                                <\/div><!-- \/.contact__info -->\r\n                            <\/div><!-- \/.contact__bottom -->\r\n                        <\/div><!-- \/.contact__content -->\r\n                    <\/div><!-- \/.contact -->\r\n                <\/div><!-- \/.col-lg-6 -->\r\n                <div class=\"col-lg-6\">\r\n                    <div class=\"faq-page__accordion\">\r\n                        <div class=\"faq-accordion boskery-accordion\" data-grp-name=\"boskery-accordion69eb8e5129ecc\">\r\n                                                            <div class=\"accordion wow fadeInUp active\" data-wow-duration=\"1500ms\" data-wow-delay=\"00ms\">\r\n                                    <div class=\"accordion-title\">\r\n                                        <h4>Jakie produkty oferuje Danpol Meat?                                            <span class=\"accordion-title__icon\"><\/span>\r\n                                        <\/h4>\r\n                                    <\/div><!-- \/.accordion-title -->\r\n\r\n                                    <div class=\"accordion-content\">\r\n                                        <div class=\"inner\">\r\n                                            <div class=\"inner__bg\" style=\"background-image: url(https:\/\/bracketweb.com\/boskerywp\/wp-content\/uploads\/2024\/02\/faq-1-1.jpg);\">\r\n                                            <\/div><!-- \/.inner__bg -->\r\n                                            <p>Danpol Meat specjalizuje si\u0119 w wysokiej jako\u015bci produktach wo\u0142owych, przetworzonym drobiu, takim jak kurczak i indyk, oraz produktach o warto\u015bci dodanej, takich jak kebab doner. Oferujemy szeroki wyb\u00f3r ci\u0119\u0107 i opcji pakowania dla klient\u00f3w detalicznych, gastronomicznych i przemys\u0142owych.<\/p>\r\n                                        <\/div><!-- \/.accordion-content -->\r\n                                    <\/div>\r\n                                <\/div><!-- \/.accordion-item -->\r\n                                                            <div class=\"accordion wow fadeInUp\" data-wow-duration=\"1500ms\" data-wow-delay=\"10ms\">\r\n                                    <div class=\"accordion-title\">\r\n                                        <h4>Czy mog\u0119 zam\u00f3wi\u0107 niestandardowe ci\u0119cia lub opakowania?                                            <span class=\"accordion-title__icon\"><\/span>\r\n                                        <\/h4>\r\n                                    <\/div><!-- \/.accordion-title -->\r\n\r\n                                    <div class=\"accordion-content\">\r\n                                        <div class=\"inner\">\r\n                                            <div class=\"inner__bg\" style=\"background-image: url(https:\/\/bracketweb.com\/boskerywp\/wp-content\/uploads\/2024\/02\/faq-1-1.jpg);\">\r\n                                            <\/div><!-- \/.inner__bg -->\r\n                                            <p>Tak, sklepy mi\u0119sne cz\u0119sto specjalizuj\u0105 si\u0119 w sprzeda\u017cy \u015bwie\u017cych kawa\u0142k\u00f3w mi\u0119sa. Jednak niekt\u00f3re sklepy mi\u0119sne mog\u0105 r\u00f3wnie\u017c oferowa\u0107 mro\u017cone lub konserwowane mi\u0119so.<\/p>\r\n                                        <\/div><!-- \/.accordion-content -->\r\n                                    <\/div>\r\n                                <\/div><!-- \/.accordion-item -->\r\n                                                            <div class=\"accordion wow fadeInUp\" data-wow-duration=\"1500ms\" data-wow-delay=\"20ms\">\r\n                                    <div class=\"accordion-title\">\r\n                                        <h4>W jaki spos\u00f3b zapewniacie jako\u015b\u0107 i bezpiecze\u0144stwo produktu?                                            <span class=\"accordion-title__icon\"><\/span>\r\n                                        <\/h4>\r\n                                    <\/div><!-- \/.accordion-title -->\r\n\r\n                                    <div class=\"accordion-content\">\r\n                                        <div class=\"inner\">\r\n                                            <div class=\"inner__bg\" style=\"background-image: url(https:\/\/bracketweb.com\/boskerywp\/wp-content\/uploads\/2024\/02\/faq-1-1.jpg);\">\r\n                                            <\/div><!-- \/.inner__bg -->\r\n                                            <p>Wszystkie nasze produkty s\u0105 przetwarzane zgodnie ze \u015bcis\u0142ymi standardami kontroli jako\u015bci i higieny. U\u017cywamy zaawansowanego sprz\u0119tu, utrzymujemy pe\u0142n\u0105 identyfikowalno\u015b\u0107 i posiadamy wszystkie niezb\u0119dne certyfikaty bran\u017cowe.<\/p>\r\n                                        <\/div><!-- \/.accordion-content -->\r\n                                    <\/div>\r\n                                <\/div><!-- \/.accordion-item -->\r\n                                                            <div class=\"accordion wow fadeInUp\" data-wow-duration=\"1500ms\" data-wow-delay=\"30ms\">\r\n                                    <div class=\"accordion-title\">\r\n                                        <h4>Czy dostarczacie do mojej lokalizacji?                                            <span class=\"accordion-title__icon\"><\/span>\r\n                                        <\/h4>\r\n                                    <\/div><!-- \/.accordion-title -->\r\n\r\n                                    <div class=\"accordion-content\">\r\n                                        <div class=\"inner\">\r\n                                            <div class=\"inner__bg\" style=\"background-image: url(https:\/\/bracketweb.com\/boskerywp\/wp-content\/uploads\/2024\/02\/faq-1-1.jpg);\">\r\n                                            <\/div><!-- \/.inner__bg -->\r\n                                            <p>Oferujemy us\u0142ugi dostaw w ramach \u0142a\u0144cucha ch\u0142odniczego do szerokiej gamy lokalizacji. Skontaktuj si\u0119 z nami, podaj\u0105c sw\u00f3j adres, aby potwierdzi\u0107 opcje dostawy i harmonogramy.<\/p>\r\n                                        <\/div><!-- \/.accordion-content -->\r\n                                    <\/div>\r\n                                <\/div><!-- \/.accordion-item -->\r\n                                                            <div class=\"accordion wow fadeInUp\" data-wow-duration=\"1500ms\" data-wow-delay=\"40ms\">\r\n                                    <div class=\"accordion-title\">\r\n                                        <h4>Jak mog\u0119 z\u0142o\u017cy\u0107 zam\u00f3wienie?                                            <span class=\"accordion-title__icon\"><\/span>\r\n                                        <\/h4>\r\n                                    <\/div><!-- \/.accordion-title -->\r\n\r\n                                    <div class=\"accordion-content\">\r\n                                        <div class=\"inner\">\r\n                                            <div class=\"inner__bg\" style=\"background-image: url(https:\/\/bracketweb.com\/boskerywp\/wp-content\/uploads\/2024\/02\/faq-1-1.jpg);\">\r\n                                            <\/div><!-- \/.inner__bg -->\r\n                                            <p>Mo\u017cesz \u0142atwo sk\u0142ada\u0107 zam\u00f3wienia za po\u015brednictwem naszej platformy online. Po prostu zarejestruj si\u0119, wybierz produkty, spersonalizuj zam\u00f3wienie i zako\u0144cz proces za pomoc\u0105 bezpiecznych opcji p\u0142atno\u015bci.<\/p>\r\n                                        <\/div><!-- \/.accordion-content -->\r\n                                    <\/div>\r\n                                <\/div><!-- \/.accordion-item -->\r\n                                                            <div class=\"accordion wow fadeInUp\" data-wow-duration=\"1500ms\" data-wow-delay=\"50ms\">\r\n                                    <div class=\"accordion-title\">\r\n                                        <h4>Czy sprzedajecie produkty wieprzowe?                                            <span class=\"accordion-title__icon\"><\/span>\r\n                                        <\/h4>\r\n                                    <\/div><!-- \/.accordion-title -->\r\n\r\n                                    <div class=\"accordion-content\">\r\n                                        <div class=\"inner\">\r\n                                            <div class=\"inner__bg\" style=\"background-image: url(https:\/\/bracketweb.com\/boskerywp\/wp-content\/uploads\/2024\/02\/faq-1-1.jpg);\">\r\n                                            <\/div><!-- \/.inner__bg -->\r\n                                            <p>Nie, Danpol Meat nie oferuje produkt\u00f3w wieprzowych. Nasz asortyment obejmuje wo\u0142owin\u0119, kurczaka, indyka i specja\u0142y, takie jak kebab doner.<\/p>\r\n                                        <\/div><!-- \/.accordion-content -->\r\n                                    <\/div>\r\n                                <\/div><!-- \/.accordion-item -->\r\n                                                            <div class=\"accordion wow fadeInUp\" data-wow-duration=\"1500ms\" data-wow-delay=\"60ms\">\r\n                                    <div class=\"accordion-title\">\r\n                                        <h4>Czy mog\u0119 \u015bledzi\u0107 swoje zam\u00f3wienie?                                            <span class=\"accordion-title__icon\"><\/span>\r\n                                        <\/h4>\r\n                                    <\/div><!-- \/.accordion-title -->\r\n\r\n                                    <div class=\"accordion-content\">\r\n                                        <div class=\"inner\">\r\n                                            <div class=\"inner__bg\" style=\"background-image: url(https:\/\/bracketweb.com\/boskerywp\/wp-content\/uploads\/2024\/02\/faq-1-1.jpg);\">\r\n                                            <\/div><!-- \/.inner__bg -->\r\n                                            <p>Tak, po z\u0142o\u017ceniu zam\u00f3wienia mo\u017cesz \u015bledzi\u0107 jego status w czasie rzeczywistym za po\u015brednictwem swojego konta online. Nasz zesp\u00f3\u0142 obs\u0142ugi klienta jest r\u00f3wnie\u017c dost\u0119pny w razie jakichkolwiek pyta\u0144.<\/p>\r\n                                        <\/div><!-- \/.accordion-content -->\r\n                                    <\/div>\r\n                                <\/div><!-- \/.accordion-item -->\r\n                                                            <div class=\"accordion wow fadeInUp\" data-wow-duration=\"1500ms\" data-wow-delay=\"70ms\">\r\n                                    <div class=\"accordion-title\">\r\n                                        <h4>Jakie certyfikaty posiada Danpol Meat?                                            <span class=\"accordion-title__icon\"><\/span>\r\n                                        <\/h4>\r\n                                    <\/div><!-- \/.accordion-title -->\r\n\r\n                                    <div class=\"accordion-content\">\r\n                                        <div class=\"inner\">\r\n                                            <div class=\"inner__bg\" style=\"background-image: url(https:\/\/bracketweb.com\/boskerywp\/wp-content\/uploads\/2024\/02\/faq-1-1.jpg);\">\r\n                                            <\/div><!-- \/.inner__bg -->\r\n                                            <p>Posiadamy wszystkie wymagane certyfikaty bran\u017cowe, kt\u00f3re potwierdzaj\u0105 nasze zaanga\u017cowanie w kwestie bezpiecze\u0144stwa \u017cywno\u015bci, jako\u015bci i zgodno\u015bci z przepisami.<\/p>\r\n                                        <\/div><!-- \/.accordion-content -->\r\n                                    <\/div>\r\n                                <\/div><!-- \/.accordion-item -->\r\n                                                    <\/div><!-- \/.faq-accordion -->\r\n                    <\/div><!-- \/.faq-page__accordion -->\r\n                <\/div><!-- \/.col-lg-6 -->\r\n            <\/div><!-- \/.row -->\r\n        <\/div><!-- \/.container -->\r\n    <\/div><!-- \/.faq-page section-space-bottom -->\r\n\r\n\t\t\t\t<\/div>\n\t\t\t\t<\/div>\n\t\t\t\t<\/div>\n\t\t\t\t<\/div>","protected":false},"excerpt":{"rendered":"<p>WELCOME \u2013 HOW CAN WE HELP YOU? At Danpol Meat, we are committed to providing clear information and reliable support for all your needs. Whether you have questions about our products, services, or ordering process, our team is here to assist you. Use the search bar below to quickly find answers, or browse our help [&hellip;]<\/p>","protected":false},"author":1,"featured_media":0,"parent":0,"menu_order":0,"comment_status":"closed","ping_status":"closed","template":"elementor_header_footer","meta":{"footnotes":""},"class_list":["post-225","page","type-page","status-publish","hentry"],"_links":{"self":[{"href":"https:\/\/meat.danpolmeat.pl\/pl\/wp-json\/wp\/v2\/pages\/225","targetHints":{"allow":["GET"]}}],"collection":[{"href":"https:\/\/meat.danpolmeat.pl\/pl\/wp-json\/wp\/v2\/pages"}],"about":[{"href":"https:\/\/meat.danpolmeat.pl\/pl\/wp-json\/wp\/v2\/types\/page"}],"author":[{"embeddable":true,"href":"https:\/\/meat.danpolmeat.pl\/pl\/wp-json\/wp\/v2\/users\/1"}],"replies":[{"embeddable":true,"href":"https:\/\/meat.danpolmeat.pl\/pl\/wp-json\/wp\/v2\/comments?post=225"}],"version-history":[{"count":13,"href":"https:\/\/meat.danpolmeat.pl\/pl\/wp-json\/wp\/v2\/pages\/225\/revisions"}],"predecessor-version":[{"id":3844,"href":"https:\/\/meat.danpolmeat.pl\/pl\/wp-json\/wp\/v2\/pages\/225\/revisions\/3844"}],"wp:attachment":[{"href":"https:\/\/meat.danpolmeat.pl\/pl\/wp-json\/wp\/v2\/media?parent=225"}],"curies":[{"name":"wp","href":"https:\/\/api.w.org\/{rel}","templated":true}]}}