{"id":183,"date":"2024-02-01T02:30:13","date_gmt":"2024-02-01T02:30:13","guid":{"rendered":"http:\/\/boskery-demo.local\/?page_id=183"},"modified":"2025-05-29T09:19:38","modified_gmt":"2025-05-29T09:19:38","slug":"zamawianie-online","status":"publish","type":"page","link":"https:\/\/meat.danpolmeat.pl\/pl\/zamawianie-online\/","title":{"rendered":"Zam\u00f3wienia online"},"content":{"rendered":"<div data-elementor-type=\"wp-page\" data-elementor-id=\"183\" class=\"elementor elementor-183\">\n\t\t\t\t<div class=\"elementor-element elementor-element-5b67f397 section-space e-flex e-con-boxed e-con e-parent\" data-id=\"5b67f397\" data-element_type=\"container\">\n\t\t\t\t\t<div class=\"e-con-inner\">\n\t\t<div class=\"elementor-element elementor-element-20e1d519 e-con-full e-flex e-con e-child\" data-id=\"20e1d519\" data-element_type=\"container\">\n\t\t\t\t<div class=\"elementor-element elementor-element-409caa4b elementor-widget elementor-widget-sidebar-nav\" data-id=\"409caa4b\" data-element_type=\"widget\" data-widget_type=\"sidebar-nav.default\">\n\t\t\t\t<div class=\"elementor-widget-container\">\n\t\t\t\t\t    <div class=\"service-sidebar__single wow fadeInRight\" data-wow-duration=\"1500ms\" data-wow-delay=\"0ms\">\r\n                    <ul id=\"menu-services-list\" class=\"list-unstyled service-sidebar__nav ml-0\"><li id=\"menu-item-208\" class=\"menu-item menu-item-type-post_type menu-item-object-page menu-item-208\"><a href=\"https:\/\/meat.danpolmeat.pl\/pl\/custom-cutting\/\">Ci\u0119cie na zam\u00f3wienie<\/a><\/li>\n<li id=\"menu-item-209\" class=\"menu-item menu-item-type-post_type menu-item-object-page menu-item-209\"><a href=\"https:\/\/meat.danpolmeat.pl\/pl\/przygotowanie-miesa\/\">Przygotowanie mi\u0119sa<\/a><\/li>\n<li id=\"menu-item-210\" class=\"menu-item menu-item-type-post_type menu-item-object-page menu-item-210\"><a href=\"https:\/\/meat.danpolmeat.pl\/pl\/opakowania-na-mieso\/\">Opakowania mi\u0119sne<\/a><\/li>\n<li id=\"menu-item-211\" class=\"menu-item menu-item-type-post_type menu-item-object-page menu-item-211\"><a href=\"https:\/\/meat.danpolmeat.pl\/pl\/zamawianie-online\/\">Zam\u00f3wienia online<\/a><\/li>\n<li id=\"menu-item-213\" class=\"menu-item menu-item-type-post_type menu-item-object-page menu-item-213\"><a href=\"https:\/\/meat.danpolmeat.pl\/pl\/specialty-product\/\">Produkt specjalistyczny<\/a><\/li>\n<\/ul>            <\/div><!-- \/.service-sidebar__single -->\r\n\t\t\t\t<\/div>\n\t\t\t\t<\/div>\n\t\t\t\t<div class=\"elementor-element elementor-element-737572d4 elementor-widget elementor-widget-boskery-sidebar-call-to-action\" data-id=\"737572d4\" data-element_type=\"widget\" data-widget_type=\"boskery-sidebar-call-to-action.default\">\n\t\t\t\t<div class=\"elementor-widget-container\">\n\t\t\t\t\t    <div class=\"service-sidebar__single wow fadeInRight\" data-wow-duration=\"1500ms\" data-wow-delay=\"200ms\">\r\n        <div class=\"contact\">\r\n            <div class=\"contact__bg\" style=\"background-image: url(https:\/\/bracketweb.com\/boskerywp\/wp-content\/uploads\/2024\/02\/service-sidebar-info-bg-1.jpg);\"><\/div><!-- \/.contact__bg -->\r\n            <div class=\"contact__content\">\r\n                <h3 class=\"contact__title\">ZADZWO\u0143 DO BEZPO\u015aREDNIEJ OBS\u0141UGI KLIENTA\n<\/h3>                <div class=\"contact__info\">\r\n                    <div class=\"contact__info__inner\">\r\n                        <div class=\"contact__info__icon\">\r\n                            <span class=\"icon-telephone\"><\/span>\r\n                        <\/div><!-- \/.contact__info__icon -->\r\n                        <div class=\"contact__info__right\">\r\n                            <h4 class=\"contact__info__title\">ZAPYTANIE O DOSTAW\u0118\n<\/h4><!-- \/.contact__info__title -->\r\n                            <a href=\"tel:+92-(8800)-68900\" class=\"contact__info__number\">+92 (8800) 68900<\/a><!-- \/.contact__info__number -->\r\n                        <\/div><!-- \/.contact__info__right -->\r\n                    <\/div><!-- \/.contact__info__inner -->\r\n                <\/div><!-- \/.contact__info -->\r\n            <\/div><!-- \/.contact__content -->\r\n        <\/div><!-- \/.contact -->\r\n    <\/div><!-- \/.service-sidebar__single -->\r\n\t\t\t\t<\/div>\n\t\t\t\t<\/div>\n\t\t\t\t<\/div>\n\t\t<div class=\"elementor-element elementor-element-152820a e-con-full e-flex e-con e-child\" data-id=\"152820a\" data-element_type=\"container\">\n\t\t\t\t<div class=\"elementor-element elementor-element-7257825b elementor-widget elementor-widget-image\" data-id=\"7257825b\" data-element_type=\"widget\" data-widget_type=\"image.default\">\n\t\t\t\t<div class=\"elementor-widget-container\">\n\t\t\t\t\t\t\t\t\t\t\t\t\t\t\t<img fetchpriority=\"high\" decoding=\"async\" width=\"770\" height=\"350\" src=\"https:\/\/meat.danpolmeat.pl\/wp-content\/uploads\/2024\/02\/service-d-4.jpg\" class=\"attachment-full size-full wp-image-2183\" alt=\"us\u0142uga-d-4\" srcset=\"https:\/\/meat.danpolmeat.pl\/wp-content\/uploads\/2024\/02\/service-d-4.jpg 770w, https:\/\/meat.danpolmeat.pl\/wp-content\/uploads\/2024\/02\/service-d-4-570x259.jpg 570w, https:\/\/meat.danpolmeat.pl\/wp-content\/uploads\/2024\/02\/service-d-4-300x136.jpg 300w, https:\/\/meat.danpolmeat.pl\/wp-content\/uploads\/2024\/02\/service-d-4-768x349.jpg 768w\" sizes=\"(max-width: 770px) 100vw, 770px\" \/>\t\t\t\t\t\t\t\t\t\t\t\t\t\t\t<\/div>\n\t\t\t\t<\/div>\n\t\t\t\t<div class=\"elementor-element elementor-element-5913a1b elementor-widget elementor-widget-text-editor\" data-id=\"5913a1b\" data-element_type=\"widget\" data-widget_type=\"text-editor.default\">\n\t\t\t\t<div class=\"elementor-widget-container\">\n\t\t\t\t\t\t\t\t\t<h3 class=\"service-details__title\">ZAMAWIANIE ONLINE<\/h3>\t\t\t\t\t\t\t\t<\/div>\n\t\t\t\t<\/div>\n\t\t\t\t<div class=\"elementor-element elementor-element-65448da7 elementor-widget elementor-widget-text-editor\" data-id=\"65448da7\" data-element_type=\"widget\" data-widget_type=\"text-editor.default\">\n\t\t\t\t<div class=\"elementor-widget-container\">\n\t\t\t\t\t\t\t\t\t<p class=\"service-details__text\">W Danpol Meat sprawiamy, \u017ce proces zamawiania jest prosty i wydajny za po\u015brednictwem naszej platformy online. Klienci mog\u0105 przegl\u0105da\u0107 nasz pe\u0142ny asortyment produkt\u00f3w, wybiera\u0107 konkretne kawa\u0142ki i opcje pakowania oraz sk\u0142ada\u0107 zam\u00f3wienia bezpo\u015brednio na naszej stronie internetowej. System zapewnia bezpieczne opcje p\u0142atno\u015bci, \u015bledzenie zam\u00f3wie\u0144 w czasie rzeczywistym i natychmiastowe potwierdzenie. Nasz zesp\u00f3\u0142 przetwarza ka\u017cde zam\u00f3wienie szybko, zapewniaj\u0105c niezawodn\u0105 dostaw\u0119 i zadowolenie klienta zar\u00f3wno hurtowego, jak i detalicznego.<\/p><p><!-- \/.service-details__text --><\/p>\t\t\t\t\t\t\t\t<\/div>\n\t\t\t\t<\/div>\n\t\t\t\t<div class=\"elementor-element elementor-element-7ba40cd0 elementor-widget elementor-widget-text-editor\" data-id=\"7ba40cd0\" data-element_type=\"widget\" data-widget_type=\"text-editor.default\">\n\t\t\t\t<div class=\"elementor-widget-container\">\n\t\t\t\t\t\t\t\t\t<div class=\"service-details__lists wow fadeInUp\" data-wow-duration=\"1500ms\" data-wow-delay=\"100ms\">\n<ul class=\"service-details__list\">\n \t<li><i class=\"icon-check\"><\/i>KONTROLA JAKO\u015aCI<\/li>\n \t<li><i class=\"icon-check\"><\/i>ZARZ\u0104DZANIE HIGIEN\u0104<\/li>\n<\/ul>\n<!-- \/.service-details__list -->\n<ul class=\"service-details__list\">\n \t<li><i class=\"icon-check\"><\/i>\u015aLEDZALNO\u015a\u0106<\/li>\n \t<li><i class=\"icon-check\"><\/i>PRZETWARZANIE NIESTANDARDOWE<\/li>\n<\/ul>\n<!-- \/.service-details__list -->\n<ul class=\"service-details__list\">\n \t<li><i class=\"icon-check\"><\/i>LOGISTYKA \u0141A\u0143CUCHA CH\u0141ODNICZEGO<\/li>\n \t<li><i class=\"icon-check\"><\/i>CERTYFIKATY<\/li>\n<\/ul>\n<!-- \/.service-details__list -->\n\n<\/div>\n<!-- \/.service-details__lists -->\t\t\t\t\t\t\t\t<\/div>\n\t\t\t\t<\/div>\n\t\t\t\t<div class=\"elementor-element elementor-element-42aa971 elementor-widget elementor-widget-text-editor\" data-id=\"42aa971\" data-element_type=\"widget\" data-widget_type=\"text-editor.default\">\n\t\t\t\t<div class=\"elementor-widget-container\">\n\t\t\t\t\t\t\t\t\t<div class=\"service-details__content__inner-2 wow fadeInUp\" data-wow-duration=\"1500ms\" data-wow-delay=\"50ms\"><h3 class=\"service-details__title\">Zam\u00f3wienia online<\/h3><p><!-- \/.service-details__title --><\/p><p class=\"first:mt-1.5\"><strong class=\"\">1. Rejestracja konta<\/strong><br \/>Klienci zak\u0142adaj\u0105 konto na platformie internetowej Danpol Meat, podaj\u0105c niezb\u0119dne dane firmowe lub osobowe.<\/p><p class=\"first:mt-1.5\"><strong class=\"\">2. Wyb\u00f3r produktu<\/strong><br \/>U\u017cytkownicy przegl\u0105daj\u0105 katalog produkt\u00f3w, wy\u015bwietlaj\u0105 szczeg\u00f3\u0142owe specyfikacje, wybieraj\u0105 interesuj\u0105ce ich pozycje, kroje i opcje pakowania.<\/p><p class=\"first:mt-1.5\"><strong class=\"\">3. Zam\u00f3w personalizacj\u0119<\/strong><br \/>Klienci mog\u0105 okre\u015bli\u0107 niestandardowe wymagania, takie jak wielko\u015b\u0107 porcji, rodzaj opakowania i preferencje dotycz\u0105ce dostawy.<\/p><p class=\"first:mt-1.5\"><strong class=\"\">4. Sk\u0142adanie zam\u00f3wie\u0144<\/strong><br \/>Zam\u00f3wienie jest sk\u0142adane za po\u015brednictwem bezpiecznego systemu online. Klienci otrzymuj\u0105 natychmiastowe potwierdzenie i podsumowanie zam\u00f3wienia.<\/p><p class=\"first:mt-1.5\"><strong class=\"\">5. Przetwarzanie p\u0142atno\u015bci<\/strong><br \/>Dost\u0119pne s\u0105 bezpieczne opcje p\u0142atno\u015bci, w tym bramki p\u0142atno\u015bci online i fakturowanie dla klient\u00f3w biznesowych.<\/p><p class=\"first:mt-1.5\"><strong class=\"\">6. Przetwarzanie zam\u00f3wienia<\/strong><br \/>Nasz zesp\u00f3\u0142 sprawdza zam\u00f3wienie, przygotowuje produkty zgodnie ze specyfikacj\u0105 i ustala termin dostawy.<\/p><p class=\"first:mt-1.5\"><strong class=\"\">7. \u015aledzenie zam\u00f3wie\u0144 i wsparcie<\/strong><br \/>Klienci mog\u0105 na bie\u017c\u0105co \u015bledzi\u0107 status swojego zam\u00f3wienia i kontaktowa\u0107 si\u0119 z dzia\u0142em obs\u0142ugi klienta w przypadku pyta\u0144 lub zmian.<\/p><p class=\"first:mt-1.5\"><strong class=\"\">8. Dostawa<\/strong><br \/>Zam\u00f3wienia s\u0105 wysy\u0142ane z wykorzystaniem \u0142a\u0144cucha ch\u0142odniczego, co gwarantuje \u015bwie\u017co\u015b\u0107 i jako\u015b\u0107 po przybyciu.<\/p><p><!-- \/.service-details__text --><\/p><\/div><p><!-- \/.service-details__content__inner-2 --><\/p>\t\t\t\t\t\t\t\t<\/div>\n\t\t\t\t<\/div>\n\t\t<div class=\"elementor-element elementor-element-5e5e9172 e-flex e-con-boxed e-con e-child\" data-id=\"5e5e9172\" data-element_type=\"container\">\n\t\t\t\t\t<div class=\"e-con-inner\">\n\t\t<div class=\"elementor-element elementor-element-6f102249 e-flex e-con-boxed e-con e-child\" data-id=\"6f102249\" data-element_type=\"container\">\n\t\t\t\t\t<div class=\"e-con-inner\">\n\t\t\t\t<div class=\"elementor-element elementor-element-464c1ed elementor-widget elementor-widget-image\" data-id=\"464c1ed\" data-element_type=\"widget\" data-widget_type=\"image.default\">\n\t\t\t\t<div class=\"elementor-widget-container\">\n\t\t\t\t\t\t\t\t\t\t\t\t\t\t\t<img decoding=\"async\" width=\"1920\" height=\"893\" src=\"https:\/\/meat.danpolmeat.pl\/wp-content\/uploads\/2025\/05\/beef-product-manufacture-process-infographic-from-farm-cow-to-market-meat-food-production-and-distribution-sausage-factory-line-set-vector.jpg\" class=\"attachment-full size-full wp-image-3440\" alt=\"\" srcset=\"https:\/\/meat.danpolmeat.pl\/wp-content\/uploads\/2025\/05\/beef-product-manufacture-process-infographic-from-farm-cow-to-market-meat-food-production-and-distribution-sausage-factory-line-set-vector.jpg 1920w, https:\/\/meat.danpolmeat.pl\/wp-content\/uploads\/2025\/05\/beef-product-manufacture-process-infographic-from-farm-cow-to-market-meat-food-production-and-distribution-sausage-factory-line-set-vector-300x140.jpg 300w, https:\/\/meat.danpolmeat.pl\/wp-content\/uploads\/2025\/05\/beef-product-manufacture-process-infographic-from-farm-cow-to-market-meat-food-production-and-distribution-sausage-factory-line-set-vector-1024x476.jpg 1024w, https:\/\/meat.danpolmeat.pl\/wp-content\/uploads\/2025\/05\/beef-product-manufacture-process-infographic-from-farm-cow-to-market-meat-food-production-and-distribution-sausage-factory-line-set-vector-768x357.jpg 768w, https:\/\/meat.danpolmeat.pl\/wp-content\/uploads\/2025\/05\/beef-product-manufacture-process-infographic-from-farm-cow-to-market-meat-food-production-and-distribution-sausage-factory-line-set-vector-1536x714.jpg 1536w, https:\/\/meat.danpolmeat.pl\/wp-content\/uploads\/2025\/05\/beef-product-manufacture-process-infographic-from-farm-cow-to-market-meat-food-production-and-distribution-sausage-factory-line-set-vector-570x265.jpg 570w\" sizes=\"(max-width: 1920px) 100vw, 1920px\" \/>\t\t\t\t\t\t\t\t\t\t\t\t\t\t\t<\/div>\n\t\t\t\t<\/div>\n\t\t\t\t\t<\/div>\n\t\t\t\t<\/div>\n\t\t\t\t\t<\/div>\n\t\t\t\t<\/div>\n\t\t\t\t<\/div>\n\t\t\t\t\t<\/div>\n\t\t\t\t<\/div>\n\t\t<div class=\"elementor-element elementor-element-e7359db e-con-full e-flex e-con e-parent\" data-id=\"e7359db\" data-element_type=\"container\">\n\t\t\t\t<div class=\"elementor-element elementor-element-2de514e elementor-widget elementor-widget-boskery-contact-form\" data-id=\"2de514e\" data-element_type=\"widget\" data-widget_type=\"boskery-contact-form.default\">\n\t\t\t\t<div class=\"elementor-widget-container\">\n\t\t\t\t\t\t<section class=\"details-form details-form--service section-space-bottom\">\r\n\t\t<div class=\"details-form__bg\" style=\"background-image: url(https:\/\/bracketweb.com\/boskerywp\/wp-content\/uploads\/2024\/02\/service-details-form-bg.png);\"><\/div><!-- \/.details-form__bg -->\r\n\t\t<div class=\"container\">\r\n\t\t\t<div class=\"details-form__content\">\r\n\t\t\t\t<div class=\"sec-title @@extraClassName\">\r\n\t\t\t\t\t<h3 class=\"sec-title__title\">SKONTAKTUJ SI\u0118<\/h3>\t\t\t\t<\/div><!-- \/.sec-title -->\r\n\t\t\t\t<p class=\"details-form__text\">Tw\u00f3j adres e-mail nie zostanie opublikowany. Wymagane pola s\u0105 oznaczone *<\/p>\t\t\t<\/div><!-- \/.details-form__content -->\r\n\t\t\t<div class=\"form-one details-form__form\">\r\n\t\t\t\t<div class=\"wpcf7 no-js\" id=\"wpcf7-f1712-o1\" lang=\"en-US\" dir=\"ltr\" data-wpcf7-id=\"1712\">\n<div class=\"screen-reader-response\"><p role=\"status\" aria-live=\"polite\" aria-atomic=\"true\"><\/p> <ul><\/ul><\/div>\n<form action=\"\/pl\/wp-json\/wp\/v2\/pages\/183#wpcf7-f1712-o1\" method=\"post\" class=\"wpcf7-form init\" aria-label=\"Contact form\" novalidate=\"novalidate\" data-status=\"init\" data-trp-original-action=\"\/pl\/wp-json\/wp\/v2\/pages\/183#wpcf7-f1712-o1\">\n<div style=\"display: none;\">\n<input type=\"hidden\" name=\"_wpcf7\" value=\"1712\" \/>\n<input type=\"hidden\" name=\"_wpcf7_version\" value=\"6.0.6\" \/>\n<input type=\"hidden\" name=\"_wpcf7_locale\" value=\"en_US\" \/>\n<input type=\"hidden\" name=\"_wpcf7_unit_tag\" value=\"wpcf7-f1712-o1\" \/>\n<input type=\"hidden\" name=\"_wpcf7_container_post\" value=\"0\" \/>\n<input type=\"hidden\" name=\"_wpcf7_posted_data_hash\" value=\"\" \/>\n<\/div>\n<div class=\"form-one__group form-one__group--grid\">\n    <div class=\"form-one__control wow fadeInUp\" data-wow-duration=\"1500ms\" data-wow-delay=\"00ms\">\n        <span class=\"wpcf7-form-control-wrap\" data-name=\"text-182\"><input size=\"40\" maxlength=\"400\" class=\"wpcf7-form-control wpcf7-text wpcf7-validates-as-required\" aria-required=\"true\" aria-invalid=\"false\" placeholder=\"Twoje imi\u0119\" value=\"\" type=\"text\" name=\"text-182\" \/><\/span>\n    <\/div><!-- \/.form-one__control  -->\n    <div class=\"form-one__control wow fadeInUp\" data-wow-duration=\"1500ms\" data-wow-delay=\"50ms\">\n         <span class=\"wpcf7-form-control-wrap\" data-name=\"email-312\"><input size=\"40\" maxlength=\"400\" class=\"wpcf7-form-control wpcf7-email wpcf7-validates-as-required wpcf7-text wpcf7-validates-as-email\" aria-required=\"true\" aria-invalid=\"false\" placeholder=\"Tw\u00f3j e-mail\" value=\"\" type=\"email\" name=\"email-312\" \/><\/span>\n    <\/div><!-- \/.form-one__control -->\n    <div class=\"form-one__control form-one__control--full wow fadeInUp\" data-wow-duration=\"1500ms\" data-wow-delay=\"100ms\">\n         <span class=\"wpcf7-form-control-wrap\" data-name=\"textarea-276\"><textarea cols=\"40\" rows=\"10\" maxlength=\"2000\" class=\"wpcf7-form-control wpcf7-textarea wpcf7-validates-as-required\" aria-required=\"true\" aria-invalid=\"false\" placeholder=\"Napisz wiadomo\u015b\u0107 . . .\" name=\"textarea-276\"><\/textarea><\/span>\n    <\/div><!-- \/.form-one__control -->\n    <div class=\"form-one__control form-one__control--full wow fadeInUp\" data-wow-duration=\"1500ms\" data-wow-delay=\"150ms\">\n        <button type=\"submit\" class=\"boskery-btn\">\n            <span class=\"boskery-btn__hover\"><\/span>\n            <span class=\"boskery-btn__hover\"><\/span>\n            <span class=\"boskery-btn__hover\"><\/span>\n            <span class=\"boskery-btn__hover\"><\/span>\n            <span class=\"boskery-btn__hover\"><\/span>\n            <span class=\"boskery-btn__hover\"><\/span>\n            <span class=\"boskery-btn__text\">Wy\u015blij wiadomo\u015b\u0107<\/span>\n            <i class=\"icon-meat-3\"><\/i>\n        <\/button>\n    <\/div><!-- \/.form-one__control -->\n<\/div><!-- \/.form-one__group --><div class=\"wpcf7-response-output\" aria-hidden=\"true\"><\/div>\n<input type=\"hidden\" name=\"trp-form-language\" value=\"pl\"\/><\/form>\n<\/div>\t\t\t<\/div>\r\n\t\t<\/div><!-- \/.container -->\r\n\t<\/section><!-- \/.details-form section-space-bottom -->\r\n\t\t\t\t<\/div>\n\t\t\t\t<\/div>\n\t\t\t\t<\/div>\n\t\t\t\t<\/div>","protected":false},"excerpt":{"rendered":"<p>Custom Cutting Meat Preparation Meat Packaging Online Ordering Beef Tenderloin Specialty Product CALL FOR DIRECT CUSTOMER SERVICE CALL FOR DELIVERY +92 (8800) 68900 ONLINE ORDERING At Danpol Meat, we make the ordering process simple and efficient through our online platform. Customers can browse our full product range, select specific cuts and packaging options, and place [&hellip;]<\/p>","protected":false},"author":1,"featured_media":0,"parent":0,"menu_order":0,"comment_status":"closed","ping_status":"closed","template":"elementor_header_footer","meta":{"footnotes":""},"class_list":["post-183","page","type-page","status-publish","hentry"],"_links":{"self":[{"href":"https:\/\/meat.danpolmeat.pl\/pl\/wp-json\/wp\/v2\/pages\/183","targetHints":{"allow":["GET"]}}],"collection":[{"href":"https:\/\/meat.danpolmeat.pl\/pl\/wp-json\/wp\/v2\/pages"}],"about":[{"href":"https:\/\/meat.danpolmeat.pl\/pl\/wp-json\/wp\/v2\/types\/page"}],"author":[{"embeddable":true,"href":"https:\/\/meat.danpolmeat.pl\/pl\/wp-json\/wp\/v2\/users\/1"}],"replies":[{"embeddable":true,"href":"https:\/\/meat.danpolmeat.pl\/pl\/wp-json\/wp\/v2\/comments?post=183"}],"version-history":[{"count":11,"href":"https:\/\/meat.danpolmeat.pl\/pl\/wp-json\/wp\/v2\/pages\/183\/revisions"}],"predecessor-version":[{"id":3811,"href":"https:\/\/meat.danpolmeat.pl\/pl\/wp-json\/wp\/v2\/pages\/183\/revisions\/3811"}],"wp:attachment":[{"href":"https:\/\/meat.danpolmeat.pl\/pl\/wp-json\/wp\/v2\/media?parent=183"}],"curies":[{"name":"wp","href":"https:\/\/api.w.org\/{rel}","templated":true}]}}