{"id":180,"date":"2024-02-01T02:30:13","date_gmt":"2024-02-01T02:30:13","guid":{"rendered":"http:\/\/boskery-demo.local\/?page_id=180"},"modified":"2025-05-29T09:11:45","modified_gmt":"2025-05-29T09:11:45","slug":"custom-cutting","status":"publish","type":"page","link":"https:\/\/meat.danpolmeat.pl\/pl\/custom-cutting\/","title":{"rendered":"Ci\u0119cie na zam\u00f3wienie"},"content":{"rendered":"<div data-elementor-type=\"wp-page\" data-elementor-id=\"180\" class=\"elementor elementor-180\">\n\t\t\t\t<div class=\"elementor-element elementor-element-fb0210a section-space e-flex e-con-boxed e-con e-parent\" data-id=\"fb0210a\" data-element_type=\"container\">\n\t\t\t\t\t<div class=\"e-con-inner\">\n\t\t<div class=\"elementor-element elementor-element-dff559a e-con-full e-flex e-con e-child\" data-id=\"dff559a\" data-element_type=\"container\">\n\t\t\t\t<div class=\"elementor-element elementor-element-da6e6df elementor-widget elementor-widget-sidebar-nav\" data-id=\"da6e6df\" data-element_type=\"widget\" data-widget_type=\"sidebar-nav.default\">\n\t\t\t\t<div class=\"elementor-widget-container\">\n\t\t\t\t\t    <div class=\"service-sidebar__single wow fadeInRight\" data-wow-duration=\"1500ms\" data-wow-delay=\"0ms\">\r\n                    <ul id=\"menu-services-list\" class=\"list-unstyled service-sidebar__nav ml-0\"><li id=\"menu-item-208\" class=\"menu-item menu-item-type-post_type menu-item-object-page menu-item-208\"><a href=\"https:\/\/meat.danpolmeat.pl\/pl\/custom-cutting\/\">Ci\u0119cie na zam\u00f3wienie<\/a><\/li>\n<li id=\"menu-item-209\" class=\"menu-item menu-item-type-post_type menu-item-object-page menu-item-209\"><a href=\"https:\/\/meat.danpolmeat.pl\/pl\/przygotowanie-miesa\/\">Przygotowanie mi\u0119sa<\/a><\/li>\n<li id=\"menu-item-210\" class=\"menu-item menu-item-type-post_type menu-item-object-page menu-item-210\"><a href=\"https:\/\/meat.danpolmeat.pl\/pl\/opakowania-na-mieso\/\">Opakowania mi\u0119sne<\/a><\/li>\n<li id=\"menu-item-211\" class=\"menu-item menu-item-type-post_type menu-item-object-page menu-item-211\"><a href=\"https:\/\/meat.danpolmeat.pl\/pl\/zamawianie-online\/\">Zam\u00f3wienia online<\/a><\/li>\n<li id=\"menu-item-213\" class=\"menu-item menu-item-type-post_type menu-item-object-page menu-item-213\"><a href=\"https:\/\/meat.danpolmeat.pl\/pl\/specialty-product\/\">Produkt specjalistyczny<\/a><\/li>\n<\/ul>            <\/div><!-- \/.service-sidebar__single -->\r\n\t\t\t\t<\/div>\n\t\t\t\t<\/div>\n\t\t\t\t<div class=\"elementor-element elementor-element-e3479c4 elementor-widget elementor-widget-boskery-sidebar-call-to-action\" data-id=\"e3479c4\" data-element_type=\"widget\" data-widget_type=\"boskery-sidebar-call-to-action.default\">\n\t\t\t\t<div class=\"elementor-widget-container\">\n\t\t\t\t\t    <div class=\"service-sidebar__single wow fadeInRight\" data-wow-duration=\"1500ms\" data-wow-delay=\"200ms\">\r\n        <div class=\"contact\">\r\n            <div class=\"contact__bg\" style=\"background-image: url(https:\/\/bracketweb.com\/boskerywp\/wp-content\/uploads\/2024\/02\/service-sidebar-info-bg-1.jpg);\"><\/div><!-- \/.contact__bg -->\r\n            <div class=\"contact__content\">\r\n                <h3 class=\"contact__title\">ZADZWO\u0143 DO BEZPO\u015aREDNIEJ OBS\u0141UGI KLIENTA\n<\/h3>                <div class=\"contact__info\">\r\n                    <div class=\"contact__info__inner\">\r\n                        <div class=\"contact__info__icon\">\r\n                            <span class=\"icon-telephone\"><\/span>\r\n                        <\/div><!-- \/.contact__info__icon -->\r\n                        <div class=\"contact__info__right\">\r\n                            <h4 class=\"contact__info__title\">ZAPYTANIE O DOSTAW\u0118\n<\/h4><!-- \/.contact__info__title -->\r\n                            <a href=\"tel:+92-(8800)-68900\" class=\"contact__info__number\">+92 (8800) 68900<\/a><!-- \/.contact__info__number -->\r\n                        <\/div><!-- \/.contact__info__right -->\r\n                    <\/div><!-- \/.contact__info__inner -->\r\n                <\/div><!-- \/.contact__info -->\r\n            <\/div><!-- \/.contact__content -->\r\n        <\/div><!-- \/.contact -->\r\n    <\/div><!-- \/.service-sidebar__single -->\r\n\t\t\t\t<\/div>\n\t\t\t\t<\/div>\n\t\t\t\t<\/div>\n\t\t<div class=\"elementor-element elementor-element-b2d03d2 e-con-full e-flex e-con e-child\" data-id=\"b2d03d2\" data-element_type=\"container\">\n\t\t\t\t<div class=\"elementor-element elementor-element-7c83920 elementor-widget elementor-widget-image\" data-id=\"7c83920\" data-element_type=\"widget\" data-widget_type=\"image.default\">\n\t\t\t\t<div class=\"elementor-widget-container\">\n\t\t\t\t\t\t\t\t\t\t\t\t\t\t\t<img fetchpriority=\"high\" decoding=\"async\" width=\"770\" height=\"350\" src=\"https:\/\/meat.danpolmeat.pl\/wp-content\/uploads\/2024\/02\/service-d-1.jpg\" class=\"attachment-full size-full wp-image-2162\" alt=\"us\u0142uga-d-1\" srcset=\"https:\/\/meat.danpolmeat.pl\/wp-content\/uploads\/2024\/02\/service-d-1.jpg 770w, https:\/\/meat.danpolmeat.pl\/wp-content\/uploads\/2024\/02\/service-d-1-570x259.jpg 570w, https:\/\/meat.danpolmeat.pl\/wp-content\/uploads\/2024\/02\/service-d-1-300x136.jpg 300w, https:\/\/meat.danpolmeat.pl\/wp-content\/uploads\/2024\/02\/service-d-1-768x349.jpg 768w\" sizes=\"(max-width: 770px) 100vw, 770px\" \/>\t\t\t\t\t\t\t\t\t\t\t\t\t\t\t<\/div>\n\t\t\t\t<\/div>\n\t\t\t\t<div class=\"elementor-element elementor-element-a467d00 elementor-widget elementor-widget-text-editor\" data-id=\"a467d00\" data-element_type=\"widget\" data-widget_type=\"text-editor.default\">\n\t\t\t\t<div class=\"elementor-widget-container\">\n\t\t\t\t\t\t\t\t\t<h3 class=\"service-details__title\">CI\u0118CIE NA ZAM\u00d3WIENIE\n<\/h3>\t\t\t\t\t\t\t\t<\/div>\n\t\t\t\t<\/div>\n\t\t\t\t<div class=\"elementor-element elementor-element-9e4de08 elementor-widget elementor-widget-text-editor\" data-id=\"9e4de08\" data-element_type=\"widget\" data-widget_type=\"text-editor.default\">\n\t\t\t\t<div class=\"elementor-widget-container\">\n\t\t\t\t\t\t\t\t\t<p class=\"service-details__text\">W Danpol Meat oferujemy niestandardowe us\u0142ugi ci\u0119cia dostosowane do Twoich dok\u0142adnych wymaga\u0144. Nasz do\u015bwiadczony zesp\u00f3\u0142 przetwarza wo\u0142owin\u0119 zgodnie z preferowan\u0105 grubo\u015bci\u0105, rozmiarem i stylem ci\u0119cia, zapewniaj\u0105c sp\u00f3jno\u015b\u0107 i jako\u015b\u0107 ka\u017cdej partii. Obs\u0142ugujemy zar\u00f3wno klient\u00f3w detalicznych, jak i przemys\u0142owych z precyzj\u0105 i elastyczno\u015bci\u0105.<\/p><p><!-- \/.service-details__text --><\/p>\t\t\t\t\t\t\t\t<\/div>\n\t\t\t\t<\/div>\n\t\t\t\t<div class=\"elementor-element elementor-element-643dc37 elementor-widget elementor-widget-text-editor\" data-id=\"643dc37\" data-element_type=\"widget\" data-widget_type=\"text-editor.default\">\n\t\t\t\t<div class=\"elementor-widget-container\">\n\t\t\t\t\t\t\t\t\t<div class=\"service-details__content__inner-2 wow fadeInUp\" data-wow-duration=\"1500ms\" data-wow-delay=\"50ms\"><h3 class=\"service-details__title\">NASZE US\u0141UGI<\/h3><p><!-- \/.service-details__title --><\/p><p class=\"service-details__text\">Danpol Meat specjalizuje si\u0119 w przemys\u0142owym przetw\u00f3rstwie mi\u0119sa, oferuj\u0105c pe\u0142en zakres us\u0142ug, w tym porcjowanie, oddzielanie ko\u015bci, przycinanie i pakowanie. Skupiamy si\u0119 na wydajno\u015bci, higienie i jako\u015bci, dostarczaj\u0105c produkty spe\u0142niaj\u0105ce najwy\u017csze standardy bran\u017cowe. Nasze rozwi\u0105zania s\u0105 przeznaczone dla partner\u00f3w z bran\u017cy gastronomicznej, hurtowej i produkcyjnej.<\/p><p><!-- \/.service-details__text --><\/p><\/div><p><!-- \/.service-details__content__inner-2 --><\/p>\t\t\t\t\t\t\t\t<\/div>\n\t\t\t\t<\/div>\n\t\t\t\t<div class=\"elementor-element elementor-element-1b9cec3 elementor-widget elementor-widget-text-editor\" data-id=\"1b9cec3\" data-element_type=\"widget\" data-widget_type=\"text-editor.default\">\n\t\t\t\t<div class=\"elementor-widget-container\">\n\t\t\t\t\t\t\t\t\t<div class=\"service-details__lists wow fadeInUp\" data-wow-duration=\"1500ms\" data-wow-delay=\"100ms\"><ul class=\"service-details__list\"><li><i class=\"icon-check\"><\/i>KONTROLA JAKO\u015aCI<\/li><li><i class=\"icon-check\"><\/i>ZARZ\u0104DZANIE HIGIEN\u0104<\/li><\/ul><p><!-- \/.service-details__list --><\/p><ul class=\"service-details__list\"><li><i class=\"icon-check\"><\/i>\u015aLEDZALNO\u015a\u0106<\/li><li><i class=\"icon-check\"><\/i>PRZETWARZANIE NIESTANDARDOWE<\/li><\/ul><p><!-- \/.service-details__list --><\/p><ul class=\"service-details__list\"><li><i class=\"icon-check\"><\/i>LOGISTYKA \u0141A\u0143CUCHA CH\u0141ODNICZEGO<\/li><li><i class=\"icon-check\"><\/i>CERTYFIKATY<\/li><\/ul><p><!-- \/.service-details__list --><\/p><\/div><p><!-- \/.service-details__lists --><\/p>\t\t\t\t\t\t\t\t<\/div>\n\t\t\t\t<\/div>\n\t\t<div class=\"elementor-element elementor-element-5d51ec6 e-flex e-con-boxed e-con e-child\" data-id=\"5d51ec6\" data-element_type=\"container\">\n\t\t\t\t\t<div class=\"e-con-inner\">\n\t\t<div class=\"elementor-element elementor-element-d21d168 e-flex e-con-boxed e-con e-child\" data-id=\"d21d168\" data-element_type=\"container\">\n\t\t\t\t\t<div class=\"e-con-inner\">\n\t\t\t\t<div class=\"elementor-element elementor-element-8da09ad elementor-widget elementor-widget-image\" data-id=\"8da09ad\" data-element_type=\"widget\" data-widget_type=\"image.default\">\n\t\t\t\t<div class=\"elementor-widget-container\">\n\t\t\t\t\t\t\t\t\t\t\t\t\t\t\t<img decoding=\"async\" width=\"803\" height=\"802\" src=\"https:\/\/meat.danpolmeat.pl\/wp-content\/uploads\/2024\/02\/cropped-Danpol-deneme-logo-3-buyuk.png\" class=\"attachment-full size-full wp-image-3430\" alt=\"\" srcset=\"https:\/\/meat.danpolmeat.pl\/wp-content\/uploads\/2024\/02\/cropped-Danpol-deneme-logo-3-buyuk.png 803w, https:\/\/meat.danpolmeat.pl\/wp-content\/uploads\/2024\/02\/cropped-Danpol-deneme-logo-3-buyuk-300x300.png 300w, https:\/\/meat.danpolmeat.pl\/wp-content\/uploads\/2024\/02\/cropped-Danpol-deneme-logo-3-buyuk-150x150.png 150w, https:\/\/meat.danpolmeat.pl\/wp-content\/uploads\/2024\/02\/cropped-Danpol-deneme-logo-3-buyuk-768x767.png 768w, https:\/\/meat.danpolmeat.pl\/wp-content\/uploads\/2024\/02\/cropped-Danpol-deneme-logo-3-buyuk-76x75.png 76w, https:\/\/meat.danpolmeat.pl\/wp-content\/uploads\/2024\/02\/cropped-Danpol-deneme-logo-3-buyuk-70x70.png 70w, https:\/\/meat.danpolmeat.pl\/wp-content\/uploads\/2024\/02\/cropped-Danpol-deneme-logo-3-buyuk-270x270.png 270w, https:\/\/meat.danpolmeat.pl\/wp-content\/uploads\/2024\/02\/cropped-Danpol-deneme-logo-3-buyuk-570x569.png 570w, https:\/\/meat.danpolmeat.pl\/wp-content\/uploads\/2024\/02\/cropped-Danpol-deneme-logo-3-buyuk-100x100.png 100w, https:\/\/meat.danpolmeat.pl\/wp-content\/uploads\/2024\/02\/cropped-Danpol-deneme-logo-3-buyuk-460x460.png 460w\" sizes=\"(max-width: 803px) 100vw, 803px\" \/>\t\t\t\t\t\t\t\t\t\t\t\t\t\t\t<\/div>\n\t\t\t\t<\/div>\n\t\t\t\t\t<\/div>\n\t\t\t\t<\/div>\n\t\t<div class=\"elementor-element elementor-element-e9e0c7e e-flex e-con-boxed e-con e-child\" data-id=\"e9e0c7e\" data-element_type=\"container\">\n\t\t\t\t\t<div class=\"e-con-inner\">\n\t\t\t\t<div class=\"elementor-element elementor-element-e1b4d8b elementor-widget elementor-widget-image\" data-id=\"e1b4d8b\" data-element_type=\"widget\" data-widget_type=\"image.default\">\n\t\t\t\t<div class=\"elementor-widget-container\">\n\t\t\t\t\t\t\t\t\t\t\t\t\t\t\t<img decoding=\"async\" width=\"640\" height=\"640\" src=\"https:\/\/meat.danpolmeat.pl\/wp-content\/uploads\/2025\/05\/Danpol-ET-logo-SIYAH.png\" class=\"attachment-large size-large wp-image-3368\" alt=\"\" srcset=\"https:\/\/meat.danpolmeat.pl\/wp-content\/uploads\/2025\/05\/Danpol-ET-logo-SIYAH.png 1024w, https:\/\/meat.danpolmeat.pl\/wp-content\/uploads\/2025\/05\/Danpol-ET-logo-SIYAH-300x300.png 300w, https:\/\/meat.danpolmeat.pl\/wp-content\/uploads\/2025\/05\/Danpol-ET-logo-SIYAH-150x150.png 150w, https:\/\/meat.danpolmeat.pl\/wp-content\/uploads\/2025\/05\/Danpol-ET-logo-SIYAH-768x768.png 768w, https:\/\/meat.danpolmeat.pl\/wp-content\/uploads\/2025\/05\/Danpol-ET-logo-SIYAH-76x75.png 76w, https:\/\/meat.danpolmeat.pl\/wp-content\/uploads\/2025\/05\/Danpol-ET-logo-SIYAH-70x70.png 70w, https:\/\/meat.danpolmeat.pl\/wp-content\/uploads\/2025\/05\/Danpol-ET-logo-SIYAH-270x270.png 270w, https:\/\/meat.danpolmeat.pl\/wp-content\/uploads\/2025\/05\/Danpol-ET-logo-SIYAH-570x570.png 570w, https:\/\/meat.danpolmeat.pl\/wp-content\/uploads\/2025\/05\/Danpol-ET-logo-SIYAH-100x100.png 100w, https:\/\/meat.danpolmeat.pl\/wp-content\/uploads\/2025\/05\/Danpol-ET-logo-SIYAH-460x460.png 460w\" sizes=\"(max-width: 640px) 100vw, 640px\" \/>\t\t\t\t\t\t\t\t\t\t\t\t\t\t\t<\/div>\n\t\t\t\t<\/div>\n\t\t\t\t\t<\/div>\n\t\t\t\t<\/div>\n\t\t\t\t\t<\/div>\n\t\t\t\t<\/div>\n\t\t\t\t<div class=\"elementor-element elementor-element-5de25d6 elementor-widget elementor-widget-text-editor\" data-id=\"5de25d6\" data-element_type=\"widget\" data-widget_type=\"text-editor.default\">\n\t\t\t\t<div class=\"elementor-widget-container\">\n\t\t\t\t\t\t\t\t\t<div class=\"service-details__content__inner-3 wow fadeInUp\" data-wow-duration=\"1500ms\" data-wow-delay=\"0ms\"><h3 class=\"service-details__title\">Przycinanie mi\u0119sa<\/h3><p><!-- \/.service-details__title --><\/p><p class=\"service-details__text\">Nasza us\u0142uga przycinania mi\u0119sa zapewnia, \u017ce ka\u017cdy kawa\u0142ek jest czysty, chudy i gotowy do dalszej obr\u00f3bki. Danpol Meat usuwa nadmiar t\u0142uszczu, \u015bci\u0119gna i niechcian\u0105 tkank\u0119, dostarczaj\u0105c jednolite i wysokiej jako\u015bci produkty. Zachowujemy \u015bcis\u0142\u0105 higien\u0119 i dba\u0142o\u015b\u0107 o szczeg\u00f3\u0142y na ka\u017cdym etapie.<\/p><p><!-- \/.service-details__text --><\/p><\/div><p><!-- \/.service-details__content__inner-3 --><\/p>\t\t\t\t\t\t\t\t<\/div>\n\t\t\t\t<\/div>\n\t\t\t\t<div class=\"elementor-element elementor-element-2305194 elementor-widget__width-initial elementor-widget elementor-widget-boskery-faq\" data-id=\"2305194\" data-element_type=\"widget\" data-widget_type=\"boskery-faq.default\">\n\t\t\t\t<div class=\"elementor-widget-container\">\n\t\t\t\t\t\r\n    <div class=\"service-details__faq\">\r\n        <h4 class=\"service-details__title service-details__faq__title\">NAJCZ\u0118\u015aCIEJ ZADAWANE PYTANIA<\/h4><!-- \/.service-details__title -->\r\n        <div class=\"faq-accordion boskery-accordion\" data-grp-name=\"boskery-accordion69eb9fcf7e5d2\">\r\n                            <div class=\"accordion wow fadeInUp active\" data-wow-duration=\"1500ms\" data-wow-delay=\"00ms\">\r\n                    <div class=\"accordion-title\">\r\n                        <h4>Co wyr\u00f3\u017cnia Danpol Meat?                            <span class=\"accordion-title__icon\"><\/span>\r\n                        <\/h4>\r\n                    <\/div><!-- \/.accordion-title -->\r\n\r\n                    <div class=\"accordion-content\">\r\n                        <div class=\"inner\">\r\n                            <div class=\"inner__bg\" style=\"background-image: url(https:\/\/bracketweb.com\/boskerywp\/wp-content\/uploads\/2024\/02\/faq-1-1.jpg);\">\r\n                            <\/div><!-- \/.inner__bg -->\r\n                            <p>Danpol Meat wyr\u00f3\u017cnia si\u0119 zaanga\u017cowaniem w jako\u015b\u0107, precyzj\u0119 i zadowolenie klienta. Oferujemy niestandardowe rozwi\u0105zania, zaawansowane przetwarzanie i niezawodn\u0105 obs\u0142ug\u0119 zar\u00f3wno dla klient\u00f3w detalicznych, jak i przemys\u0142owych. Nasz do\u015bwiadczony zesp\u00f3\u0142 zapewnia, \u017ce ka\u017cde zam\u00f3wienie spe\u0142nia Twoje wymagania.<\/p>\r\n                        <\/div><!-- \/.accordion-content -->\r\n                    <\/div>\r\n                <\/div><!-- \/.accordion-item -->\r\n                            <div class=\"accordion wow fadeInUp\" data-wow-duration=\"1500ms\" data-wow-delay=\"10ms\">\r\n                    <div class=\"accordion-title\">\r\n                        <h4>Czy mi\u0119so ze sklepu mi\u0119snego jest \u015bwie\u017ce?                            <span class=\"accordion-title__icon\"><\/span>\r\n                        <\/h4>\r\n                    <\/div><!-- \/.accordion-title -->\r\n\r\n                    <div class=\"accordion-content\">\r\n                        <div class=\"inner\">\r\n                            <div class=\"inner__bg\" style=\"background-image: url(https:\/\/bracketweb.com\/boskerywp\/wp-content\/uploads\/2024\/02\/faq-1-1.jpg);\">\r\n                            <\/div><!-- \/.inner__bg -->\r\n                            <p>W Danpol Meat dostarczamy naszym partnerom \u2014 w tym sklepom mi\u0119snym, detalistom i firmom gastronomicznym \u2014 wo\u0142owin\u0119, kt\u00f3ra jest przetwarzana, pakowana i dostarczana zgodnie z surowymi standardami jako\u015bci i higieny. \u015awie\u017co\u015b\u0107 mi\u0119sa w sklepie mi\u0119snym zale\u017cy od tego, jak szybko jest sprzedawane i jak dobrze przechowywane po dostawie. Dbamy o to, aby wszystkie nasze produkty opuszcza\u0142y nasz zak\u0142ad w stanie najwy\u017cszej \u015bwie\u017co\u015bci, z w pe\u0142ni utrzymanym \u0142a\u0144cuchem ch\u0142odniczym i jasn\u0105 identyfikowalno\u015bci\u0105. Aby uzyska\u0107 najlepsze rezultaty, zalecamy, aby nasi partnerzy przestrzegali w\u0142a\u015bciwych wytycznych dotycz\u0105cych przechowywania i sprzedawali produkty w zalecanych ramach czasowych, aby zagwarantowa\u0107 \u015bwie\u017co\u015b\u0107 dla klienta ko\u0144cowego.<\/p>\r\n                        <\/div><!-- \/.accordion-content -->\r\n                    <\/div>\r\n                <\/div><!-- \/.accordion-item -->\r\n                            <div class=\"accordion wow fadeInUp\" data-wow-duration=\"1500ms\" data-wow-delay=\"20ms\">\r\n                    <div class=\"accordion-title\">\r\n                        <h4>Czy Danpol Meat sprzedaje inne produkty opr\u00f3cz mi\u0119sa?                            <span class=\"accordion-title__icon\"><\/span>\r\n                        <\/h4>\r\n                    <\/div><!-- \/.accordion-title -->\r\n\r\n                    <div class=\"accordion-content\">\r\n                        <div class=\"inner\">\r\n                            <div class=\"inner__bg\" style=\"background-image: url(https:\/\/bracketweb.com\/boskerywp\/wp-content\/uploads\/2024\/02\/faq-1-1.jpg);\">\r\n                            <\/div><!-- \/.inner__bg -->\r\n                            <p>Danpol Meat specjalizuje si\u0119 w wysokiej jako\u015bci produktach wo\u0142owych, ale oferujemy r\u00f3wnie\u017c szereg przetworzonych produkt\u00f3w drobiowych, w tym produkty z indyka i kurczaka. Ponadto produkujemy kebaby doner i inne rozwi\u0105zania mi\u0119sne o warto\u015bci dodanej dla naszych klient\u00f3w. Skupiamy si\u0119 na dostarczaniu bezpiecznych, wysokiej jako\u015bci opcji wo\u0142owiny i drobiu dla partner\u00f3w detalicznych, gastronomicznych i przemys\u0142owych.<\/p>\r\n                        <\/div><!-- \/.accordion-content -->\r\n                    <\/div>\r\n                <\/div><!-- \/.accordion-item -->\r\n                            <div class=\"accordion wow fadeInUp\" data-wow-duration=\"1500ms\" data-wow-delay=\"30ms\">\r\n                    <div class=\"accordion-title\">\r\n                        <h4>Czy w sklepie Danpol Meat Food Sp z oo mog\u0119 zam\u00f3wi\u0107 indywidualne ci\u0119cia?                            <span class=\"accordion-title__icon\"><\/span>\r\n                        <\/h4>\r\n                    <\/div><!-- \/.accordion-title -->\r\n\r\n                    <div class=\"accordion-content\">\r\n                        <div class=\"inner\">\r\n                            <div class=\"inner__bg\" style=\"background-image: url(https:\/\/bracketweb.com\/boskerywp\/wp-content\/uploads\/2024\/02\/faq-1-1.jpg);\">\r\n                            <\/div><!-- \/.inner__bg -->\r\n                            <p>Tak, w Danpol Meat oferujemy niestandardowe us\u0142ugi ci\u0119cia, aby spe\u0142ni\u0107 Twoje specyficzne wymagania. Nasz do\u015bwiadczony zesp\u00f3\u0142 mo\u017ce przetwarza\u0107 wo\u0142owin\u0119, dr\u00f3b i produkty do kebaba zgodnie z Twoimi preferowanymi rozmiarami, grubo\u015bci\u0105 i specyfikacjami. Wsp\u00f3\u0142pracujemy \u015bci\u015ble z naszymi klientami, aby zapewni\u0107, \u017ce ka\u017cde zam\u00f3wienie odpowiada ich potrzebom, niezale\u017cnie od tego, czy jest to sprzeda\u017c detaliczna, gastronomia czy zastosowanie przemys\u0142owe. Skontaktuj si\u0119 z naszym zespo\u0142em sprzeda\u017cy, aby om\u00f3wi\u0107 niestandardowe opcje ci\u0119cia.<\/p>\r\n                        <\/div><!-- \/.accordion-content -->\r\n                    <\/div>\r\n                <\/div><!-- \/.accordion-item -->\r\n                    <\/div><!-- \/.faq-accordion -->\r\n    <\/div><!-- \/.service-details__faq -->\r\n\r\n\t\t\t\t<\/div>\n\t\t\t\t<\/div>\n\t\t\t\t<\/div>\n\t\t\t\t\t<\/div>\n\t\t\t\t<\/div>\n\t\t<div class=\"elementor-element elementor-element-111a31c e-con-full e-flex e-con e-parent\" data-id=\"111a31c\" data-element_type=\"container\">\n\t\t\t\t<div class=\"elementor-element elementor-element-ca50d09 elementor-widget elementor-widget-boskery-contact-form\" data-id=\"ca50d09\" data-element_type=\"widget\" data-widget_type=\"boskery-contact-form.default\">\n\t\t\t\t<div class=\"elementor-widget-container\">\n\t\t\t\t\t\t<section class=\"details-form details-form--service section-space-bottom\">\r\n\t\t<div class=\"details-form__bg\" style=\"background-image: url(https:\/\/bracketweb.com\/boskerywp\/wp-content\/uploads\/2024\/02\/service-details-form-bg.png);\"><\/div><!-- \/.details-form__bg -->\r\n\t\t<div class=\"container\">\r\n\t\t\t<div class=\"details-form__content\">\r\n\t\t\t\t<div class=\"sec-title @@extraClassName\">\r\n\t\t\t\t\t<h3 class=\"sec-title__title\">SKONTAKTUJ SI\u0118<\/h3>\t\t\t\t<\/div><!-- \/.sec-title -->\r\n\t\t\t\t<p class=\"details-form__text\">Tw\u00f3j adres e-mail nie zostanie opublikowany. Wymagane pola s\u0105 oznaczone *<\/p>\t\t\t<\/div><!-- \/.details-form__content -->\r\n\t\t\t<div class=\"form-one details-form__form\">\r\n\t\t\t\t<div class=\"wpcf7 no-js\" id=\"wpcf7-f1712-o1\" lang=\"en-US\" dir=\"ltr\" data-wpcf7-id=\"1712\">\n<div class=\"screen-reader-response\"><p role=\"status\" aria-live=\"polite\" aria-atomic=\"true\"><\/p> <ul><\/ul><\/div>\n<form action=\"\/pl\/wp-json\/wp\/v2\/pages\/180#wpcf7-f1712-o1\" method=\"post\" class=\"wpcf7-form init\" aria-label=\"Contact form\" novalidate=\"novalidate\" data-status=\"init\" data-trp-original-action=\"\/pl\/wp-json\/wp\/v2\/pages\/180#wpcf7-f1712-o1\">\n<div style=\"display: none;\">\n<input type=\"hidden\" name=\"_wpcf7\" value=\"1712\" \/>\n<input type=\"hidden\" name=\"_wpcf7_version\" value=\"6.0.6\" \/>\n<input type=\"hidden\" name=\"_wpcf7_locale\" value=\"en_US\" \/>\n<input type=\"hidden\" name=\"_wpcf7_unit_tag\" value=\"wpcf7-f1712-o1\" \/>\n<input type=\"hidden\" name=\"_wpcf7_container_post\" value=\"0\" \/>\n<input type=\"hidden\" name=\"_wpcf7_posted_data_hash\" value=\"\" \/>\n<\/div>\n<div class=\"form-one__group form-one__group--grid\">\n    <div class=\"form-one__control wow fadeInUp\" data-wow-duration=\"1500ms\" data-wow-delay=\"00ms\">\n        <span class=\"wpcf7-form-control-wrap\" data-name=\"text-182\"><input size=\"40\" maxlength=\"400\" class=\"wpcf7-form-control wpcf7-text wpcf7-validates-as-required\" aria-required=\"true\" aria-invalid=\"false\" placeholder=\"Twoje imi\u0119\" value=\"\" type=\"text\" name=\"text-182\" \/><\/span>\n    <\/div><!-- \/.form-one__control  -->\n    <div class=\"form-one__control wow fadeInUp\" data-wow-duration=\"1500ms\" data-wow-delay=\"50ms\">\n         <span class=\"wpcf7-form-control-wrap\" data-name=\"email-312\"><input size=\"40\" maxlength=\"400\" class=\"wpcf7-form-control wpcf7-email wpcf7-validates-as-required wpcf7-text wpcf7-validates-as-email\" aria-required=\"true\" aria-invalid=\"false\" placeholder=\"Tw\u00f3j e-mail\" value=\"\" type=\"email\" name=\"email-312\" \/><\/span>\n    <\/div><!-- \/.form-one__control -->\n    <div class=\"form-one__control form-one__control--full wow fadeInUp\" data-wow-duration=\"1500ms\" data-wow-delay=\"100ms\">\n         <span class=\"wpcf7-form-control-wrap\" data-name=\"textarea-276\"><textarea cols=\"40\" rows=\"10\" maxlength=\"2000\" class=\"wpcf7-form-control wpcf7-textarea wpcf7-validates-as-required\" aria-required=\"true\" aria-invalid=\"false\" placeholder=\"Napisz wiadomo\u015b\u0107 . . .\" name=\"textarea-276\"><\/textarea><\/span>\n    <\/div><!-- \/.form-one__control -->\n    <div class=\"form-one__control form-one__control--full wow fadeInUp\" data-wow-duration=\"1500ms\" data-wow-delay=\"150ms\">\n        <button type=\"submit\" class=\"boskery-btn\">\n            <span class=\"boskery-btn__hover\"><\/span>\n            <span class=\"boskery-btn__hover\"><\/span>\n            <span class=\"boskery-btn__hover\"><\/span>\n            <span class=\"boskery-btn__hover\"><\/span>\n            <span class=\"boskery-btn__hover\"><\/span>\n            <span class=\"boskery-btn__hover\"><\/span>\n            <span class=\"boskery-btn__text\">Wy\u015blij wiadomo\u015b\u0107<\/span>\n            <i class=\"icon-meat-3\"><\/i>\n        <\/button>\n    <\/div><!-- \/.form-one__control -->\n<\/div><!-- \/.form-one__group --><div class=\"wpcf7-response-output\" aria-hidden=\"true\"><\/div>\n<input type=\"hidden\" name=\"trp-form-language\" value=\"pl\"\/><\/form>\n<\/div>\t\t\t<\/div>\r\n\t\t<\/div><!-- \/.container -->\r\n\t<\/section><!-- \/.details-form section-space-bottom -->\r\n\t\t\t\t<\/div>\n\t\t\t\t<\/div>\n\t\t\t\t<\/div>\n\t\t\t\t<\/div>","protected":false},"excerpt":{"rendered":"<p>Custom Cutting Meat Preparation Meat Packaging Online Ordering Beef Tenderloin Specialty Product CALL FOR DIRECT CUSTOMER SERVICE CALL FOR DELIVERY +92 (8800) 68900 CUSTOM CUTTING At Danpol Meat, we provide custom cutting services tailored to your exact requirements. Our experienced team processes beef according to your preferred thickness, size, and cut style, ensuring consistency and [&hellip;]<\/p>","protected":false},"author":1,"featured_media":0,"parent":0,"menu_order":0,"comment_status":"closed","ping_status":"closed","template":"elementor_header_footer","meta":{"footnotes":""},"class_list":["post-180","page","type-page","status-publish","hentry"],"_links":{"self":[{"href":"https:\/\/meat.danpolmeat.pl\/pl\/wp-json\/wp\/v2\/pages\/180","targetHints":{"allow":["GET"]}}],"collection":[{"href":"https:\/\/meat.danpolmeat.pl\/pl\/wp-json\/wp\/v2\/pages"}],"about":[{"href":"https:\/\/meat.danpolmeat.pl\/pl\/wp-json\/wp\/v2\/types\/page"}],"author":[{"embeddable":true,"href":"https:\/\/meat.danpolmeat.pl\/pl\/wp-json\/wp\/v2\/users\/1"}],"replies":[{"embeddable":true,"href":"https:\/\/meat.danpolmeat.pl\/pl\/wp-json\/wp\/v2\/comments?post=180"}],"version-history":[{"count":13,"href":"https:\/\/meat.danpolmeat.pl\/pl\/wp-json\/wp\/v2\/pages\/180\/revisions"}],"predecessor-version":[{"id":3797,"href":"https:\/\/meat.danpolmeat.pl\/pl\/wp-json\/wp\/v2\/pages\/180\/revisions\/3797"}],"wp:attachment":[{"href":"https:\/\/meat.danpolmeat.pl\/pl\/wp-json\/wp\/v2\/media?parent=180"}],"curies":[{"name":"wp","href":"https:\/\/api.w.org\/{rel}","templated":true}]}}