{"id":178,"date":"2024-02-01T02:30:12","date_gmt":"2024-02-01T02:30:12","guid":{"rendered":"http:\/\/boskery-demo.local\/?page_id=178"},"modified":"2025-05-29T10:21:41","modified_gmt":"2025-05-29T10:21:41","slug":"uslugi","status":"publish","type":"page","link":"https:\/\/meat.danpolmeat.pl\/pl\/uslugi\/","title":{"rendered":"Us\u0142ugi"},"content":{"rendered":"<div data-elementor-type=\"wp-page\" data-elementor-id=\"178\" class=\"elementor elementor-178\">\n\t\t\t\t<div class=\"elementor-element elementor-element-63efa27 e-con-full e-flex e-con e-parent\" data-id=\"63efa27\" data-element_type=\"container\">\n\t\t\t\t<div class=\"elementor-element elementor-element-6815b72 elementor-widget elementor-widget-boskery-service\" data-id=\"6815b72\" data-element_type=\"widget\" data-widget_type=\"boskery-service.default\">\n\t\t\t\t<div class=\"elementor-widget-container\">\n\t\t\t\t\t\r\n\t<section class=\"services-page section-space\">\r\n\t\t<div class=\"container\">\r\n\t\t\t<div class=\"row gutter-y-30\">\r\n\t\t\t\t\t\t\t\t\t<div class=\"col-lg-4 col-md-6 wow fadeInUp\" data-wow-duration=\"1500ms\" data-wow-delay=\"00ms\">\r\n\t\t\t\t\t\t<div class=\"service-card\">\r\n\t\t\t\t\t\t\t<div class=\"service-card__content\">\r\n\t\t\t\t\t\t\t\t<div class=\"service-card__image\">\r\n\t\t\t\t\t\t\t\t\t<img decoding=\"async\" src=\"https:\/\/meat.danpolmeat.pl\/wp-content\/uploads\/2024\/02\/service-1-1.jpg\" alt=\"us\u0142uga-1-1\" title=\"us\u0142uga-1-1\" >\t\t\t\t\t\t\t\t\t<div class=\"service-card__icon\">\r\n\t\t\t\t\t\t\t\t\t\t<span aria-hidden=\"true\" class=\"icon-butchering\"><\/span>\t\t\t\t\t\t\t\t\t<\/div><!-- \/.service-card__icon -->\r\n\t\t\t\t\t\t\t\t<\/div><!-- \/.services-card__image -->\r\n\t\t\t\t\t\t\t\t<h3 class=\"service-card__title\">\r\n\t\t\t\t\t\t\t\t\t<a href=\"https:\/\/meat.danpolmeat.pl\/pl\/custom-cutting\/\">Ci\u0119cie na zam\u00f3wienie<\/a>\r\n\t\t\t\t\t\t\t\t<\/h3><!-- \/.service-card-two__title -->\r\n\t\t\t\t\t\t\t\t<p class=\"service-card__text\">W Danpol Meat oferujemy niestandardowe us\u0142ugi ci\u0119cia dostosowane do Twoich konkretnych wymaga\u0144. Nasz do\u015bwiadczony zesp\u00f3\u0142 przetwarza wo\u0142owin\u0119 zgodnie z Twoimi wymaganymi specyfikacjami, w tym wielko\u015bci\u0105 porcji, rodzajem ci\u0119cia i opakowaniem. Zapewniamy precyzj\u0119, sp\u00f3jno\u015b\u0107 i wysokie standardy higieny w ka\u017cdym zam\u00f3wieniu, dostarczaj\u0105c rozwi\u0105zania zar\u00f3wno dla klient\u00f3w detalicznych, jak i przemys\u0142owych.<\/p><!-- \/.services-card__text -->\r\n\t\t\t\t\t\t\t<\/div><!-- \/.services-card__content -->\r\n\t\t\t\t\t\t\t\t\t\t\t\t\t\t\t<a href=\"https:\/\/meat.danpolmeat.pl\/pl\/custom-cutting\/\" class=\"service-card__btn\">\r\n\t\t\t\t\t\t\t\t\tszczeg\u00f3\u0142y us\u0142ugi\t\t\t\t\t\t\t\t\t<span aria-hidden=\"true\" class=\"icon-right\"><\/span>\t\t\t\t\t\t\t\t<\/a><!-- \/.blog-card__link -->\r\n\t\t\t\t\t\t\t\t\t\t\t\t\t<\/div><!-- \/.service-card -->\r\n\t\t\t\t\t<\/div><!-- \/.col-lg-4 col-md-6 -->\r\n\t\t\t\t\t\t\t\t\t<div class=\"col-lg-4 col-md-6 wow fadeInUp\" data-wow-duration=\"1500ms\" data-wow-delay=\"00ms\">\r\n\t\t\t\t\t\t<div class=\"service-card\">\r\n\t\t\t\t\t\t\t<div class=\"service-card__content\">\r\n\t\t\t\t\t\t\t\t<div class=\"service-card__image\">\r\n\t\t\t\t\t\t\t\t\t<img decoding=\"async\" src=\"https:\/\/meat.danpolmeat.pl\/wp-content\/uploads\/2024\/02\/service-1-2.jpg\" alt=\"us\u0142uga-1-2\" title=\"us\u0142uga-1-2\" >\t\t\t\t\t\t\t\t\t<div class=\"service-card__icon\">\r\n\t\t\t\t\t\t\t\t\t\t<span aria-hidden=\"true\" class=\"icon-table\"><\/span>\t\t\t\t\t\t\t\t\t<\/div><!-- \/.service-card__icon -->\r\n\t\t\t\t\t\t\t\t<\/div><!-- \/.services-card__image -->\r\n\t\t\t\t\t\t\t\t<h3 class=\"service-card__title\">\r\n\t\t\t\t\t\t\t\t\t<a href=\"https:\/\/meat.danpolmeat.pl\/pl\/przygotowanie-miesa\/\">Przygotowanie mi\u0119sa<\/a>\r\n\t\t\t\t\t\t\t\t<\/h3><!-- \/.service-card-two__title -->\r\n\t\t\t\t\t\t\t\t<p class=\"service-card__text\">Danpol Meat oferuje profesjonalne us\u0142ugi przygotowywania mi\u0119sa, aby sprosta\u0107 potrzebom naszych klient\u00f3w. Nasz zesp\u00f3\u0142 zajmuje si\u0119 przycinaniem, odkostnianiem, porcjowaniem i czyszczeniem produkt\u00f3w wo\u0142owych zgodnie z Twoimi specyfikacjami. Utrzymujemy surowe standardy jako\u015bci i higieny w ca\u0142ym procesie, zapewniaj\u0105c, \u017ce ka\u017cdy produkt jest gotowy do dalszego przetwarzania, pakowania lub bezpo\u015bredniej sprzeda\u017cy.<\/p><!-- \/.services-card__text -->\r\n\t\t\t\t\t\t\t<\/div><!-- \/.services-card__content -->\r\n\t\t\t\t\t\t\t\t\t\t\t\t\t\t\t<a href=\"https:\/\/meat.danpolmeat.pl\/pl\/przygotowanie-miesa\/\" class=\"service-card__btn\">\r\n\t\t\t\t\t\t\t\t\tszczeg\u00f3\u0142y us\u0142ugi\t\t\t\t\t\t\t\t\t<span aria-hidden=\"true\" class=\"icon-right\"><\/span>\t\t\t\t\t\t\t\t<\/a><!-- \/.blog-card__link -->\r\n\t\t\t\t\t\t\t\t\t\t\t\t\t<\/div><!-- \/.service-card -->\r\n\t\t\t\t\t<\/div><!-- \/.col-lg-4 col-md-6 -->\r\n\t\t\t\t\t\t\t\t\t<div class=\"col-lg-4 col-md-6 wow fadeInUp\" data-wow-duration=\"1500ms\" data-wow-delay=\"00ms\">\r\n\t\t\t\t\t\t<div class=\"service-card\">\r\n\t\t\t\t\t\t\t<div class=\"service-card__content\">\r\n\t\t\t\t\t\t\t\t<div class=\"service-card__image\">\r\n\t\t\t\t\t\t\t\t\t<img decoding=\"async\" src=\"https:\/\/meat.danpolmeat.pl\/wp-content\/uploads\/2024\/02\/service-1-3.jpg\" alt=\"us\u0142uga-1-3\" title=\"us\u0142uga-1-3\" >\t\t\t\t\t\t\t\t\t<div class=\"service-card__icon\">\r\n\t\t\t\t\t\t\t\t\t\t<span aria-hidden=\"true\" class=\"icon-box\"><\/span>\t\t\t\t\t\t\t\t\t<\/div><!-- \/.service-card__icon -->\r\n\t\t\t\t\t\t\t\t<\/div><!-- \/.services-card__image -->\r\n\t\t\t\t\t\t\t\t<h3 class=\"service-card__title\">\r\n\t\t\t\t\t\t\t\t\t<a href=\"https:\/\/meat.danpolmeat.pl\/pl\/przygotowanie-miesa\/\">Opakowania mi\u0119sne<\/a>\r\n\t\t\t\t\t\t\t\t<\/h3><!-- \/.service-card-two__title -->\r\n\t\t\t\t\t\t\t\t<p class=\"service-card__text\">W Danpol Meat oferujemy szereg rozwi\u0105za\u0144 w zakresie pakowania mi\u0119sa, aby zachowa\u0107 \u015bwie\u017co\u015b\u0107 i jako\u015b\u0107 produktu. Nasze opcje pakowania obejmuj\u0105 pakowanie pr\u00f3\u017cniowe, pakowanie w atmosferze modyfikowanej i pakowanie zbiorcze, wszystko dostosowane do Twoich wymaga\u0144. U\u017cywamy materia\u0142\u00f3w bezpiecznych dla \u017cywno\u015bci i przestrzegamy \u015bcis\u0142ych protoko\u0142\u00f3w higienicznych, aby zapewni\u0107 bezpieczn\u0105 i niezawodn\u0105 dostaw\u0119 zar\u00f3wno dla klient\u00f3w detalicznych, jak i przemys\u0142owych.<\/p><!-- \/.services-card__text -->\r\n\t\t\t\t\t\t\t<\/div><!-- \/.services-card__content -->\r\n\t\t\t\t\t\t\t\t\t\t\t\t\t\t\t<a href=\"https:\/\/meat.danpolmeat.pl\/pl\/przygotowanie-miesa\/\" class=\"service-card__btn\">\r\n\t\t\t\t\t\t\t\t\tszczeg\u00f3\u0142y us\u0142ugi\t\t\t\t\t\t\t\t\t<span aria-hidden=\"true\" class=\"icon-right\"><\/span>\t\t\t\t\t\t\t\t<\/a><!-- \/.blog-card__link -->\r\n\t\t\t\t\t\t\t\t\t\t\t\t\t<\/div><!-- \/.service-card -->\r\n\t\t\t\t\t<\/div><!-- \/.col-lg-4 col-md-6 -->\r\n\t\t\t\t\t\t\t\t\t<div class=\"col-lg-4 col-md-6 wow fadeInUp\" data-wow-duration=\"1500ms\" data-wow-delay=\"00ms\">\r\n\t\t\t\t\t\t<div class=\"service-card\">\r\n\t\t\t\t\t\t\t<div class=\"service-card__content\">\r\n\t\t\t\t\t\t\t\t<div class=\"service-card__image\">\r\n\t\t\t\t\t\t\t\t\t<img decoding=\"async\" src=\"https:\/\/meat.danpolmeat.pl\/wp-content\/uploads\/2024\/02\/service-1-4.jpg\" alt=\"us\u0142uga-1-4\" title=\"us\u0142uga-1-4\" >\t\t\t\t\t\t\t\t\t<div class=\"service-card__icon\">\r\n\t\t\t\t\t\t\t\t\t\t<span aria-hidden=\"true\" class=\"icon-order\"><\/span>\t\t\t\t\t\t\t\t\t<\/div><!-- \/.service-card__icon -->\r\n\t\t\t\t\t\t\t\t<\/div><!-- \/.services-card__image -->\r\n\t\t\t\t\t\t\t\t<h3 class=\"service-card__title\">\r\n\t\t\t\t\t\t\t\t\t<a href=\"https:\/\/meat.danpolmeat.pl\/pl\/przygotowanie-miesa\/\">Zam\u00f3wienia online<\/a>\r\n\t\t\t\t\t\t\t\t<\/h3><!-- \/.service-card-two__title -->\r\n\t\t\t\t\t\t\t\t<p class=\"service-card__text\">Danpol Meat sprawia, \u017ce zamawianie jest \u0142atwe i wydajne dzi\u0119ki naszej platformie online. Klienci mog\u0105 przegl\u0105da\u0107 nasz pe\u0142ny asortyment produkt\u00f3w, wybiera\u0107 niestandardowe specyfikacje i sk\u0142ada\u0107 zam\u00f3wienia bezpo\u015brednio za po\u015brednictwem naszej strony internetowej. Nasz system zapewnia bezpieczne transakcje, \u015bledzenie zam\u00f3wie\u0144 w czasie rzeczywistym i szybk\u0105 obs\u0142ug\u0119 klienta, zapewniaj\u0105c wygodne rozwi\u0105zanie zar\u00f3wno dla klient\u00f3w hurtowych, jak i detalicznych.<\/p><!-- \/.services-card__text -->\r\n\t\t\t\t\t\t\t<\/div><!-- \/.services-card__content -->\r\n\t\t\t\t\t\t\t\t\t\t\t\t\t\t\t<a href=\"https:\/\/meat.danpolmeat.pl\/pl\/przygotowanie-miesa\/\" class=\"service-card__btn\">\r\n\t\t\t\t\t\t\t\t\tszczeg\u00f3\u0142y us\u0142ugi\t\t\t\t\t\t\t\t\t<span aria-hidden=\"true\" class=\"icon-right\"><\/span>\t\t\t\t\t\t\t\t<\/a><!-- \/.blog-card__link -->\r\n\t\t\t\t\t\t\t\t\t\t\t\t\t<\/div><!-- \/.service-card -->\r\n\t\t\t\t\t<\/div><!-- \/.col-lg-4 col-md-6 -->\r\n\t\t\t\t\t\t\t\t\t<div class=\"col-lg-4 col-md-6 wow fadeInUp\" data-wow-duration=\"1500ms\" data-wow-delay=\"00ms\">\r\n\t\t\t\t\t\t<div class=\"service-card\">\r\n\t\t\t\t\t\t\t<div class=\"service-card__content\">\r\n\t\t\t\t\t\t\t\t<div class=\"service-card__image\">\r\n\t\t\t\t\t\t\t\t\t<img decoding=\"async\" src=\"https:\/\/meat.danpolmeat.pl\/wp-content\/uploads\/2024\/02\/service-1-6.jpg\" alt=\"us\u0142uga-1-6\" title=\"us\u0142uga-1-6\" >\t\t\t\t\t\t\t\t\t<div class=\"service-card__icon\">\r\n\t\t\t\t\t\t\t\t\t\t<span aria-hidden=\"true\" class=\"icon-order\"><\/span>\t\t\t\t\t\t\t\t\t<\/div><!-- \/.service-card__icon -->\r\n\t\t\t\t\t\t\t\t<\/div><!-- \/.services-card__image -->\r\n\t\t\t\t\t\t\t\t<h3 class=\"service-card__title\">\r\n\t\t\t\t\t\t\t\t\t<a href=\"https:\/\/meat.danpolmeat.pl\/pl\/przygotowanie-miesa\/\">Produkt specjalistyczny<\/a>\r\n\t\t\t\t\t\t\t\t<\/h3><!-- \/.service-card-two__title -->\r\n\t\t\t\t\t\t\t\t<p class=\"service-card__text\">Danpol Meat oferuje szereg specjalistycznych produkt\u00f3w wo\u0142owych zaprojektowanych tak, aby sprosta\u0107 wyj\u0105tkowym potrzebom klient\u00f3w. Nasze specjalistyczne pozycje obejmuj\u0105 najwy\u017cszej jako\u015bci kawa\u0142ki, niestandardowe opcje marynowania i produkty o warto\u015bci dodanej dostosowane do potrzeb klient\u00f3w z bran\u017cy gastronomicznej, detalicznej i przemys\u0142owej. Ka\u017cdy produkt jest przygotowywany z dba\u0142o\u015bci\u0105 o jako\u015b\u0107, sp\u00f3jno\u015b\u0107 i bezpiecze\u0144stwo \u017cywno\u015bci, zapewniaj\u0105c wyj\u0105tkowe rezultaty dla Twojej firmy.<\/p><!-- \/.services-card__text -->\r\n\t\t\t\t\t\t\t<\/div><!-- \/.services-card__content -->\r\n\t\t\t\t\t\t\t\t\t\t\t\t\t\t\t<a href=\"https:\/\/meat.danpolmeat.pl\/pl\/przygotowanie-miesa\/\" class=\"service-card__btn\">\r\n\t\t\t\t\t\t\t\t\tszczeg\u00f3\u0142y us\u0142ugi\t\t\t\t\t\t\t\t\t<span aria-hidden=\"true\" class=\"icon-right\"><\/span>\t\t\t\t\t\t\t\t<\/a><!-- \/.blog-card__link -->\r\n\t\t\t\t\t\t\t\t\t\t\t\t\t<\/div><!-- \/.service-card -->\r\n\t\t\t\t\t<\/div><!-- \/.col-lg-4 col-md-6 -->\r\n\t\t\t\t\t\t\t<\/div><!-- \/.row -->\r\n\t\t<\/div><!-- \/.container -->\r\n\t<\/section><!-- \/.services-page section-space -->\r\n\t\t\t\t<\/div>\n\t\t\t\t<\/div>\n\t\t\t\t<\/div>\n\t\t\t\t<\/div>","protected":false},"excerpt":{"rendered":"<p>Custom Cutting At Danpol Meat, we offer custom cutting services tailored to your specific requirements. Our experienced team processes beef according to your desired specifications, including portion size, cut type, and packaging. We ensure precision, consistency, and high hygiene standards in every order, providing solutions for both retail and industrial clients. service details Meat Preparation [&hellip;]<\/p>","protected":false},"author":1,"featured_media":0,"parent":0,"menu_order":0,"comment_status":"closed","ping_status":"closed","template":"elementor_header_footer","meta":{"footnotes":""},"class_list":["post-178","page","type-page","status-publish","hentry"],"_links":{"self":[{"href":"https:\/\/meat.danpolmeat.pl\/pl\/wp-json\/wp\/v2\/pages\/178","targetHints":{"allow":["GET"]}}],"collection":[{"href":"https:\/\/meat.danpolmeat.pl\/pl\/wp-json\/wp\/v2\/pages"}],"about":[{"href":"https:\/\/meat.danpolmeat.pl\/pl\/wp-json\/wp\/v2\/types\/page"}],"author":[{"embeddable":true,"href":"https:\/\/meat.danpolmeat.pl\/pl\/wp-json\/wp\/v2\/users\/1"}],"replies":[{"embeddable":true,"href":"https:\/\/meat.danpolmeat.pl\/pl\/wp-json\/wp\/v2\/comments?post=178"}],"version-history":[{"count":14,"href":"https:\/\/meat.danpolmeat.pl\/pl\/wp-json\/wp\/v2\/pages\/178\/revisions"}],"predecessor-version":[{"id":3847,"href":"https:\/\/meat.danpolmeat.pl\/pl\/wp-json\/wp\/v2\/pages\/178\/revisions\/3847"}],"wp:attachment":[{"href":"https:\/\/meat.danpolmeat.pl\/pl\/wp-json\/wp\/v2\/media?parent=178"}],"curies":[{"name":"wp","href":"https:\/\/api.w.org\/{rel}","templated":true}]}}