{"id":177,"date":"2024-02-01T02:30:12","date_gmt":"2024-02-01T02:30:12","guid":{"rendered":"http:\/\/boskery-demo.local\/?page_id=177"},"modified":"2025-05-29T16:35:39","modified_gmt":"2025-05-29T16:35:39","slug":"o-nas","status":"publish","type":"page","link":"https:\/\/meat.danpolmeat.pl\/pl\/o-nas\/","title":{"rendered":"O nas"},"content":{"rendered":"<div data-elementor-type=\"wp-page\" data-elementor-id=\"177\" class=\"elementor elementor-177\">\n\t\t\t\t<div class=\"elementor-element elementor-element-796a598 e-con-full e-flex e-con e-parent\" data-id=\"796a598\" data-element_type=\"container\">\n\t\t\t\t<div class=\"elementor-element elementor-element-e4684c2 elementor-widget elementor-widget-boskery-about\" data-id=\"e4684c2\" data-element_type=\"widget\" data-widget_type=\"boskery-about.default\">\n\t\t\t\t<div class=\"elementor-widget-container\">\n\t\t\t\t\t\r\n    <section class=\"about-three section-space\">\r\n        <div class=\"container\">\r\n            <div class=\"row gutter-y-60\">\r\n                <div class=\"col-lg-6 wow fadeInLeft\" data-wow-duration=\"1500ms\">\r\n                    <div class=\"about-three__image\">\r\n                        <img decoding=\"async\" src=\"https:\/\/meat.danpolmeat.pl\/wp-content\/uploads\/2025\/05\/about-1.jpg\" alt=\"Praca zespo\u0142owa rze\u017anika krojenie surowego mi\u0119sa wisz\u0105cego w ch\u0142odni. Byd\u0142o krojone i wieszane na haku w rze\u017ani, przemys\u0142 mi\u0119sny, wo\u0142owina Wagyu\" title=\"Praca zespo\u0142owa rze\u017anika krojenie surowego mi\u0119sa wisz\u0105cego w ch\u0142odni. Cattl\" class=\"about-three__image__one\" >                        <div class=\"about-three__image__inner\">\r\n                            <img decoding=\"async\" src=\"https:\/\/meat.danpolmeat.pl\/wp-content\/uploads\/2024\/02\/about-3-2.jpg\" alt=\"oko\u0142o-3-2\" title=\"oko\u0142o-3-2\" class=\"about-three__image__two\" >                        <\/div><!-- \/.about-three__image__inner -->\r\n                        <div class=\"about-three__experience\">\r\n                            <div class=\"about-three__experience__bg\" style=\"background-image: url(https:\/\/bracketweb.com\/boskerywp\/wp-content\/uploads\/2024\/02\/about-shape-3-1.png);\"><\/div>\r\n                            <!-- \/.about-three__experience__bg -->\r\n                            <div class=\"about-three__experience__content\">\r\n                                <div class=\"about-three__experience__text\">\r\n                                    <h4 class=\"about-three__experience__title\">lat <br>  do\u015bwiadczenie<\/h4><!-- \/.about-three__experience__title -->\r\n                                <\/div><!-- \/.about-three__experience__text -->\r\n                                <h4 class=\"about-three__experience__year\">5+<\/h4><!-- \/.about-three__experience__year -->\r\n                            <\/div><!-- \/.about-three__experience__content -->\r\n                        <\/div><!-- \/.about-three__experience -->\r\n                    <\/div><!-- \/.about-three__image -->\r\n                <\/div><!-- \/.col-lg-6 -->\r\n                <div class=\"col-lg-6 wow fadeInRight\" data-wow-duration=\"1500ms\">\r\n                    <div class=\"about-three__content\">\r\n                        <div class=\"sec-title @@extraClassName\">\r\n\r\n                            <img decoding=\"async\" src=\"https:\/\/meat.danpolmeat.pl\/wp-content\/uploads\/2025\/05\/loader-1-95x95-1.png\" alt=\"\u0142adowarka-1-95x95\" title=\"\u0142adowarka-1-95\u00d795\" class=\"sec-title__img\" >\r\n                            <h4 class=\"sec-title__tagline\">o Danpol meat Food Sp z oo<\/h4><h4 class=\"sec-title__title\">Rze\u017anik Fresh Cuts <br> Sklep w mie\u015bcie<\/h4>                        <\/div><!-- \/.sec-title -->\r\n\r\n                        <p class=\"about-three__text\">Danpol Meat Food to firma za\u0142o\u017cona w 2020 roku, kt\u00f3ra od samego pocz\u0105tku wyr\u00f3\u017cnia si\u0119 innowacyjnym podej\u015bciem do produkcji \u017cywno\u015bci. Specjalizujemy si\u0119 w produkcji d\u00f6ner\u00f3w oraz kompleksowym przetwarzaniu i pakowaniu element\u00f3w mi\u0119snych. Nasz nowoczesny zak\u0142ad pozwala nam nie tylko produkowa\u0107 tradycyjnego d\u00f6nera, ale tak\u017ce fachowo kroi\u0107, porcjowa\u0107 i pakowa\u0107 wysokiej jako\u015bci produkty z czerwonego mi\u0119sa, drobiu i indyka. Wszystkie nasze procesy realizowane s\u0105 z najwy\u017csz\u0105 dba\u0142o\u015bci\u0105 o standardy jako\u015bci i bezpiecze\u0144stwa \u017cywno\u015bci. Dzi\u0119ki zaawansowanej technologii i do\u015bwiadczonemu zespo\u0142owi nasze produkty trafiaj\u0105 do klient\u00f3w zar\u00f3wno w kraju, jak i za granic\u0105, gwarantuj\u0105c \u015bwie\u017co\u015b\u0107, smak i bezpiecze\u0144stwo. Danpol Meat Food to synonim nowoczesno\u015bci, niezawodno\u015bci i pasji do tworzenia najlepszych produkt\u00f3w mi\u0119snych. Ka\u017cdy etap produkcji jest starannie kontrolowany, a naszym priorytetem jest satysfakcja i zaufanie klienta. Czerpiemy si\u0142\u0119 z ci\u0105g\u0142ego rozwoju i zaanga\u017cowania w doskona\u0142o\u015b\u0107, oferuj\u0105c produkty \u0142\u0105cz\u0105ce tradycj\u0119, jako\u015b\u0107 i innowacj\u0119.<\/p>                        <div class=\"about-three__info\">\r\n                                                            <div class=\"about-three__info__inner\">\r\n                                    <div class=\"about-three__info__icon\">\r\n                                        <span aria-hidden=\"true\" class=\"icon-healthcare-1\"><\/span>                                    <\/div><!-- \/.about-three__info__icon -->\r\n                                    <div class=\"about-three__info__content\">\r\n                                        <h4 class=\"about-three__info__title\">Zdrowie i bezpiecze\u0144stwo<\/h4>\r\n                                        <!-- \/.about-three__info__title -->\r\n                                    <\/div><!-- \/.about-three__info__content -->\r\n                                <\/div><!-- \/.about-three__info__inner -->\r\n                                                            <div class=\"about-three__info__inner\">\r\n                                    <div class=\"about-three__info__icon\">\r\n                                        <span aria-hidden=\"true\" class=\"icon-meat\"><\/span>                                    <\/div><!-- \/.about-three__info__icon -->\r\n                                    <div class=\"about-three__info__content\">\r\n                                        <h4 class=\"about-three__info__title\">100% \u015awie\u017ce produkty<\/h4>\r\n                                        <!-- \/.about-three__info__title -->\r\n                                    <\/div><!-- \/.about-three__info__content -->\r\n                                <\/div><!-- \/.about-three__info__inner -->\r\n                                                    <\/div><!-- \/.about-three__info -->\r\n                        <div class=\"progress-box\">\r\n                            <h4 class=\"progress-box__title\">Jako\u015b\u0107 mi\u0119sa<\/h4>\r\n                            <div class=\"progress-box__bar\">\r\n                                <div class=\"progress-box__bar__inner count-bar\" data-percent=\"95%\">\r\n                                    <div class=\"progress-box__number count-text\">95%<\/div>\r\n                                <\/div>\r\n                            <\/div><!-- \/.progress-box__inner -->\r\n                        <\/div><!-- \/.progress-box -->\r\n                        <div class=\"about-three__bottom\">\r\n                                                            <a href=\"https:\/\/danpolmeat.pl\/?page_id=261\"  class=\"boskery-btn\">\r\n                                    <span class=\"boskery-btn__hover\"><\/span>\r\n                                    <span class=\"boskery-btn__hover\"><\/span>\r\n                                    <span class=\"boskery-btn__hover\"><\/span>\r\n                                    <span class=\"boskery-btn__hover\"><\/span>\r\n                                    <span class=\"boskery-btn__hover\"><\/span>\r\n                                    <span class=\"boskery-btn__hover\"><\/span>\r\n                                    <span class=\"boskery-btn__text\">Skontaktuj si\u0119 z nami<\/span>\r\n                                    <i aria-hidden=\"true\" class=\"icon-meat-3\"><\/i>                                <\/a><!-- \/.boskery-btn -->\r\n                                                        <div class=\"about-three__profile\">\r\n                                <div class=\"about-three__profile__left\">\r\n                                    <img decoding=\"async\" src=\"https:\/\/meat.danpolmeat.pl\/wp-content\/uploads\/2024\/02\/Danpol-deneme-logo-3-buyuk.png\" alt=\"Danpol-deneme-logo-3-buyuk\" title=\"Danpol-deneme-logo-3-buyuk\" class=\"about-three__profile__image\" >                                    <div class=\"about-three__profile__info\">\r\n                                        <span class=\"about-three__profile__designation\"> dyrektor<\/span>\r\n                                        <!-- \/.about-three__profile__designation -->\r\n                                        <h5 class=\"about-three__profile__name\"> Mithat \u00d6zdemir<\/h5>\r\n\r\n                                        <!-- \/.about-three__profile__name -->\r\n                                    <\/div><!-- \/.about-three__profile__info -->\r\n                                <\/div><!-- \/.about-three__profile__left -->\r\n                                <div class=\"about-three__profile__right\">\r\n                                    <img decoding=\"async\" src=\"https:\/\/meat.danpolmeat.pl\/wp-content\/uploads\/2024\/02\/about-director-sign-3-1.png\" alt=\"o-re\u017cyserze-znak-3-1\" title=\"o-re\u017cyserze-znak-3-1\" >                                <\/div><!-- \/.about-three__profile__right -->\r\n                            <\/div><!-- \/.about-three__profile -->\r\n                        <\/div><!-- \/.about-three__bottom -->\r\n                    <\/div><!-- \/.about-three__content -->\r\n                <\/div><!-- \/.col-lg-6 -->\r\n            <\/div><!-- \/.row -->\r\n        <\/div><!-- \/.container -->\r\n        <div class=\"about-three__shape\">\r\n            <img decoding=\"async\" src=\"https:\/\/meat.danpolmeat.pl\/wp-content\/uploads\/2024\/02\/about-shape-3-2.png\" alt=\"oko\u0142o-kszta\u0142tu-3-2\" title=\"oko\u0142o-kszta\u0142tu-3-2\" class=\"about-three__shape-one\" >            <div class=\"about-three__shape__image wow fadeInLeft\" data-wow-duration=\"1500ms\">\r\n                <img decoding=\"async\" src=\"https:\/\/meat.danpolmeat.pl\/wp-content\/uploads\/2024\/02\/about-shape-3-3.png\" alt=\"oko\u0142o-kszta\u0142tu-3-3\" title=\"oko\u0142o-kszta\u0142tu-3-3\" >            <\/div><!-- \/.about-three__shape__image -->\r\n        <\/div><!-- \/.about-three__shape -->\r\n    <\/section><!-- \/.about-three section-space -->\r\n\r\n\t\t\t\t<\/div>\n\t\t\t\t<\/div>\n\t\t\t\t<\/div>\n\t\t<div class=\"elementor-element elementor-element-41ed6795 e-con-full e-flex e-con e-parent\" data-id=\"41ed6795\" data-element_type=\"container\">\n\t\t\t\t<div class=\"elementor-element elementor-element-54c6522 elementor-widget elementor-widget-image\" data-id=\"54c6522\" data-element_type=\"widget\" data-widget_type=\"image.default\">\n\t\t\t\t<div class=\"elementor-widget-container\">\n\t\t\t\t\t\t\t\t\t\t\t\t\t\t\t<img fetchpriority=\"high\" decoding=\"async\" width=\"1536\" height=\"714\" src=\"https:\/\/meat.danpolmeat.pl\/wp-content\/uploads\/2025\/05\/beef-product-manufacture-process-infographic-from-farm-cow-to-market-meat-food-production-and-distribution-sausage-factory-line-set-vector-1536x714.jpg\" class=\"attachment-1536x1536 size-1536x1536 wp-image-3440\" alt=\"\" srcset=\"https:\/\/meat.danpolmeat.pl\/wp-content\/uploads\/2025\/05\/beef-product-manufacture-process-infographic-from-farm-cow-to-market-meat-food-production-and-distribution-sausage-factory-line-set-vector-1536x714.jpg 1536w, https:\/\/meat.danpolmeat.pl\/wp-content\/uploads\/2025\/05\/beef-product-manufacture-process-infographic-from-farm-cow-to-market-meat-food-production-and-distribution-sausage-factory-line-set-vector-300x140.jpg 300w, https:\/\/meat.danpolmeat.pl\/wp-content\/uploads\/2025\/05\/beef-product-manufacture-process-infographic-from-farm-cow-to-market-meat-food-production-and-distribution-sausage-factory-line-set-vector-1024x476.jpg 1024w, https:\/\/meat.danpolmeat.pl\/wp-content\/uploads\/2025\/05\/beef-product-manufacture-process-infographic-from-farm-cow-to-market-meat-food-production-and-distribution-sausage-factory-line-set-vector-768x357.jpg 768w, https:\/\/meat.danpolmeat.pl\/wp-content\/uploads\/2025\/05\/beef-product-manufacture-process-infographic-from-farm-cow-to-market-meat-food-production-and-distribution-sausage-factory-line-set-vector-570x265.jpg 570w, https:\/\/meat.danpolmeat.pl\/wp-content\/uploads\/2025\/05\/beef-product-manufacture-process-infographic-from-farm-cow-to-market-meat-food-production-and-distribution-sausage-factory-line-set-vector.jpg 1920w\" sizes=\"(max-width: 1536px) 100vw, 1536px\" \/>\t\t\t\t\t\t\t\t\t\t\t\t\t\t\t<\/div>\n\t\t\t\t<\/div>\n\t\t\t\t<\/div>\n\t\t<div class=\"elementor-element elementor-element-0933154 e-con-full e-flex e-con e-parent\" data-id=\"0933154\" data-element_type=\"container\">\n\t\t\t\t<div class=\"elementor-element elementor-element-091b8dd elementor-widget elementor-widget-boskery-about\" data-id=\"091b8dd\" data-element_type=\"widget\" data-widget_type=\"boskery-about.default\">\n\t\t\t\t<div class=\"elementor-widget-container\">\n\t\t\t\t\t\r\n\t<section class=\"delivery-one section-space\">\r\n\t\t<div class=\"container\">\r\n\t\t\t<div class=\"row gutter-y-60\">\r\n\t\t\t\t<div class=\"col-lg-6 wow fadeInLeft\" data-wow-duration=\"1500ms\">\r\n\t\t\t\t\t<div class=\"delivery-one__content\">\r\n\t\t\t\t\t\t<div class=\"sec-title\">\r\n\t\t\t\t\t\t\t<img decoding=\"async\" src=\"https:\/\/meat.danpolmeat.pl\/wp-content\/uploads\/2025\/05\/loader-1-95x95-1.png\" alt=\"\u0142adowarka-1-95x95\" title=\"\u0142adowarka-1-95\u00d795\" class=\"sec-title__img\" >\t\t\t\t\t\t\t<h5 class=\"sec-title__tagline\">US\u0141UGA DOSTAWCZA<\/h5><h2 class=\"sec-title__title\">Ekspresowa dostawa do <br> Twoje drzwi<\/h2>\t\t\t\t\t\t<\/div><!-- \/.sec-title -->\r\n\t\t\t\t\t\t<p class=\"delivery-one__text\">Twoje zam\u00f3wienia s\u0105 dostarczane pod Tw\u00f3j adres w najszybszy i najbezpieczniejszy spos\u00f3b dzi\u0119ki profesjonalnej sieci logistycznej Danpol. Dzi\u0119ki pe\u0142nemu przestrzeganiu standard\u00f3w \u0142a\u0144cucha ch\u0142odniczego zawsze zachowujemy \u015bwie\u017co\u015b\u0107 i jako\u015b\u0107 naszych produkt\u00f3w. Mo\u017cesz zaufa\u0107 Danpol w zakresie terminowej i bezproblemowej dostawy.<\/p>\t\t\t\t\t\t<div class=\"delivery-one__bottom\">\r\n\t\t\t\t\t\t\t\t\t\t\t\t\t\t\t<a href=\"https:\/\/meat.danpolmeat.pl\/pl\/?page_id=261\"  class=\"boskery-btn\">\r\n\t\t\t\t\t\t\t\t\t<span class=\"boskery-btn__hover\"><\/span>\r\n\t\t\t\t\t\t\t\t\t<span class=\"boskery-btn__hover\"><\/span>\r\n\t\t\t\t\t\t\t\t\t<span class=\"boskery-btn__hover\"><\/span>\r\n\t\t\t\t\t\t\t\t\t<span class=\"boskery-btn__hover\"><\/span>\r\n\t\t\t\t\t\t\t\t\t<span class=\"boskery-btn__hover\"><\/span>\r\n\t\t\t\t\t\t\t\t\t<span class=\"boskery-btn__hover\"><\/span>\r\n\t\t\t\t\t\t\t\t\t<span class=\"boskery-btn__text\">skontaktuj si\u0119 z nami<\/span>\r\n\t\t\t\t\t\t\t\t\t<i aria-hidden=\"true\" class=\"icon-meat-3\"><\/i>\t\t\t\t\t\t\t\t<\/a><!-- \/.boskery-btn -->\r\n\t\t\t\t\t\t\t\t\t\t\t\t\t\t<div class=\"contact__info\">\r\n\t\t\t\t\t\t\t\t<div class=\"contact__info__inner\">\r\n\t\t\t\t\t\t\t\t\t<div class=\"contact__info__icon\">\r\n\t\t\t\t\t\t\t\t\t\t<span aria-hidden=\"true\" class=\"icon-telephone\"><\/span>\t\t\t\t\t\t\t\t\t<\/div><!-- \/.contact__info__icon -->\r\n\t\t\t\t\t\t\t\t\t<div class=\"contact__info__right\">\r\n\t\t\t\t\t\t\t\t\t\t<h4 class=\"contact__info__title\">Zadzwo\u0144 po dostaw\u0119<\/h4>\r\n\t\t\t\t\t\t\t\t\t\t<!-- \/.contact__info__title -->\r\n\t\t\t\t\t\t\t\t\t\t<a href=\"tel:+48-606-563-991\" class=\"contact__info__number\">+48-606-563-991<\/a><!-- \/.contact__info__number -->\r\n\t\t\t\t\t\t\t\t\t\t<!-- \/.contact__info__number -->\r\n\t\t\t\t\t\t\t\t\t<\/div><!-- \/.contact__info__right -->\r\n\t\t\t\t\t\t\t\t<\/div><!-- \/.contact__info__inner -->\r\n\t\t\t\t\t\t\t<\/div><!-- \/.contact__info -->\r\n\t\t\t\t\t\t<\/div><!-- \/.delivery-one__bottom -->\r\n\t\t\t\t\t<\/div><!-- \/.delivery-one__content -->\r\n\t\t\t\t<\/div><!-- \/.col-lg-6 -->\r\n\t\t\t\t<div class=\"col-lg-6 wow fadeInRight\" data-wow-duration=\"1500ms\">\r\n\t\t\t\t\t<div class=\"delivery-one__image\">\r\n\t\t\t\t\t\t<div class=\"delivery-one__image__inner-one\">\r\n\t\t\t\t\t\t\t<img decoding=\"async\" src=\"https:\/\/meat.danpolmeat.pl\/wp-content\/uploads\/2024\/02\/delivery-1-1.png\" alt=\"dostawa-1-1\" title=\"dostawa-1-1\" class=\"delivery-one__image__one\" >\t\t\t\t\t\t\t<div class=\"delivery-one__image__bg\">\r\n\t\t\t\t\t\t\t\t<div class=\"delivery-one__image__bg__inner\" style=\"background-image: url(https:\/\/meat.danpolmeat.pl\/wp-content\/plugins\/elementor\/assets\/images\/placeholder.png);\"><\/div>\r\n\t\t\t\t\t\t\t\t<!-- \/.delivery-one__image__bg__inner -->\r\n\t\t\t\t\t\t\t<\/div><!-- \/.delivery-one__image__bg -->\r\n\t\t\t\t\t\t\t<div class=\"delivery-one__circle-text\">\r\n\t\t\t\t\t\t\t\t<div class=\"delivery-one__circle-text__bg\"><\/div>\r\n\t\t\t\t\t\t\t\t<div class=\"delivery-one__circle-text__plus\"><\/div>\r\n\t\t\t\t\t\t\t\t<!-- \/.delivery-one__circle-text__plus -->\r\n\t\t\t\t\t\t\t\t<div class=\"delivery-one__curved-circle curved-circle\">\r\n\t\t\t\t\t\t\t\t\t<!-- curved-circle start-->\r\n\t\t\t\t\t\t\t\t\t<div class=\"delivery-one__curved-circle__item curved-circle__item\" data-circle-text-options='{                             \"radius\": 87,                             \"forceWidth\": true,                             \"forceHeight\": true}'>\r\n\t\t\t\t\t\t\t\t\t\tnaturalne organiczne mi\u0119so naturalne organiczne\t\t\t\t\t\t\t\t\t<\/div>\r\n\t\t\t\t\t\t\t\t<\/div><!-- curved-circle end-->\r\n\t\t\t\t\t\t\t<\/div><!-- \/.delivery-one__circle-text -->\r\n\t\t\t\t\t\t<\/div><!-- \/.delivery-one__image__inner-one -->\r\n\t\t\t\t\t\t<div class=\"delivery-one__image__inner-two\">\r\n\t\t\t\t\t\t\t<img decoding=\"async\" src=\"https:\/\/meat.danpolmeat.pl\/wp-content\/uploads\/2025\/05\/14cd9f96e8e183df-6642-1.jpg\" alt=\"14cd9f96e8e183df-6642-1\" title=\"14cd9f96e8e183df-6642-1\" class=\"delivery-one__image__two\" >\t\t\t\t\t\t\t<div class=\"delivery-one__image__box\"><\/div><!-- \/.delivery-one__image__box -->\r\n\t\t\t\t\t\t<\/div><!-- \/.delivery-one__image__inner-two -->\r\n\t\t\t\t\t<\/div><!-- \/.delivery-one__image -->\r\n\t\t\t\t<\/div><!-- \/.col-lg-6 -->\r\n\t\t\t<\/div><!-- \/.row -->\r\n\t\t<\/div><!-- \/.container -->\r\n\t\t<div class=\"delivery-one__shape wow fadeInLeft\" data-wow-duration=\"1500ms\">\r\n\t\t\t<img decoding=\"async\" src=\"https:\/\/meat.danpolmeat.pl\/wp-content\/uploads\/2024\/02\/delivery-shape-1-1.png\" alt=\"dostawa-kszta\u0142t-1-1\" title=\"dostawa-kszta\u0142t-1-1\" >\t\t<\/div><!-- \/.elivery-one__shape -->\r\n\t<\/section><!-- \/.delivery-one section-space -->\r\n\t\t\t\t<\/div>\n\t\t\t\t<\/div>\n\t\t\t\t<\/div>\n\t\t<div class=\"elementor-element elementor-element-9d0a771 e-con-full e-flex e-con e-parent\" data-id=\"9d0a771\" data-element_type=\"container\">\n\t\t\t\t<\/div>\n\t\t<div class=\"elementor-element elementor-element-5abf1c4e e-con-full e-flex e-con e-parent\" data-id=\"5abf1c4e\" data-element_type=\"container\">\n\t\t\t\t<\/div>\n\t\t\t\t<\/div>","protected":false},"excerpt":{"rendered":"<p>years of experience 5+ about Danpol meat Food Sp z o.o. Fresh Cuts Butcher Shop in city Danpol Meat Food is a company established in 2020, distinguished from the very beginning by its innovative approach to food production. We specialize in d\u00f6ner production as well as the comprehensive processing and packaging of meat elements. Our [&hellip;]<\/p>","protected":false},"author":1,"featured_media":0,"parent":0,"menu_order":0,"comment_status":"closed","ping_status":"closed","template":"elementor_header_footer","meta":{"footnotes":""},"class_list":["post-177","page","type-page","status-publish","hentry"],"_links":{"self":[{"href":"https:\/\/meat.danpolmeat.pl\/pl\/wp-json\/wp\/v2\/pages\/177","targetHints":{"allow":["GET"]}}],"collection":[{"href":"https:\/\/meat.danpolmeat.pl\/pl\/wp-json\/wp\/v2\/pages"}],"about":[{"href":"https:\/\/meat.danpolmeat.pl\/pl\/wp-json\/wp\/v2\/types\/page"}],"author":[{"embeddable":true,"href":"https:\/\/meat.danpolmeat.pl\/pl\/wp-json\/wp\/v2\/users\/1"}],"replies":[{"embeddable":true,"href":"https:\/\/meat.danpolmeat.pl\/pl\/wp-json\/wp\/v2\/comments?post=177"}],"version-history":[{"count":26,"href":"https:\/\/meat.danpolmeat.pl\/pl\/wp-json\/wp\/v2\/pages\/177\/revisions"}],"predecessor-version":[{"id":4034,"href":"https:\/\/meat.danpolmeat.pl\/pl\/wp-json\/wp\/v2\/pages\/177\/revisions\/4034"}],"wp:attachment":[{"href":"https:\/\/meat.danpolmeat.pl\/pl\/wp-json\/wp\/v2\/media?parent=177"}],"curies":[{"name":"wp","href":"https:\/\/api.w.org\/{rel}","templated":true}]}}