{"id":3636,"date":"2025-05-28T21:28:15","date_gmt":"2025-05-28T21:28:15","guid":{"rendered":"https:\/\/meat.danpolmeat.pl\/?post_type=product&#038;p=3636"},"modified":"2025-05-29T18:47:15","modified_gmt":"2025-05-29T18:47:15","slug":"boneless-ribeye-eye-copy","status":"publish","type":"product","link":"https:\/\/meat.danpolmeat.pl\/nl\/product\/boneless-ribeye-eye-copy\/","title":{"rendered":"Boneless Ribeye, Outer Muscle"},"content":{"rendered":"<p><iframe title=\"Antrykot bez ko\u015bci miesie\u0144 zewn\u0119trzny\" width=\"640\" height=\"360\" src=\"https:\/\/www.youtube.com\/embed\/yJtlTYVVwo0?feature=oembed\" frameborder=\"0\" allow=\"accelerometer; autoplay; clipboard-write; encrypted-media; gyroscope; picture-in-picture; web-share\" referrerpolicy=\"strict-origin-when-cross-origin\" allowfullscreen><\/iframe><\/p>\n<p>&nbsp;<\/p>","protected":false},"excerpt":{"rendered":"<p>Boneless Ribeye, Outer Muscle<\/p>\n<p>Alternative name: Boneless Ribeye<br \/>\nThis product is obtained from the boneless ribeye and includes the M. spinalis thoracis and M. multifidus dorsi muscles. The M. longissimus and M. complexus muscles are separated by cutting along the natural connections.<\/p>\n<p>Note:<br \/>\n\u2013 M. complexus is left.<br \/>\n\u2013 M. multifidus is separated.<\/p>","protected":false},"featured_media":3642,"comment_status":"open","ping_status":"closed","template":"","meta":[],"product_brand":[],"product_cat":[29,47],"product_tag":[],"class_list":{"0":"post-3636","1":"product","2":"type-product","3":"status-publish","4":"has-post-thumbnail","6":"product_cat-beaf-meat","7":"product_cat-boneless-elements","9":"first","10":"instock","11":"shipping-taxable","12":"product-type-simple"},"_links":{"self":[{"href":"https:\/\/meat.danpolmeat.pl\/nl\/wp-json\/wp\/v2\/product\/3636","targetHints":{"allow":["GET"]}}],"collection":[{"href":"https:\/\/meat.danpolmeat.pl\/nl\/wp-json\/wp\/v2\/product"}],"about":[{"href":"https:\/\/meat.danpolmeat.pl\/nl\/wp-json\/wp\/v2\/types\/product"}],"replies":[{"embeddable":true,"href":"https:\/\/meat.danpolmeat.pl\/nl\/wp-json\/wp\/v2\/comments?post=3636"}],"wp:featuredmedia":[{"embeddable":true,"href":"https:\/\/meat.danpolmeat.pl\/nl\/wp-json\/wp\/v2\/media\/3642"}],"wp:attachment":[{"href":"https:\/\/meat.danpolmeat.pl\/nl\/wp-json\/wp\/v2\/media?parent=3636"}],"wp:term":[{"taxonomy":"product_brand","embeddable":true,"href":"https:\/\/meat.danpolmeat.pl\/nl\/wp-json\/wp\/v2\/product_brand?post=3636"},{"taxonomy":"product_cat","embeddable":true,"href":"https:\/\/meat.danpolmeat.pl\/nl\/wp-json\/wp\/v2\/product_cat?post=3636"},{"taxonomy":"product_tag","embeddable":true,"href":"https:\/\/meat.danpolmeat.pl\/nl\/wp-json\/wp\/v2\/product_tag?post=3636"}],"curies":[{"name":"wp","href":"https:\/\/api.w.org\/{rel}","templated":true}]}}