{"id":3665,"date":"2025-05-28T21:41:48","date_gmt":"2025-05-28T21:41:48","guid":{"rendered":"https:\/\/meat.danpolmeat.pl\/?post_type=product&#038;p=3665"},"modified":"2025-05-29T18:59:06","modified_gmt":"2025-05-29T18:59:06","slug":"diaphragm-muscle-portion","status":"publish","type":"product","link":"https:\/\/meat.danpolmeat.pl\/it\/product\/diaphragm-muscle-portion\/","title":{"rendered":"Diaphragm Muscle Portion"},"content":{"rendered":"<p><iframe title=\"Cz\u0119\u015b\u0107 mi\u0119\u015bniowa przepony\" width=\"640\" height=\"360\" src=\"https:\/\/www.youtube.com\/embed\/APCRP4tLJ_k?feature=oembed\" frameborder=\"0\" allow=\"accelerometer; autoplay; clipboard-write; encrypted-media; gyroscope; picture-in-picture; web-share\" referrerpolicy=\"strict-origin-when-cross-origin\" allowfullscreen><\/iframe><\/p>\n<p>&nbsp;<\/p>","protected":false},"excerpt":{"rendered":"<p>Diaphragm Muscle Portion<\/p>\n<p>This product is the diaphragm muscle (M. transversus abdominis) obtained from the hindquarter. The muscle is located on the inner side of the abdominal cavity and extends to the lower part of the bone-in sternum. The peritoneum and fat deposits are removed.<\/p>\n<p>Note:<br \/>\n\u2013 It should be specified whether the hindquarter and\/or a specific portion of the quarter is included.<br \/>\n\u2013 Whether the covering membranes are retained or removed should be specified.<\/p>","protected":false},"featured_media":3671,"comment_status":"open","ping_status":"closed","template":"","meta":[],"product_brand":[],"product_cat":[29,47],"product_tag":[],"class_list":{"0":"post-3665","1":"product","2":"type-product","3":"status-publish","4":"has-post-thumbnail","6":"product_cat-beaf-meat","7":"product_cat-boneless-elements","9":"first","10":"instock","11":"shipping-taxable","12":"product-type-simple"},"_links":{"self":[{"href":"https:\/\/meat.danpolmeat.pl\/it\/wp-json\/wp\/v2\/product\/3665","targetHints":{"allow":["GET"]}}],"collection":[{"href":"https:\/\/meat.danpolmeat.pl\/it\/wp-json\/wp\/v2\/product"}],"about":[{"href":"https:\/\/meat.danpolmeat.pl\/it\/wp-json\/wp\/v2\/types\/product"}],"replies":[{"embeddable":true,"href":"https:\/\/meat.danpolmeat.pl\/it\/wp-json\/wp\/v2\/comments?post=3665"}],"wp:featuredmedia":[{"embeddable":true,"href":"https:\/\/meat.danpolmeat.pl\/it\/wp-json\/wp\/v2\/media\/3671"}],"wp:attachment":[{"href":"https:\/\/meat.danpolmeat.pl\/it\/wp-json\/wp\/v2\/media?parent=3665"}],"wp:term":[{"taxonomy":"product_brand","embeddable":true,"href":"https:\/\/meat.danpolmeat.pl\/it\/wp-json\/wp\/v2\/product_brand?post=3665"},{"taxonomy":"product_cat","embeddable":true,"href":"https:\/\/meat.danpolmeat.pl\/it\/wp-json\/wp\/v2\/product_cat?post=3665"},{"taxonomy":"product_tag","embeddable":true,"href":"https:\/\/meat.danpolmeat.pl\/it\/wp-json\/wp\/v2\/product_tag?post=3665"}],"curies":[{"name":"wp","href":"https:\/\/api.w.org\/{rel}","templated":true}]}}