{"id":3643,"date":"2025-05-28T21:33:17","date_gmt":"2025-05-28T21:33:17","guid":{"rendered":"https:\/\/meat.danpolmeat.pl\/?post_type=product&#038;p=3643"},"modified":"2025-05-29T18:49:09","modified_gmt":"2025-05-29T18:49:09","slug":"boneless-striploin","status":"publish","type":"product","link":"https:\/\/meat.danpolmeat.pl\/it\/product\/boneless-striploin\/","title":{"rendered":"Boneless Striploin"},"content":{"rendered":"<p><iframe title=\"Rostbef bez ko\u015bci na r\u00f3\u017cowo\" width=\"640\" height=\"360\" src=\"https:\/\/www.youtube.com\/embed\/EjDCRNt2WX4?feature=oembed\" frameborder=\"0\" allow=\"accelerometer; autoplay; clipboard-write; encrypted-media; gyroscope; picture-in-picture; web-share\" referrerpolicy=\"strict-origin-when-cross-origin\" allowfullscreen><\/iframe><\/p>\n<p><iframe title=\"Rostbef bez ko\u015bci 3\u017cebra\" width=\"640\" height=\"360\" src=\"https:\/\/www.youtube.com\/embed\/OAcX37lyke0?feature=oembed\" frameborder=\"0\" allow=\"accelerometer; autoplay; clipboard-write; encrypted-media; gyroscope; picture-in-picture; web-share\" referrerpolicy=\"strict-origin-when-cross-origin\" allowfullscreen><\/iframe><\/p>\n<p>&nbsp;<\/p>","protected":false},"excerpt":{"rendered":"<p>Boneless Striploin<\/p>\n<p>This product is the boneless striploin obtained from the hindquarter. The cut starts at the level of the lumbosacral section of the spine and moves towards the lower part of the \u0142ata. The \u0142ata is removed at a specific distance from the eye of the M. longissimus dorsi muscle, both cranially and caudally.<\/p>\n<p>Note:<br \/>\n\u2013 Number of ribs (0 to 3 ribs),<br \/>\n\u2013 Distance from the muscle eye,<br \/>\n\u2013 Whether the intercostal meat is retained or removed,<br \/>\n\u2013 Whether the supraspinous ligament is retained or removed,<br \/>\n\u2013 Whether the M. multifidus is retained or removed,<br \/>\nshould be specified.<\/p>","protected":false},"featured_media":3647,"comment_status":"open","ping_status":"closed","template":"","meta":[],"product_brand":[],"product_cat":[29,47],"product_tag":[],"class_list":{"0":"post-3643","1":"product","2":"type-product","3":"status-publish","4":"has-post-thumbnail","6":"product_cat-beaf-meat","7":"product_cat-boneless-elements","9":"first","10":"instock","11":"shipping-taxable","12":"product-type-simple"},"_links":{"self":[{"href":"https:\/\/meat.danpolmeat.pl\/it\/wp-json\/wp\/v2\/product\/3643","targetHints":{"allow":["GET"]}}],"collection":[{"href":"https:\/\/meat.danpolmeat.pl\/it\/wp-json\/wp\/v2\/product"}],"about":[{"href":"https:\/\/meat.danpolmeat.pl\/it\/wp-json\/wp\/v2\/types\/product"}],"replies":[{"embeddable":true,"href":"https:\/\/meat.danpolmeat.pl\/it\/wp-json\/wp\/v2\/comments?post=3643"}],"wp:featuredmedia":[{"embeddable":true,"href":"https:\/\/meat.danpolmeat.pl\/it\/wp-json\/wp\/v2\/media\/3647"}],"wp:attachment":[{"href":"https:\/\/meat.danpolmeat.pl\/it\/wp-json\/wp\/v2\/media?parent=3643"}],"wp:term":[{"taxonomy":"product_brand","embeddable":true,"href":"https:\/\/meat.danpolmeat.pl\/it\/wp-json\/wp\/v2\/product_brand?post=3643"},{"taxonomy":"product_cat","embeddable":true,"href":"https:\/\/meat.danpolmeat.pl\/it\/wp-json\/wp\/v2\/product_cat?post=3643"},{"taxonomy":"product_tag","embeddable":true,"href":"https:\/\/meat.danpolmeat.pl\/it\/wp-json\/wp\/v2\/product_tag?post=3643"}],"curies":[{"name":"wp","href":"https:\/\/api.w.org\/{rel}","templated":true}]}}