{"id":186,"date":"2024-02-01T02:30:13","date_gmt":"2024-02-01T02:30:13","guid":{"rendered":"http:\/\/boskery-demo.local\/?page_id=186"},"modified":"2025-05-29T09:38:32","modified_gmt":"2025-05-29T09:38:32","slug":"specialty-product","status":"publish","type":"page","link":"https:\/\/meat.danpolmeat.pl\/fr\/specialty-product\/","title":{"rendered":"Produit sp\u00e9cialis\u00e9"},"content":{"rendered":"<div data-elementor-type=\"wp-page\" data-elementor-id=\"186\" class=\"elementor elementor-186\">\n\t\t\t\t<div class=\"elementor-element elementor-element-31e8c7d7 section-space e-flex e-con-boxed e-con e-parent\" data-id=\"31e8c7d7\" data-element_type=\"container\">\n\t\t\t\t\t<div class=\"e-con-inner\">\n\t\t<div class=\"elementor-element elementor-element-1892dc4c e-con-full e-flex e-con e-child\" data-id=\"1892dc4c\" data-element_type=\"container\">\n\t\t\t\t<div class=\"elementor-element elementor-element-7fb15421 elementor-widget elementor-widget-sidebar-nav\" data-id=\"7fb15421\" data-element_type=\"widget\" data-widget_type=\"sidebar-nav.default\">\n\t\t\t\t<div class=\"elementor-widget-container\">\n\t\t\t\t\t    <div class=\"service-sidebar__single wow fadeInRight\" data-wow-duration=\"1500ms\" data-wow-delay=\"0ms\">\r\n                    <ul id=\"menu-services-list\" class=\"list-unstyled service-sidebar__nav ml-0\"><li id=\"menu-item-208\" class=\"menu-item menu-item-type-post_type menu-item-object-page menu-item-208\"><a href=\"https:\/\/meat.danpolmeat.pl\/fr\/custom-cutting\/\">D\u00e9coupe sur mesure<\/a><\/li>\n<li id=\"menu-item-209\" class=\"menu-item menu-item-type-post_type menu-item-object-page menu-item-209\"><a href=\"https:\/\/meat.danpolmeat.pl\/fr\/meat-preparation\/\">Pr\u00e9paration de la viande<\/a><\/li>\n<li id=\"menu-item-210\" class=\"menu-item menu-item-type-post_type menu-item-object-page menu-item-210\"><a href=\"https:\/\/meat.danpolmeat.pl\/fr\/meat-packaging\/\">Emballage de viande<\/a><\/li>\n<li id=\"menu-item-211\" class=\"menu-item menu-item-type-post_type menu-item-object-page menu-item-211\"><a href=\"https:\/\/meat.danpolmeat.pl\/fr\/online-ordering\/\">Commande en ligne<\/a><\/li>\n<li id=\"menu-item-213\" class=\"menu-item menu-item-type-post_type menu-item-object-page menu-item-213\"><a href=\"https:\/\/meat.danpolmeat.pl\/fr\/specialty-product\/\">Produit sp\u00e9cialis\u00e9<\/a><\/li>\n<\/ul>            <\/div><!-- \/.service-sidebar__single -->\r\n\t\t\t\t<\/div>\n\t\t\t\t<\/div>\n\t\t\t\t<div class=\"elementor-element elementor-element-2c484512 elementor-widget elementor-widget-boskery-sidebar-call-to-action\" data-id=\"2c484512\" data-element_type=\"widget\" data-widget_type=\"boskery-sidebar-call-to-action.default\">\n\t\t\t\t<div class=\"elementor-widget-container\">\n\t\t\t\t\t    <div class=\"service-sidebar__single wow fadeInRight\" data-wow-duration=\"1500ms\" data-wow-delay=\"200ms\">\r\n        <div class=\"contact\">\r\n            <div class=\"contact__bg\" style=\"background-image: url(https:\/\/bracketweb.com\/boskerywp\/wp-content\/uploads\/2024\/02\/service-sidebar-info-bg-1.jpg);\"><\/div><!-- \/.contact__bg -->\r\n            <div class=\"contact__content\">\r\n                <h3 class=\"contact__title\">APPELEZ LE SERVICE CLIENT DIRECT\n<\/h3>                <div class=\"contact__info\">\r\n                    <div class=\"contact__info__inner\">\r\n                        <div class=\"contact__info__icon\">\r\n                            <span class=\"icon-telephone\"><\/span>\r\n                        <\/div><!-- \/.contact__info__icon -->\r\n                        <div class=\"contact__info__right\">\r\n                            <h4 class=\"contact__info__title\">APPEL POUR LIVRAISON\n<\/h4><!-- \/.contact__info__title -->\r\n                            <a href=\"tel:+92-(8800)-68900\" class=\"contact__info__number\">+92 (8800) 68900<\/a><!-- \/.contact__info__number -->\r\n                        <\/div><!-- \/.contact__info__right -->\r\n                    <\/div><!-- \/.contact__info__inner -->\r\n                <\/div><!-- \/.contact__info -->\r\n            <\/div><!-- \/.contact__content -->\r\n        <\/div><!-- \/.contact -->\r\n    <\/div><!-- \/.service-sidebar__single -->\r\n\t\t\t\t<\/div>\n\t\t\t\t<\/div>\n\t\t\t\t<\/div>\n\t\t<div class=\"elementor-element elementor-element-73e5dfc9 e-con-full e-flex e-con e-child\" data-id=\"73e5dfc9\" data-element_type=\"container\">\n\t\t\t\t<div class=\"elementor-element elementor-element-3c05712b elementor-widget elementor-widget-image\" data-id=\"3c05712b\" data-element_type=\"widget\" data-widget_type=\"image.default\">\n\t\t\t\t<div class=\"elementor-widget-container\">\n\t\t\t\t\t\t\t\t\t\t\t\t\t\t\t<img fetchpriority=\"high\" decoding=\"async\" width=\"770\" height=\"350\" src=\"https:\/\/meat.danpolmeat.pl\/wp-content\/uploads\/2024\/02\/service-d-6.jpg\" class=\"attachment-full size-full wp-image-2185\" alt=\"service-d-6\" srcset=\"https:\/\/meat.danpolmeat.pl\/wp-content\/uploads\/2024\/02\/service-d-6.jpg 770w, https:\/\/meat.danpolmeat.pl\/wp-content\/uploads\/2024\/02\/service-d-6-570x259.jpg 570w, https:\/\/meat.danpolmeat.pl\/wp-content\/uploads\/2024\/02\/service-d-6-300x136.jpg 300w, https:\/\/meat.danpolmeat.pl\/wp-content\/uploads\/2024\/02\/service-d-6-768x349.jpg 768w\" sizes=\"(max-width: 770px) 100vw, 770px\" \/>\t\t\t\t\t\t\t\t\t\t\t\t\t\t\t<\/div>\n\t\t\t\t<\/div>\n\t\t\t\t<div class=\"elementor-element elementor-element-4d0c1786 elementor-widget elementor-widget-text-editor\" data-id=\"4d0c1786\" data-element_type=\"widget\" data-widget_type=\"text-editor.default\">\n\t\t\t\t<div class=\"elementor-widget-container\">\n\t\t\t\t\t\t\t\t\t<h3 class=\"service-details__title\">SPECIALTY PRODUCT<\/h3>\t\t\t\t\t\t\t\t<\/div>\n\t\t\t\t<\/div>\n\t\t\t\t<div class=\"elementor-element elementor-element-e36ea2e elementor-widget elementor-widget-text-editor\" data-id=\"e36ea2e\" data-element_type=\"widget\" data-widget_type=\"text-editor.default\">\n\t\t\t\t<div class=\"elementor-widget-container\">\n\t\t\t\t\t\t\t\t\t<p class=\"service-details__text\">At Danpol Meat, we offer a selection of specialty products designed to meet unique customer needs. Our range includes premium beef cuts, further processed poultry items such as marinated or seasoned chicken and turkey, and value-added products like doner kebab. Each specialty product is prepared with strict attention to quality, food safety, and consistency, making them ideal for retail, food service, and industrial clients. We also provide custom solutions to accommodate specific requirements and market trends.<\/p><p><!-- \/.service-details__text --><\/p>\t\t\t\t\t\t\t\t<\/div>\n\t\t\t\t<\/div>\n\t\t\t\t<div class=\"elementor-element elementor-element-3b537019 elementor-widget elementor-widget-text-editor\" data-id=\"3b537019\" data-element_type=\"widget\" data-widget_type=\"text-editor.default\">\n\t\t\t\t<div class=\"elementor-widget-container\">\n\t\t\t\t\t\t\t\t\t<div class=\"service-details__lists wow fadeInUp\" data-wow-duration=\"1500ms\" data-wow-delay=\"100ms\"><ul class=\"service-details__list\"><li><i class=\"icon-check\"><\/i>CONTR\u00d4LE DE QUALIT\u00c9<\/li><li><i class=\"icon-check\"><\/i>GESTION DE L&#039;HYGI\u00c8NE<\/li><\/ul><p><!-- \/.service-details__list --><\/p><ul class=\"service-details__list\"><li><i class=\"icon-check\"><\/i>TRA\u00c7ABILIT\u00c9<\/li><li><i class=\"icon-check\"><\/i>TRAITEMENT PERSONNALIS\u00c9<\/li><\/ul><p><!-- \/.service-details__list --><\/p><ul class=\"service-details__list\"><li><i class=\"icon-check\"><\/i>LOGISTIQUE DE LA CHA\u00ceNE DU FROID<\/li><li><i class=\"icon-check\"><\/i>CERTIFICATIONS<\/li><\/ul><p><!-- \/.service-details__list --><\/p><\/div>\t\t\t\t\t\t\t\t<\/div>\n\t\t\t\t<\/div>\n\t\t<div class=\"elementor-element elementor-element-5033e28c e-flex e-con-boxed e-con e-child\" data-id=\"5033e28c\" data-element_type=\"container\">\n\t\t\t\t\t<div class=\"e-con-inner\">\n\t\t<div class=\"elementor-element elementor-element-5419b290 e-flex e-con-boxed e-con e-child\" data-id=\"5419b290\" data-element_type=\"container\">\n\t\t\t\t\t<div class=\"e-con-inner\">\n\t\t\t\t<div class=\"elementor-element elementor-element-2cd38a7c elementor-widget elementor-widget-image\" data-id=\"2cd38a7c\" data-element_type=\"widget\" data-widget_type=\"image.default\">\n\t\t\t\t<div class=\"elementor-widget-container\">\n\t\t\t\t\t\t\t\t\t\t\t\t\t\t\t<img decoding=\"async\" width=\"1000\" height=\"1000\" src=\"https:\/\/meat.danpolmeat.pl\/wp-content\/uploads\/2025\/05\/butchers-favourites-3.jpg\" class=\"attachment-full size-full wp-image-3813\" alt=\"\" srcset=\"https:\/\/meat.danpolmeat.pl\/wp-content\/uploads\/2025\/05\/butchers-favourites-3.jpg 1000w, https:\/\/meat.danpolmeat.pl\/wp-content\/uploads\/2025\/05\/butchers-favourites-3-300x300.jpg 300w, https:\/\/meat.danpolmeat.pl\/wp-content\/uploads\/2025\/05\/butchers-favourites-3-150x150.jpg 150w, https:\/\/meat.danpolmeat.pl\/wp-content\/uploads\/2025\/05\/butchers-favourites-3-768x768.jpg 768w, https:\/\/meat.danpolmeat.pl\/wp-content\/uploads\/2025\/05\/butchers-favourites-3-76x75.jpg 76w, https:\/\/meat.danpolmeat.pl\/wp-content\/uploads\/2025\/05\/butchers-favourites-3-70x70.jpg 70w, https:\/\/meat.danpolmeat.pl\/wp-content\/uploads\/2025\/05\/butchers-favourites-3-270x270.jpg 270w, https:\/\/meat.danpolmeat.pl\/wp-content\/uploads\/2025\/05\/butchers-favourites-3-570x570.jpg 570w, https:\/\/meat.danpolmeat.pl\/wp-content\/uploads\/2025\/05\/butchers-favourites-3-100x100.jpg 100w, https:\/\/meat.danpolmeat.pl\/wp-content\/uploads\/2025\/05\/butchers-favourites-3-460x460.jpg 460w\" sizes=\"(max-width: 1000px) 100vw, 1000px\" \/>\t\t\t\t\t\t\t\t\t\t\t\t\t\t\t<\/div>\n\t\t\t\t<\/div>\n\t\t\t\t\t<\/div>\n\t\t\t\t<\/div>\n\t\t<div class=\"elementor-element elementor-element-1f78f5d e-flex e-con-boxed e-con e-child\" data-id=\"1f78f5d\" data-element_type=\"container\">\n\t\t\t\t\t<div class=\"e-con-inner\">\n\t\t\t\t<div class=\"elementor-element elementor-element-8ec7abf elementor-widget elementor-widget-image\" data-id=\"8ec7abf\" data-element_type=\"widget\" data-widget_type=\"image.default\">\n\t\t\t\t<div class=\"elementor-widget-container\">\n\t\t\t\t\t\t\t\t\t\t\t\t\t\t\t<img decoding=\"async\" width=\"640\" height=\"640\" src=\"https:\/\/meat.danpolmeat.pl\/wp-content\/uploads\/2025\/05\/Danpol-ELEMENT-1-1024x1024.jpg\" class=\"attachment-large size-large wp-image-3816\" alt=\"\" srcset=\"https:\/\/meat.danpolmeat.pl\/wp-content\/uploads\/2025\/05\/Danpol-ELEMENT-1-1024x1024.jpg 1024w, https:\/\/meat.danpolmeat.pl\/wp-content\/uploads\/2025\/05\/Danpol-ELEMENT-1-300x300.jpg 300w, https:\/\/meat.danpolmeat.pl\/wp-content\/uploads\/2025\/05\/Danpol-ELEMENT-1-150x150.jpg 150w, https:\/\/meat.danpolmeat.pl\/wp-content\/uploads\/2025\/05\/Danpol-ELEMENT-1-768x768.jpg 768w, https:\/\/meat.danpolmeat.pl\/wp-content\/uploads\/2025\/05\/Danpol-ELEMENT-1-1536x1536.jpg 1536w, https:\/\/meat.danpolmeat.pl\/wp-content\/uploads\/2025\/05\/Danpol-ELEMENT-1-76x75.jpg 76w, https:\/\/meat.danpolmeat.pl\/wp-content\/uploads\/2025\/05\/Danpol-ELEMENT-1-70x70.jpg 70w, https:\/\/meat.danpolmeat.pl\/wp-content\/uploads\/2025\/05\/Danpol-ELEMENT-1-270x270.jpg 270w, https:\/\/meat.danpolmeat.pl\/wp-content\/uploads\/2025\/05\/Danpol-ELEMENT-1-570x570.jpg 570w, https:\/\/meat.danpolmeat.pl\/wp-content\/uploads\/2025\/05\/Danpol-ELEMENT-1-100x100.jpg 100w, https:\/\/meat.danpolmeat.pl\/wp-content\/uploads\/2025\/05\/Danpol-ELEMENT-1-460x460.jpg 460w, https:\/\/meat.danpolmeat.pl\/wp-content\/uploads\/2025\/05\/Danpol-ELEMENT-1.jpg 1965w\" sizes=\"(max-width: 640px) 100vw, 640px\" \/>\t\t\t\t\t\t\t\t\t\t\t\t\t\t\t<\/div>\n\t\t\t\t<\/div>\n\t\t\t\t\t<\/div>\n\t\t\t\t<\/div>\n\t\t\t\t\t<\/div>\n\t\t\t\t<\/div>\n\t\t\t\t<div class=\"elementor-element elementor-element-19a250d2 elementor-widget__width-initial elementor-widget elementor-widget-boskery-faq\" data-id=\"19a250d2\" data-element_type=\"widget\" data-widget_type=\"boskery-faq.default\">\n\t\t\t\t<div class=\"elementor-widget-container\">\n\t\t\t\t\t\r\n    <div class=\"service-details__faq\">\r\n        <h4 class=\"service-details__title service-details__faq__title\">QUESTIONS FR\u00c9QUEMMENT POS\u00c9ES<\/h4><!-- \/.service-details__title -->\r\n        <div class=\"faq-accordion boskery-accordion\" data-grp-name=\"boskery-accordion69ebc878c9ed1\">\r\n                            <div class=\"accordion wow fadeInUp active\" data-wow-duration=\"1500ms\" data-wow-delay=\"00ms\">\r\n                    <div class=\"accordion-title\">\r\n                        <h4>Qu&#039;est-ce qui rend Danpol Meat diff\u00e9rent ?                            <span class=\"accordion-title__icon\"><\/span>\r\n                        <\/h4>\r\n                    <\/div><!-- \/.accordion-title -->\r\n\r\n                    <div class=\"accordion-content\">\r\n                        <div class=\"inner\">\r\n                            <div class=\"inner__bg\" style=\"background-image: url(https:\/\/bracketweb.com\/boskerywp\/wp-content\/uploads\/2024\/02\/faq-1-1.jpg);\">\r\n                            <\/div><!-- \/.inner__bg -->\r\n                            <p>\nDanpol Meat se distingue par son engagement envers la qualit\u00e9, la pr\u00e9cision et la satisfaction client. Nous proposons des solutions sur mesure, un traitement avanc\u00e9 et un service fiable aux clients de la vente au d\u00e9tail et de l&#039;industrie. Notre \u00e9quipe exp\u00e9riment\u00e9e veille \u00e0 ce que chaque commande soit conforme \u00e0 vos sp\u00e9cifications.<\/p>\r\n                        <\/div><!-- \/.accordion-content -->\r\n                    <\/div>\r\n                <\/div><!-- \/.accordion-item -->\r\n                            <div class=\"accordion wow fadeInUp\" data-wow-duration=\"1500ms\" data-wow-delay=\"10ms\">\r\n                    <div class=\"accordion-title\">\r\n                        <h4>La viande provenant d\u2019une boucherie est-elle fra\u00eeche ?                            <span class=\"accordion-title__icon\"><\/span>\r\n                        <\/h4>\r\n                    <\/div><!-- \/.accordion-title -->\r\n\r\n                    <div class=\"accordion-content\">\r\n                        <div class=\"inner\">\r\n                            <div class=\"inner__bg\" style=\"background-image: url(https:\/\/bracketweb.com\/boskerywp\/wp-content\/uploads\/2024\/02\/faq-1-1.jpg);\">\r\n                            <\/div><!-- \/.inner__bg -->\r\n                            <p>\nChez Danpol Meat, nous fournissons \u00e0 nos partenaires \u2013 boucheries, d\u00e9taillants et entreprises de restauration \u2013 du b\u0153uf transform\u00e9, conditionn\u00e9 et livr\u00e9 selon des normes de qualit\u00e9 et d&#039;hygi\u00e8ne strictes. La fra\u00eecheur de la viande en boucherie d\u00e9pend de sa rapidit\u00e9 de vente et de son entreposage apr\u00e8s livraison. Nous veillons \u00e0 ce que tous nos produits quittent nos installations avec une fra\u00eecheur optimale, gr\u00e2ce \u00e0 une cha\u00eene du froid parfaitement respect\u00e9e et \u00e0 une tra\u00e7abilit\u00e9 claire. Pour un r\u00e9sultat optimal, nous recommandons \u00e0 nos partenaires de suivre les consignes de stockage appropri\u00e9es et de vendre leurs produits dans les d\u00e9lais recommand\u00e9s afin de garantir leur fra\u00eecheur au client final.<\/p>\r\n                        <\/div><!-- \/.accordion-content -->\r\n                    <\/div>\r\n                <\/div><!-- \/.accordion-item -->\r\n                            <div class=\"accordion wow fadeInUp\" data-wow-duration=\"1500ms\" data-wow-delay=\"20ms\">\r\n                    <div class=\"accordion-title\">\r\n                        <h4>Est-ce que Danpol Meat vend d&#039;autres produits en plus de la viande ?                            <span class=\"accordion-title__icon\"><\/span>\r\n                        <\/h4>\r\n                    <\/div><!-- \/.accordion-title -->\r\n\r\n                    <div class=\"accordion-content\">\r\n                        <div class=\"inner\">\r\n                            <div class=\"inner__bg\" style=\"background-image: url(https:\/\/bracketweb.com\/boskerywp\/wp-content\/uploads\/2024\/02\/faq-1-1.jpg);\">\r\n                            <\/div><!-- \/.inner__bg -->\r\n                            <p>\nDanpol Meat est sp\u00e9cialis\u00e9 dans les produits de b\u0153uf de haute qualit\u00e9, mais propose \u00e9galement une gamme de produits de volaille transform\u00e9s, notamment de la dinde et du poulet. Nous produisons \u00e9galement des kebabs et d&#039;autres produits carn\u00e9s \u00e0 valeur ajout\u00e9e pour nos clients. Notre priorit\u00e9 est de proposer des produits de b\u0153uf et de volaille s\u00fbrs et de haute qualit\u00e9 aux distributeurs, aux restaurateurs et aux industriels.<\/p>\r\n                        <\/div><!-- \/.accordion-content -->\r\n                    <\/div>\r\n                <\/div><!-- \/.accordion-item -->\r\n                            <div class=\"accordion wow fadeInUp\" data-wow-duration=\"1500ms\" data-wow-delay=\"30ms\">\r\n                    <div class=\"accordion-title\">\r\n                        <h4>Puis-je demander des coupes personnalis\u00e9es chez Danpol Meat Food Sp z oo ?                            <span class=\"accordion-title__icon\"><\/span>\r\n                        <\/h4>\r\n                    <\/div><!-- \/.accordion-title -->\r\n\r\n                    <div class=\"accordion-content\">\r\n                        <div class=\"inner\">\r\n                            <div class=\"inner__bg\" style=\"background-image: url(https:\/\/bracketweb.com\/boskerywp\/wp-content\/uploads\/2024\/02\/faq-1-1.jpg);\">\r\n                            <\/div><!-- \/.inner__bg -->\r\n                            <p>\nOui, chez Danpol Meat, nous proposons des services de d\u00e9coupe sur mesure pour r\u00e9pondre \u00e0 vos besoins sp\u00e9cifiques. Notre \u00e9quipe exp\u00e9riment\u00e9e peut transformer du b\u0153uf, de la volaille et des produits de type doner selon vos pr\u00e9f\u00e9rences de taille, d&#039;\u00e9paisseur et de sp\u00e9cifications. Nous travaillons en \u00e9troite collaboration avec nos clients pour garantir que chaque commande r\u00e9ponde \u00e0 leurs besoins, que ce soit pour la vente au d\u00e9tail, la restauration ou l&#039;industrie. Veuillez contacter notre \u00e9quipe commerciale pour discuter de vos options de d\u00e9coupe sur mesure.<\/p>\r\n                        <\/div><!-- \/.accordion-content -->\r\n                    <\/div>\r\n                <\/div><!-- \/.accordion-item -->\r\n                    <\/div><!-- \/.faq-accordion -->\r\n    <\/div><!-- \/.service-details__faq -->\r\n\r\n\t\t\t\t<\/div>\n\t\t\t\t<\/div>\n\t\t\t\t<\/div>\n\t\t\t\t\t<\/div>\n\t\t\t\t<\/div>\n\t\t<div class=\"elementor-element elementor-element-83f0a4c e-con-full e-flex e-con e-parent\" data-id=\"83f0a4c\" data-element_type=\"container\">\n\t\t\t\t<div class=\"elementor-element elementor-element-e331957 elementor-widget elementor-widget-boskery-contact-form\" data-id=\"e331957\" data-element_type=\"widget\" data-widget_type=\"boskery-contact-form.default\">\n\t\t\t\t<div class=\"elementor-widget-container\">\n\t\t\t\t\t\t<section class=\"details-form details-form--service section-space-bottom\">\r\n\t\t<div class=\"details-form__bg\" style=\"background-image: url(https:\/\/bracketweb.com\/boskerywp\/wp-content\/uploads\/2024\/02\/service-details-form-bg.png);\"><\/div><!-- \/.details-form__bg -->\r\n\t\t<div class=\"container\">\r\n\t\t\t<div class=\"details-form__content\">\r\n\t\t\t\t<div class=\"sec-title @@extraClassName\">\r\n\t\t\t\t\t<h3 class=\"sec-title__title\">ENTRER EN CONTACT<\/h3>\t\t\t\t<\/div><!-- \/.sec-title -->\r\n\t\t\t\t<p class=\"details-form__text\">Votre adresse e-mail ne sera pas publi\u00e9e. Les champs obligatoires sont marqu\u00e9s d&#039;un ast\u00e9risque (*).<\/p>\t\t\t<\/div><!-- \/.details-form__content -->\r\n\t\t\t<div class=\"form-one details-form__form\">\r\n\t\t\t\t<div class=\"wpcf7 no-js\" id=\"wpcf7-f1712-o1\" lang=\"en-US\" dir=\"ltr\" data-wpcf7-id=\"1712\">\n<div class=\"screen-reader-response\"><p role=\"status\" aria-live=\"polite\" aria-atomic=\"true\"><\/p> <ul><\/ul><\/div>\n<form action=\"\/fr\/wp-json\/wp\/v2\/pages\/186#wpcf7-f1712-o1\" method=\"post\" class=\"wpcf7-form init\" aria-label=\"Contact form\" novalidate=\"novalidate\" data-status=\"init\" data-trp-original-action=\"\/fr\/wp-json\/wp\/v2\/pages\/186#wpcf7-f1712-o1\">\n<div style=\"display: none;\">\n<input type=\"hidden\" name=\"_wpcf7\" value=\"1712\" \/>\n<input type=\"hidden\" name=\"_wpcf7_version\" value=\"6.0.6\" \/>\n<input type=\"hidden\" name=\"_wpcf7_locale\" value=\"en_US\" \/>\n<input type=\"hidden\" name=\"_wpcf7_unit_tag\" value=\"wpcf7-f1712-o1\" \/>\n<input type=\"hidden\" name=\"_wpcf7_container_post\" value=\"0\" \/>\n<input type=\"hidden\" name=\"_wpcf7_posted_data_hash\" value=\"\" \/>\n<\/div>\n<div class=\"form-one__group form-one__group--grid\">\n    <div class=\"form-one__control wow fadeInUp\" data-wow-duration=\"1500ms\" data-wow-delay=\"00ms\">\n        <span class=\"wpcf7-form-control-wrap\" data-name=\"text-182\"><input size=\"40\" maxlength=\"400\" class=\"wpcf7-form-control wpcf7-text wpcf7-validates-as-required\" aria-required=\"true\" aria-invalid=\"false\" placeholder=\"Votre nom\" value=\"\" type=\"text\" name=\"text-182\" \/><\/span>\n    <\/div><!-- \/.form-one__control  -->\n    <div class=\"form-one__control wow fadeInUp\" data-wow-duration=\"1500ms\" data-wow-delay=\"50ms\">\n         <span class=\"wpcf7-form-control-wrap\" data-name=\"email-312\"><input size=\"40\" maxlength=\"400\" class=\"wpcf7-form-control wpcf7-email wpcf7-validates-as-required wpcf7-text wpcf7-validates-as-email\" aria-required=\"true\" aria-invalid=\"false\" placeholder=\"Votre e-mail\" value=\"\" type=\"email\" name=\"email-312\" \/><\/span>\n    <\/div><!-- \/.form-one__control -->\n    <div class=\"form-one__control form-one__control--full wow fadeInUp\" data-wow-duration=\"1500ms\" data-wow-delay=\"100ms\">\n         <span class=\"wpcf7-form-control-wrap\" data-name=\"textarea-276\"><textarea cols=\"40\" rows=\"10\" maxlength=\"2000\" class=\"wpcf7-form-control wpcf7-textarea wpcf7-validates-as-required\" aria-required=\"true\" aria-invalid=\"false\" placeholder=\"\u00c9crire un message . . .\" name=\"textarea-276\"><\/textarea><\/span>\n    <\/div><!-- \/.form-one__control -->\n    <div class=\"form-one__control form-one__control--full wow fadeInUp\" data-wow-duration=\"1500ms\" data-wow-delay=\"150ms\">\n        <button type=\"submit\" class=\"boskery-btn\">\n            <span class=\"boskery-btn__hover\"><\/span>\n            <span class=\"boskery-btn__hover\"><\/span>\n            <span class=\"boskery-btn__hover\"><\/span>\n            <span class=\"boskery-btn__hover\"><\/span>\n            <span class=\"boskery-btn__hover\"><\/span>\n            <span class=\"boskery-btn__hover\"><\/span>\n            <span class=\"boskery-btn__text\">Envoyer un message<\/span>\n            <i class=\"icon-meat-3\"><\/i>\n        <\/button>\n    <\/div><!-- \/.form-one__control -->\n<\/div><!-- \/.form-one__group --><div class=\"wpcf7-response-output\" aria-hidden=\"true\"><\/div>\n<input type=\"hidden\" name=\"trp-form-language\" value=\"fr\"\/><\/form>\n<\/div>\t\t\t<\/div>\r\n\t\t<\/div><!-- \/.container -->\r\n\t<\/section><!-- \/.details-form section-space-bottom -->\r\n\t\t\t\t<\/div>\n\t\t\t\t<\/div>\n\t\t\t\t<\/div>\n\t\t\t\t<\/div>","protected":false},"excerpt":{"rendered":"<p>Custom Cutting Meat Preparation Meat Packaging Online Ordering Specialty Product CALL FOR DIRECT CUSTOMER SERVICE CALL FOR DELIVERY +92 (8800) 68900 SPECIALTY PRODUCT At Danpol Meat, we offer a selection of specialty products designed to meet unique customer needs. Our range includes premium beef cuts, further processed poultry items such as marinated or seasoned chicken [&hellip;]<\/p>","protected":false},"author":1,"featured_media":0,"parent":0,"menu_order":0,"comment_status":"closed","ping_status":"closed","template":"elementor_header_footer","meta":{"footnotes":""},"class_list":["post-186","page","type-page","status-publish","hentry"],"_links":{"self":[{"href":"https:\/\/meat.danpolmeat.pl\/fr\/wp-json\/wp\/v2\/pages\/186","targetHints":{"allow":["GET"]}}],"collection":[{"href":"https:\/\/meat.danpolmeat.pl\/fr\/wp-json\/wp\/v2\/pages"}],"about":[{"href":"https:\/\/meat.danpolmeat.pl\/fr\/wp-json\/wp\/v2\/types\/page"}],"author":[{"embeddable":true,"href":"https:\/\/meat.danpolmeat.pl\/fr\/wp-json\/wp\/v2\/users\/1"}],"replies":[{"embeddable":true,"href":"https:\/\/meat.danpolmeat.pl\/fr\/wp-json\/wp\/v2\/comments?post=186"}],"version-history":[{"count":7,"href":"https:\/\/meat.danpolmeat.pl\/fr\/wp-json\/wp\/v2\/pages\/186\/revisions"}],"predecessor-version":[{"id":3819,"href":"https:\/\/meat.danpolmeat.pl\/fr\/wp-json\/wp\/v2\/pages\/186\/revisions\/3819"}],"wp:attachment":[{"href":"https:\/\/meat.danpolmeat.pl\/fr\/wp-json\/wp\/v2\/media?parent=186"}],"curies":[{"name":"wp","href":"https:\/\/api.w.org\/{rel}","templated":true}]}}