{"id":180,"date":"2024-02-01T02:30:13","date_gmt":"2024-02-01T02:30:13","guid":{"rendered":"http:\/\/boskery-demo.local\/?page_id=180"},"modified":"2025-05-29T09:11:45","modified_gmt":"2025-05-29T09:11:45","slug":"custom-cutting","status":"publish","type":"page","link":"https:\/\/meat.danpolmeat.pl\/fr\/custom-cutting\/","title":{"rendered":"D\u00e9coupe sur mesure"},"content":{"rendered":"<div data-elementor-type=\"wp-page\" data-elementor-id=\"180\" class=\"elementor elementor-180\">\n\t\t\t\t<div class=\"elementor-element elementor-element-fb0210a section-space e-flex e-con-boxed e-con e-parent\" data-id=\"fb0210a\" data-element_type=\"container\">\n\t\t\t\t\t<div class=\"e-con-inner\">\n\t\t<div class=\"elementor-element elementor-element-dff559a e-con-full e-flex e-con e-child\" data-id=\"dff559a\" data-element_type=\"container\">\n\t\t\t\t<div class=\"elementor-element elementor-element-da6e6df elementor-widget elementor-widget-sidebar-nav\" data-id=\"da6e6df\" data-element_type=\"widget\" data-widget_type=\"sidebar-nav.default\">\n\t\t\t\t<div class=\"elementor-widget-container\">\n\t\t\t\t\t    <div class=\"service-sidebar__single wow fadeInRight\" data-wow-duration=\"1500ms\" data-wow-delay=\"0ms\">\r\n                    <ul id=\"menu-services-list\" class=\"list-unstyled service-sidebar__nav ml-0\"><li id=\"menu-item-208\" class=\"menu-item menu-item-type-post_type menu-item-object-page menu-item-208\"><a href=\"https:\/\/meat.danpolmeat.pl\/fr\/custom-cutting\/\">D\u00e9coupe sur mesure<\/a><\/li>\n<li id=\"menu-item-209\" class=\"menu-item menu-item-type-post_type menu-item-object-page menu-item-209\"><a href=\"https:\/\/meat.danpolmeat.pl\/fr\/meat-preparation\/\">Pr\u00e9paration de la viande<\/a><\/li>\n<li id=\"menu-item-210\" class=\"menu-item menu-item-type-post_type menu-item-object-page menu-item-210\"><a href=\"https:\/\/meat.danpolmeat.pl\/fr\/meat-packaging\/\">Emballage de viande<\/a><\/li>\n<li id=\"menu-item-211\" class=\"menu-item menu-item-type-post_type menu-item-object-page menu-item-211\"><a href=\"https:\/\/meat.danpolmeat.pl\/fr\/online-ordering\/\">Commande en ligne<\/a><\/li>\n<li id=\"menu-item-213\" class=\"menu-item menu-item-type-post_type menu-item-object-page menu-item-213\"><a href=\"https:\/\/meat.danpolmeat.pl\/fr\/specialty-product\/\">Produit sp\u00e9cialis\u00e9<\/a><\/li>\n<\/ul>            <\/div><!-- \/.service-sidebar__single -->\r\n\t\t\t\t<\/div>\n\t\t\t\t<\/div>\n\t\t\t\t<div class=\"elementor-element elementor-element-e3479c4 elementor-widget elementor-widget-boskery-sidebar-call-to-action\" data-id=\"e3479c4\" data-element_type=\"widget\" data-widget_type=\"boskery-sidebar-call-to-action.default\">\n\t\t\t\t<div class=\"elementor-widget-container\">\n\t\t\t\t\t    <div class=\"service-sidebar__single wow fadeInRight\" data-wow-duration=\"1500ms\" data-wow-delay=\"200ms\">\r\n        <div class=\"contact\">\r\n            <div class=\"contact__bg\" style=\"background-image: url(https:\/\/bracketweb.com\/boskerywp\/wp-content\/uploads\/2024\/02\/service-sidebar-info-bg-1.jpg);\"><\/div><!-- \/.contact__bg -->\r\n            <div class=\"contact__content\">\r\n                <h3 class=\"contact__title\">APPELEZ LE SERVICE CLIENT DIRECT\n<\/h3>                <div class=\"contact__info\">\r\n                    <div class=\"contact__info__inner\">\r\n                        <div class=\"contact__info__icon\">\r\n                            <span class=\"icon-telephone\"><\/span>\r\n                        <\/div><!-- \/.contact__info__icon -->\r\n                        <div class=\"contact__info__right\">\r\n                            <h4 class=\"contact__info__title\">APPEL POUR LIVRAISON\n<\/h4><!-- \/.contact__info__title -->\r\n                            <a href=\"tel:+92-(8800)-68900\" class=\"contact__info__number\">+92 (8800) 68900<\/a><!-- \/.contact__info__number -->\r\n                        <\/div><!-- \/.contact__info__right -->\r\n                    <\/div><!-- \/.contact__info__inner -->\r\n                <\/div><!-- \/.contact__info -->\r\n            <\/div><!-- \/.contact__content -->\r\n        <\/div><!-- \/.contact -->\r\n    <\/div><!-- \/.service-sidebar__single -->\r\n\t\t\t\t<\/div>\n\t\t\t\t<\/div>\n\t\t\t\t<\/div>\n\t\t<div class=\"elementor-element elementor-element-b2d03d2 e-con-full e-flex e-con e-child\" data-id=\"b2d03d2\" data-element_type=\"container\">\n\t\t\t\t<div class=\"elementor-element elementor-element-7c83920 elementor-widget elementor-widget-image\" data-id=\"7c83920\" data-element_type=\"widget\" data-widget_type=\"image.default\">\n\t\t\t\t<div class=\"elementor-widget-container\">\n\t\t\t\t\t\t\t\t\t\t\t\t\t\t\t<img fetchpriority=\"high\" decoding=\"async\" width=\"770\" height=\"350\" src=\"https:\/\/meat.danpolmeat.pl\/wp-content\/uploads\/2024\/02\/service-d-1.jpg\" class=\"attachment-full size-full wp-image-2162\" alt=\"service-j-1\" srcset=\"https:\/\/meat.danpolmeat.pl\/wp-content\/uploads\/2024\/02\/service-d-1.jpg 770w, https:\/\/meat.danpolmeat.pl\/wp-content\/uploads\/2024\/02\/service-d-1-570x259.jpg 570w, https:\/\/meat.danpolmeat.pl\/wp-content\/uploads\/2024\/02\/service-d-1-300x136.jpg 300w, https:\/\/meat.danpolmeat.pl\/wp-content\/uploads\/2024\/02\/service-d-1-768x349.jpg 768w\" sizes=\"(max-width: 770px) 100vw, 770px\" \/>\t\t\t\t\t\t\t\t\t\t\t\t\t\t\t<\/div>\n\t\t\t\t<\/div>\n\t\t\t\t<div class=\"elementor-element elementor-element-a467d00 elementor-widget elementor-widget-text-editor\" data-id=\"a467d00\" data-element_type=\"widget\" data-widget_type=\"text-editor.default\">\n\t\t\t\t<div class=\"elementor-widget-container\">\n\t\t\t\t\t\t\t\t\t<h3 class=\"service-details__title\">D\u00c9COUPE SUR MESURE\n<\/h3>\t\t\t\t\t\t\t\t<\/div>\n\t\t\t\t<\/div>\n\t\t\t\t<div class=\"elementor-element elementor-element-9e4de08 elementor-widget elementor-widget-text-editor\" data-id=\"9e4de08\" data-element_type=\"widget\" data-widget_type=\"text-editor.default\">\n\t\t\t\t<div class=\"elementor-widget-container\">\n\t\t\t\t\t\t\t\t\t<p class=\"service-details__text\">Chez Danpol Meat, nous proposons des services de d\u00e9coupe sur mesure, adapt\u00e9s \u00e0 vos besoins sp\u00e9cifiques. Notre \u00e9quipe exp\u00e9riment\u00e9e transforme le b\u0153uf selon l&#039;\u00e9paisseur, la taille et le style de coupe souhait\u00e9s, garantissant ainsi la constance et la qualit\u00e9 de chaque lot. Nous servons nos clients, qu&#039;ils soient de la grande distribution ou de l&#039;industrie, avec pr\u00e9cision et flexibilit\u00e9.<\/p><p><!-- \/.service-details__text --><\/p>\t\t\t\t\t\t\t\t<\/div>\n\t\t\t\t<\/div>\n\t\t\t\t<div class=\"elementor-element elementor-element-643dc37 elementor-widget elementor-widget-text-editor\" data-id=\"643dc37\" data-element_type=\"widget\" data-widget_type=\"text-editor.default\">\n\t\t\t\t<div class=\"elementor-widget-container\">\n\t\t\t\t\t\t\t\t\t<div class=\"service-details__content__inner-2 wow fadeInUp\" data-wow-duration=\"1500ms\" data-wow-delay=\"50ms\"><h3 class=\"service-details__title\">NOS SERVICES<\/h3><p><!-- \/.service-details__title --><\/p><p class=\"service-details__text\">Danpol Meat est sp\u00e9cialis\u00e9 dans la transformation industrielle de la viande et propose une gamme compl\u00e8te de services, incluant le portionnement, le d\u00e9sossage, le parage et le conditionnement. Nous privil\u00e9gions l&#039;efficacit\u00e9, l&#039;hygi\u00e8ne et la qualit\u00e9, pour des produits r\u00e9pondant aux normes les plus strictes de l&#039;industrie. Nos solutions sont con\u00e7ues pour les partenaires de la restauration, de la vente en gros et de l&#039;industrie manufacturi\u00e8re.<\/p><p><!-- \/.service-details__text --><\/p><\/div><p><!-- \/.service-details__content__inner-2 --><\/p>\t\t\t\t\t\t\t\t<\/div>\n\t\t\t\t<\/div>\n\t\t\t\t<div class=\"elementor-element elementor-element-1b9cec3 elementor-widget elementor-widget-text-editor\" data-id=\"1b9cec3\" data-element_type=\"widget\" data-widget_type=\"text-editor.default\">\n\t\t\t\t<div class=\"elementor-widget-container\">\n\t\t\t\t\t\t\t\t\t<div class=\"service-details__lists wow fadeInUp\" data-wow-duration=\"1500ms\" data-wow-delay=\"100ms\"><ul class=\"service-details__list\"><li><i class=\"icon-check\"><\/i>CONTR\u00d4LE DE QUALIT\u00c9<\/li><li><i class=\"icon-check\"><\/i>GESTION DE L&#039;HYGI\u00c8NE<\/li><\/ul><p><!-- \/.service-details__list --><\/p><ul class=\"service-details__list\"><li><i class=\"icon-check\"><\/i>TRA\u00c7ABILIT\u00c9<\/li><li><i class=\"icon-check\"><\/i>TRAITEMENT PERSONNALIS\u00c9<\/li><\/ul><p><!-- \/.service-details__list --><\/p><ul class=\"service-details__list\"><li><i class=\"icon-check\"><\/i>LOGISTIQUE DE LA CHA\u00ceNE DU FROID<\/li><li><i class=\"icon-check\"><\/i>CERTIFICATIONS<\/li><\/ul><p><!-- \/.service-details__list --><\/p><\/div><p><!-- \/.service-details__lists --><\/p>\t\t\t\t\t\t\t\t<\/div>\n\t\t\t\t<\/div>\n\t\t<div class=\"elementor-element elementor-element-5d51ec6 e-flex e-con-boxed e-con e-child\" data-id=\"5d51ec6\" data-element_type=\"container\">\n\t\t\t\t\t<div class=\"e-con-inner\">\n\t\t<div class=\"elementor-element elementor-element-d21d168 e-flex e-con-boxed e-con e-child\" data-id=\"d21d168\" data-element_type=\"container\">\n\t\t\t\t\t<div class=\"e-con-inner\">\n\t\t\t\t<div class=\"elementor-element elementor-element-8da09ad elementor-widget elementor-widget-image\" data-id=\"8da09ad\" data-element_type=\"widget\" data-widget_type=\"image.default\">\n\t\t\t\t<div class=\"elementor-widget-container\">\n\t\t\t\t\t\t\t\t\t\t\t\t\t\t\t<img decoding=\"async\" width=\"803\" height=\"802\" src=\"https:\/\/meat.danpolmeat.pl\/wp-content\/uploads\/2024\/02\/cropped-Danpol-deneme-logo-3-buyuk.png\" class=\"attachment-full size-full wp-image-3430\" alt=\"\" srcset=\"https:\/\/meat.danpolmeat.pl\/wp-content\/uploads\/2024\/02\/cropped-Danpol-deneme-logo-3-buyuk.png 803w, https:\/\/meat.danpolmeat.pl\/wp-content\/uploads\/2024\/02\/cropped-Danpol-deneme-logo-3-buyuk-300x300.png 300w, https:\/\/meat.danpolmeat.pl\/wp-content\/uploads\/2024\/02\/cropped-Danpol-deneme-logo-3-buyuk-150x150.png 150w, https:\/\/meat.danpolmeat.pl\/wp-content\/uploads\/2024\/02\/cropped-Danpol-deneme-logo-3-buyuk-768x767.png 768w, https:\/\/meat.danpolmeat.pl\/wp-content\/uploads\/2024\/02\/cropped-Danpol-deneme-logo-3-buyuk-76x75.png 76w, https:\/\/meat.danpolmeat.pl\/wp-content\/uploads\/2024\/02\/cropped-Danpol-deneme-logo-3-buyuk-70x70.png 70w, https:\/\/meat.danpolmeat.pl\/wp-content\/uploads\/2024\/02\/cropped-Danpol-deneme-logo-3-buyuk-270x270.png 270w, https:\/\/meat.danpolmeat.pl\/wp-content\/uploads\/2024\/02\/cropped-Danpol-deneme-logo-3-buyuk-570x569.png 570w, https:\/\/meat.danpolmeat.pl\/wp-content\/uploads\/2024\/02\/cropped-Danpol-deneme-logo-3-buyuk-100x100.png 100w, https:\/\/meat.danpolmeat.pl\/wp-content\/uploads\/2024\/02\/cropped-Danpol-deneme-logo-3-buyuk-460x460.png 460w\" sizes=\"(max-width: 803px) 100vw, 803px\" \/>\t\t\t\t\t\t\t\t\t\t\t\t\t\t\t<\/div>\n\t\t\t\t<\/div>\n\t\t\t\t\t<\/div>\n\t\t\t\t<\/div>\n\t\t<div class=\"elementor-element elementor-element-e9e0c7e e-flex e-con-boxed e-con e-child\" data-id=\"e9e0c7e\" data-element_type=\"container\">\n\t\t\t\t\t<div class=\"e-con-inner\">\n\t\t\t\t<div class=\"elementor-element elementor-element-e1b4d8b elementor-widget elementor-widget-image\" data-id=\"e1b4d8b\" data-element_type=\"widget\" data-widget_type=\"image.default\">\n\t\t\t\t<div class=\"elementor-widget-container\">\n\t\t\t\t\t\t\t\t\t\t\t\t\t\t\t<img decoding=\"async\" width=\"640\" height=\"640\" src=\"https:\/\/meat.danpolmeat.pl\/wp-content\/uploads\/2025\/05\/Danpol-ET-logo-SIYAH.png\" class=\"attachment-large size-large wp-image-3368\" alt=\"\" srcset=\"https:\/\/meat.danpolmeat.pl\/wp-content\/uploads\/2025\/05\/Danpol-ET-logo-SIYAH.png 1024w, https:\/\/meat.danpolmeat.pl\/wp-content\/uploads\/2025\/05\/Danpol-ET-logo-SIYAH-300x300.png 300w, https:\/\/meat.danpolmeat.pl\/wp-content\/uploads\/2025\/05\/Danpol-ET-logo-SIYAH-150x150.png 150w, https:\/\/meat.danpolmeat.pl\/wp-content\/uploads\/2025\/05\/Danpol-ET-logo-SIYAH-768x768.png 768w, https:\/\/meat.danpolmeat.pl\/wp-content\/uploads\/2025\/05\/Danpol-ET-logo-SIYAH-76x75.png 76w, https:\/\/meat.danpolmeat.pl\/wp-content\/uploads\/2025\/05\/Danpol-ET-logo-SIYAH-70x70.png 70w, https:\/\/meat.danpolmeat.pl\/wp-content\/uploads\/2025\/05\/Danpol-ET-logo-SIYAH-270x270.png 270w, https:\/\/meat.danpolmeat.pl\/wp-content\/uploads\/2025\/05\/Danpol-ET-logo-SIYAH-570x570.png 570w, https:\/\/meat.danpolmeat.pl\/wp-content\/uploads\/2025\/05\/Danpol-ET-logo-SIYAH-100x100.png 100w, https:\/\/meat.danpolmeat.pl\/wp-content\/uploads\/2025\/05\/Danpol-ET-logo-SIYAH-460x460.png 460w\" sizes=\"(max-width: 640px) 100vw, 640px\" \/>\t\t\t\t\t\t\t\t\t\t\t\t\t\t\t<\/div>\n\t\t\t\t<\/div>\n\t\t\t\t\t<\/div>\n\t\t\t\t<\/div>\n\t\t\t\t\t<\/div>\n\t\t\t\t<\/div>\n\t\t\t\t<div class=\"elementor-element elementor-element-5de25d6 elementor-widget elementor-widget-text-editor\" data-id=\"5de25d6\" data-element_type=\"widget\" data-widget_type=\"text-editor.default\">\n\t\t\t\t<div class=\"elementor-widget-container\">\n\t\t\t\t\t\t\t\t\t<div class=\"service-details__content__inner-3 wow fadeInUp\" data-wow-duration=\"1500ms\" data-wow-delay=\"0ms\"><h3 class=\"service-details__title\">Parure de viande<\/h3><p><!-- \/.service-details__title --><\/p><p class=\"service-details__text\">Notre service de parage de viande garantit que chaque pi\u00e8ce est propre, maigre et pr\u00eate \u00e0 \u00eatre transform\u00e9e. Danpol Meat \u00e9limine l&#039;exc\u00e8s de gras, les tendons et les tissus ind\u00e9sirables, offrant ainsi des produits uniformes et de haute qualit\u00e9. Nous appliquons une hygi\u00e8ne rigoureuse et une attention particuli\u00e8re aux d\u00e9tails \u00e0 chaque \u00e9tape.<\/p><p><!-- \/.service-details__text --><\/p><\/div><p><!-- \/.service-details__content__inner-3 --><\/p>\t\t\t\t\t\t\t\t<\/div>\n\t\t\t\t<\/div>\n\t\t\t\t<div class=\"elementor-element elementor-element-2305194 elementor-widget__width-initial elementor-widget elementor-widget-boskery-faq\" data-id=\"2305194\" data-element_type=\"widget\" data-widget_type=\"boskery-faq.default\">\n\t\t\t\t<div class=\"elementor-widget-container\">\n\t\t\t\t\t\r\n    <div class=\"service-details__faq\">\r\n        <h4 class=\"service-details__title service-details__faq__title\">QUESTIONS FR\u00c9QUEMMENT POS\u00c9ES<\/h4><!-- \/.service-details__title -->\r\n        <div class=\"faq-accordion boskery-accordion\" data-grp-name=\"boskery-accordion69ebad980c3e2\">\r\n                            <div class=\"accordion wow fadeInUp active\" data-wow-duration=\"1500ms\" data-wow-delay=\"00ms\">\r\n                    <div class=\"accordion-title\">\r\n                        <h4>Qu&#039;est-ce qui rend Danpol Meat diff\u00e9rent ?                            <span class=\"accordion-title__icon\"><\/span>\r\n                        <\/h4>\r\n                    <\/div><!-- \/.accordion-title -->\r\n\r\n                    <div class=\"accordion-content\">\r\n                        <div class=\"inner\">\r\n                            <div class=\"inner__bg\" style=\"background-image: url(https:\/\/bracketweb.com\/boskerywp\/wp-content\/uploads\/2024\/02\/faq-1-1.jpg);\">\r\n                            <\/div><!-- \/.inner__bg -->\r\n                            <p>Danpol Meat se distingue par son engagement envers la qualit\u00e9, la pr\u00e9cision et la satisfaction client. Nous proposons des solutions sur mesure, un traitement avanc\u00e9 et un service fiable aux clients de la vente au d\u00e9tail et de l&#039;industrie. Notre \u00e9quipe exp\u00e9riment\u00e9e veille \u00e0 ce que chaque commande soit conforme \u00e0 vos sp\u00e9cifications.<\/p>\r\n                        <\/div><!-- \/.accordion-content -->\r\n                    <\/div>\r\n                <\/div><!-- \/.accordion-item -->\r\n                            <div class=\"accordion wow fadeInUp\" data-wow-duration=\"1500ms\" data-wow-delay=\"10ms\">\r\n                    <div class=\"accordion-title\">\r\n                        <h4>La viande provenant d\u2019une boucherie est-elle fra\u00eeche ?                            <span class=\"accordion-title__icon\"><\/span>\r\n                        <\/h4>\r\n                    <\/div><!-- \/.accordion-title -->\r\n\r\n                    <div class=\"accordion-content\">\r\n                        <div class=\"inner\">\r\n                            <div class=\"inner__bg\" style=\"background-image: url(https:\/\/bracketweb.com\/boskerywp\/wp-content\/uploads\/2024\/02\/faq-1-1.jpg);\">\r\n                            <\/div><!-- \/.inner__bg -->\r\n                            <p>Chez Danpol Meat, nous fournissons \u00e0 nos partenaires \u2013 boucheries, d\u00e9taillants et entreprises de restauration \u2013 du b\u0153uf transform\u00e9, conditionn\u00e9 et livr\u00e9 selon des normes de qualit\u00e9 et d&#039;hygi\u00e8ne strictes. La fra\u00eecheur de la viande en boucherie d\u00e9pend de sa rapidit\u00e9 de vente et de son entreposage apr\u00e8s livraison. Nous veillons \u00e0 ce que tous nos produits quittent nos installations avec une fra\u00eecheur optimale, gr\u00e2ce \u00e0 une cha\u00eene du froid parfaitement respect\u00e9e et \u00e0 une tra\u00e7abilit\u00e9 claire. Pour un r\u00e9sultat optimal, nous recommandons \u00e0 nos partenaires de suivre les consignes de stockage appropri\u00e9es et de vendre leurs produits dans les d\u00e9lais recommand\u00e9s afin de garantir leur fra\u00eecheur au client final.<\/p>\r\n                        <\/div><!-- \/.accordion-content -->\r\n                    <\/div>\r\n                <\/div><!-- \/.accordion-item -->\r\n                            <div class=\"accordion wow fadeInUp\" data-wow-duration=\"1500ms\" data-wow-delay=\"20ms\">\r\n                    <div class=\"accordion-title\">\r\n                        <h4>Est-ce que Danpol Meat vend d&#039;autres produits en plus de la viande ?                            <span class=\"accordion-title__icon\"><\/span>\r\n                        <\/h4>\r\n                    <\/div><!-- \/.accordion-title -->\r\n\r\n                    <div class=\"accordion-content\">\r\n                        <div class=\"inner\">\r\n                            <div class=\"inner__bg\" style=\"background-image: url(https:\/\/bracketweb.com\/boskerywp\/wp-content\/uploads\/2024\/02\/faq-1-1.jpg);\">\r\n                            <\/div><!-- \/.inner__bg -->\r\n                            <p>Danpol Meat est sp\u00e9cialis\u00e9 dans les produits de b\u0153uf de haute qualit\u00e9, mais propose \u00e9galement une gamme de produits de volaille transform\u00e9s, notamment de la dinde et du poulet. Nous produisons \u00e9galement des kebabs et d&#039;autres produits carn\u00e9s \u00e0 valeur ajout\u00e9e pour nos clients. Notre priorit\u00e9 est de proposer des produits de b\u0153uf et de volaille s\u00fbrs et de haute qualit\u00e9 aux distributeurs, aux restaurateurs et aux industriels.<\/p>\r\n                        <\/div><!-- \/.accordion-content -->\r\n                    <\/div>\r\n                <\/div><!-- \/.accordion-item -->\r\n                            <div class=\"accordion wow fadeInUp\" data-wow-duration=\"1500ms\" data-wow-delay=\"30ms\">\r\n                    <div class=\"accordion-title\">\r\n                        <h4>Puis-je demander des coupes personnalis\u00e9es chez Danpol Meat Food Sp z oo ?                            <span class=\"accordion-title__icon\"><\/span>\r\n                        <\/h4>\r\n                    <\/div><!-- \/.accordion-title -->\r\n\r\n                    <div class=\"accordion-content\">\r\n                        <div class=\"inner\">\r\n                            <div class=\"inner__bg\" style=\"background-image: url(https:\/\/bracketweb.com\/boskerywp\/wp-content\/uploads\/2024\/02\/faq-1-1.jpg);\">\r\n                            <\/div><!-- \/.inner__bg -->\r\n                            <p>Oui, chez Danpol Meat, nous proposons des services de d\u00e9coupe sur mesure pour r\u00e9pondre \u00e0 vos besoins sp\u00e9cifiques. Notre \u00e9quipe exp\u00e9riment\u00e9e peut transformer du b\u0153uf, de la volaille et des produits de type doner selon vos pr\u00e9f\u00e9rences de taille, d&#039;\u00e9paisseur et de sp\u00e9cifications. Nous travaillons en \u00e9troite collaboration avec nos clients pour garantir que chaque commande r\u00e9ponde \u00e0 leurs besoins, que ce soit pour la vente au d\u00e9tail, la restauration ou l&#039;industrie. Veuillez contacter notre \u00e9quipe commerciale pour discuter de vos options de d\u00e9coupe sur mesure.<\/p>\r\n                        <\/div><!-- \/.accordion-content -->\r\n                    <\/div>\r\n                <\/div><!-- \/.accordion-item -->\r\n                    <\/div><!-- \/.faq-accordion -->\r\n    <\/div><!-- \/.service-details__faq -->\r\n\r\n\t\t\t\t<\/div>\n\t\t\t\t<\/div>\n\t\t\t\t<\/div>\n\t\t\t\t\t<\/div>\n\t\t\t\t<\/div>\n\t\t<div class=\"elementor-element elementor-element-111a31c e-con-full e-flex e-con e-parent\" data-id=\"111a31c\" data-element_type=\"container\">\n\t\t\t\t<div class=\"elementor-element elementor-element-ca50d09 elementor-widget elementor-widget-boskery-contact-form\" data-id=\"ca50d09\" data-element_type=\"widget\" data-widget_type=\"boskery-contact-form.default\">\n\t\t\t\t<div class=\"elementor-widget-container\">\n\t\t\t\t\t\t<section class=\"details-form details-form--service section-space-bottom\">\r\n\t\t<div class=\"details-form__bg\" style=\"background-image: url(https:\/\/bracketweb.com\/boskerywp\/wp-content\/uploads\/2024\/02\/service-details-form-bg.png);\"><\/div><!-- \/.details-form__bg -->\r\n\t\t<div class=\"container\">\r\n\t\t\t<div class=\"details-form__content\">\r\n\t\t\t\t<div class=\"sec-title @@extraClassName\">\r\n\t\t\t\t\t<h3 class=\"sec-title__title\">ENTRER EN CONTACT<\/h3>\t\t\t\t<\/div><!-- \/.sec-title -->\r\n\t\t\t\t<p class=\"details-form__text\">Votre adresse e-mail ne sera pas publi\u00e9e. Les champs obligatoires sont marqu\u00e9s d&#039;un ast\u00e9risque (*).<\/p>\t\t\t<\/div><!-- \/.details-form__content -->\r\n\t\t\t<div class=\"form-one details-form__form\">\r\n\t\t\t\t<div class=\"wpcf7 no-js\" id=\"wpcf7-f1712-o1\" lang=\"en-US\" dir=\"ltr\" data-wpcf7-id=\"1712\">\n<div class=\"screen-reader-response\"><p role=\"status\" aria-live=\"polite\" aria-atomic=\"true\"><\/p> <ul><\/ul><\/div>\n<form action=\"\/fr\/wp-json\/wp\/v2\/pages\/180#wpcf7-f1712-o1\" method=\"post\" class=\"wpcf7-form init\" aria-label=\"Contact form\" novalidate=\"novalidate\" data-status=\"init\" data-trp-original-action=\"\/fr\/wp-json\/wp\/v2\/pages\/180#wpcf7-f1712-o1\">\n<div style=\"display: none;\">\n<input type=\"hidden\" name=\"_wpcf7\" value=\"1712\" \/>\n<input type=\"hidden\" name=\"_wpcf7_version\" value=\"6.0.6\" \/>\n<input type=\"hidden\" name=\"_wpcf7_locale\" value=\"en_US\" \/>\n<input type=\"hidden\" name=\"_wpcf7_unit_tag\" value=\"wpcf7-f1712-o1\" \/>\n<input type=\"hidden\" name=\"_wpcf7_container_post\" value=\"0\" \/>\n<input type=\"hidden\" name=\"_wpcf7_posted_data_hash\" value=\"\" \/>\n<\/div>\n<div class=\"form-one__group form-one__group--grid\">\n    <div class=\"form-one__control wow fadeInUp\" data-wow-duration=\"1500ms\" data-wow-delay=\"00ms\">\n        <span class=\"wpcf7-form-control-wrap\" data-name=\"text-182\"><input size=\"40\" maxlength=\"400\" class=\"wpcf7-form-control wpcf7-text wpcf7-validates-as-required\" aria-required=\"true\" aria-invalid=\"false\" placeholder=\"Votre nom\" value=\"\" type=\"text\" name=\"text-182\" \/><\/span>\n    <\/div><!-- \/.form-one__control  -->\n    <div class=\"form-one__control wow fadeInUp\" data-wow-duration=\"1500ms\" data-wow-delay=\"50ms\">\n         <span class=\"wpcf7-form-control-wrap\" data-name=\"email-312\"><input size=\"40\" maxlength=\"400\" class=\"wpcf7-form-control wpcf7-email wpcf7-validates-as-required wpcf7-text wpcf7-validates-as-email\" aria-required=\"true\" aria-invalid=\"false\" placeholder=\"Votre e-mail\" value=\"\" type=\"email\" name=\"email-312\" \/><\/span>\n    <\/div><!-- \/.form-one__control -->\n    <div class=\"form-one__control form-one__control--full wow fadeInUp\" data-wow-duration=\"1500ms\" data-wow-delay=\"100ms\">\n         <span class=\"wpcf7-form-control-wrap\" data-name=\"textarea-276\"><textarea cols=\"40\" rows=\"10\" maxlength=\"2000\" class=\"wpcf7-form-control wpcf7-textarea wpcf7-validates-as-required\" aria-required=\"true\" aria-invalid=\"false\" placeholder=\"\u00c9crire un message . . .\" name=\"textarea-276\"><\/textarea><\/span>\n    <\/div><!-- \/.form-one__control -->\n    <div class=\"form-one__control form-one__control--full wow fadeInUp\" data-wow-duration=\"1500ms\" data-wow-delay=\"150ms\">\n        <button type=\"submit\" class=\"boskery-btn\">\n            <span class=\"boskery-btn__hover\"><\/span>\n            <span class=\"boskery-btn__hover\"><\/span>\n            <span class=\"boskery-btn__hover\"><\/span>\n            <span class=\"boskery-btn__hover\"><\/span>\n            <span class=\"boskery-btn__hover\"><\/span>\n            <span class=\"boskery-btn__hover\"><\/span>\n            <span class=\"boskery-btn__text\">Envoyer un message<\/span>\n            <i class=\"icon-meat-3\"><\/i>\n        <\/button>\n    <\/div><!-- \/.form-one__control -->\n<\/div><!-- \/.form-one__group --><div class=\"wpcf7-response-output\" aria-hidden=\"true\"><\/div>\n<input type=\"hidden\" name=\"trp-form-language\" value=\"fr\"\/><\/form>\n<\/div>\t\t\t<\/div>\r\n\t\t<\/div><!-- \/.container -->\r\n\t<\/section><!-- \/.details-form section-space-bottom -->\r\n\t\t\t\t<\/div>\n\t\t\t\t<\/div>\n\t\t\t\t<\/div>\n\t\t\t\t<\/div>","protected":false},"excerpt":{"rendered":"<p>Custom Cutting Meat Preparation Meat Packaging Online Ordering Beef Tenderloin Specialty Product CALL FOR DIRECT CUSTOMER SERVICE CALL FOR DELIVERY +92 (8800) 68900 CUSTOM CUTTING At Danpol Meat, we provide custom cutting services tailored to your exact requirements. Our experienced team processes beef according to your preferred thickness, size, and cut style, ensuring consistency and [&hellip;]<\/p>","protected":false},"author":1,"featured_media":0,"parent":0,"menu_order":0,"comment_status":"closed","ping_status":"closed","template":"elementor_header_footer","meta":{"footnotes":""},"class_list":["post-180","page","type-page","status-publish","hentry"],"_links":{"self":[{"href":"https:\/\/meat.danpolmeat.pl\/fr\/wp-json\/wp\/v2\/pages\/180","targetHints":{"allow":["GET"]}}],"collection":[{"href":"https:\/\/meat.danpolmeat.pl\/fr\/wp-json\/wp\/v2\/pages"}],"about":[{"href":"https:\/\/meat.danpolmeat.pl\/fr\/wp-json\/wp\/v2\/types\/page"}],"author":[{"embeddable":true,"href":"https:\/\/meat.danpolmeat.pl\/fr\/wp-json\/wp\/v2\/users\/1"}],"replies":[{"embeddable":true,"href":"https:\/\/meat.danpolmeat.pl\/fr\/wp-json\/wp\/v2\/comments?post=180"}],"version-history":[{"count":13,"href":"https:\/\/meat.danpolmeat.pl\/fr\/wp-json\/wp\/v2\/pages\/180\/revisions"}],"predecessor-version":[{"id":3797,"href":"https:\/\/meat.danpolmeat.pl\/fr\/wp-json\/wp\/v2\/pages\/180\/revisions\/3797"}],"wp:attachment":[{"href":"https:\/\/meat.danpolmeat.pl\/fr\/wp-json\/wp\/v2\/media?parent=180"}],"curies":[{"name":"wp","href":"https:\/\/api.w.org\/{rel}","templated":true}]}}