{"id":180,"date":"2024-02-01T02:30:13","date_gmt":"2024-02-01T02:30:13","guid":{"rendered":"http:\/\/boskery-demo.local\/?page_id=180"},"modified":"2025-05-29T09:11:45","modified_gmt":"2025-05-29T09:11:45","slug":"custom-cutting","status":"publish","type":"page","link":"https:\/\/meat.danpolmeat.pl\/fi\/custom-cutting\/","title":{"rendered":"Mukautettu leikkaus"},"content":{"rendered":"<div data-elementor-type=\"wp-page\" data-elementor-id=\"180\" class=\"elementor elementor-180\">\n\t\t\t\t<div class=\"elementor-element elementor-element-fb0210a section-space e-flex e-con-boxed e-con e-parent\" data-id=\"fb0210a\" data-element_type=\"container\">\n\t\t\t\t\t<div class=\"e-con-inner\">\n\t\t<div class=\"elementor-element elementor-element-dff559a e-con-full e-flex e-con e-child\" data-id=\"dff559a\" data-element_type=\"container\">\n\t\t\t\t<div class=\"elementor-element elementor-element-da6e6df elementor-widget elementor-widget-sidebar-nav\" data-id=\"da6e6df\" data-element_type=\"widget\" data-widget_type=\"sidebar-nav.default\">\n\t\t\t\t<div class=\"elementor-widget-container\">\n\t\t\t\t\t    <div class=\"service-sidebar__single wow fadeInRight\" data-wow-duration=\"1500ms\" data-wow-delay=\"0ms\">\r\n                    <ul id=\"menu-services-list\" class=\"list-unstyled service-sidebar__nav ml-0\"><li id=\"menu-item-208\" class=\"menu-item menu-item-type-post_type menu-item-object-page menu-item-208\"><a href=\"https:\/\/meat.danpolmeat.pl\/fi\/custom-cutting\/\">Mukautettu leikkaus<\/a><\/li>\n<li id=\"menu-item-209\" class=\"menu-item menu-item-type-post_type menu-item-object-page menu-item-209\"><a href=\"https:\/\/meat.danpolmeat.pl\/fi\/meat-preparation\/\">Lihan valmistus<\/a><\/li>\n<li id=\"menu-item-210\" class=\"menu-item menu-item-type-post_type menu-item-object-page menu-item-210\"><a href=\"https:\/\/meat.danpolmeat.pl\/fi\/meat-packaging\/\">Lihan pakkaus<\/a><\/li>\n<li id=\"menu-item-211\" class=\"menu-item menu-item-type-post_type menu-item-object-page menu-item-211\"><a href=\"https:\/\/meat.danpolmeat.pl\/fi\/online-ordering\/\">Verkkotilaus<\/a><\/li>\n<li id=\"menu-item-213\" class=\"menu-item menu-item-type-post_type menu-item-object-page menu-item-213\"><a href=\"https:\/\/meat.danpolmeat.pl\/fi\/specialty-product\/\">Erikoistuote<\/a><\/li>\n<\/ul>            <\/div><!-- \/.service-sidebar__single -->\r\n\t\t\t\t<\/div>\n\t\t\t\t<\/div>\n\t\t\t\t<div class=\"elementor-element elementor-element-e3479c4 elementor-widget elementor-widget-boskery-sidebar-call-to-action\" data-id=\"e3479c4\" data-element_type=\"widget\" data-widget_type=\"boskery-sidebar-call-to-action.default\">\n\t\t\t\t<div class=\"elementor-widget-container\">\n\t\t\t\t\t    <div class=\"service-sidebar__single wow fadeInRight\" data-wow-duration=\"1500ms\" data-wow-delay=\"200ms\">\r\n        <div class=\"contact\">\r\n            <div class=\"contact__bg\" style=\"background-image: url(https:\/\/bracketweb.com\/boskerywp\/wp-content\/uploads\/2024\/02\/service-sidebar-info-bg-1.jpg);\"><\/div><!-- \/.contact__bg -->\r\n            <div class=\"contact__content\">\r\n                <h3 class=\"contact__title\">SOITA SUORAAN ASIAKASPALVELUUN\n<\/h3>                <div class=\"contact__info\">\r\n                    <div class=\"contact__info__inner\">\r\n                        <div class=\"contact__info__icon\">\r\n                            <span class=\"icon-telephone\"><\/span>\r\n                        <\/div><!-- \/.contact__info__icon -->\r\n                        <div class=\"contact__info__right\">\r\n                            <h4 class=\"contact__info__title\">TOIMITUSTA VARTEN SOITA\n<\/h4><!-- \/.contact__info__title -->\r\n                            <a href=\"tel:+92-(8800)-68900\" class=\"contact__info__number\">+92 (8800) 68900<\/a><!-- \/.contact__info__number -->\r\n                        <\/div><!-- \/.contact__info__right -->\r\n                    <\/div><!-- \/.contact__info__inner -->\r\n                <\/div><!-- \/.contact__info -->\r\n            <\/div><!-- \/.contact__content -->\r\n        <\/div><!-- \/.contact -->\r\n    <\/div><!-- \/.service-sidebar__single -->\r\n\t\t\t\t<\/div>\n\t\t\t\t<\/div>\n\t\t\t\t<\/div>\n\t\t<div class=\"elementor-element elementor-element-b2d03d2 e-con-full e-flex e-con e-child\" data-id=\"b2d03d2\" data-element_type=\"container\">\n\t\t\t\t<div class=\"elementor-element elementor-element-7c83920 elementor-widget elementor-widget-image\" data-id=\"7c83920\" data-element_type=\"widget\" data-widget_type=\"image.default\">\n\t\t\t\t<div class=\"elementor-widget-container\">\n\t\t\t\t\t\t\t\t\t\t\t\t\t\t\t<img fetchpriority=\"high\" decoding=\"async\" width=\"770\" height=\"350\" src=\"https:\/\/meat.danpolmeat.pl\/wp-content\/uploads\/2024\/02\/service-d-1.jpg\" class=\"attachment-full size-full wp-image-2162\" alt=\"palvelu-d-1\" srcset=\"https:\/\/meat.danpolmeat.pl\/wp-content\/uploads\/2024\/02\/service-d-1.jpg 770w, https:\/\/meat.danpolmeat.pl\/wp-content\/uploads\/2024\/02\/service-d-1-570x259.jpg 570w, https:\/\/meat.danpolmeat.pl\/wp-content\/uploads\/2024\/02\/service-d-1-300x136.jpg 300w, https:\/\/meat.danpolmeat.pl\/wp-content\/uploads\/2024\/02\/service-d-1-768x349.jpg 768w\" sizes=\"(max-width: 770px) 100vw, 770px\" \/>\t\t\t\t\t\t\t\t\t\t\t\t\t\t\t<\/div>\n\t\t\t\t<\/div>\n\t\t\t\t<div class=\"elementor-element elementor-element-a467d00 elementor-widget elementor-widget-text-editor\" data-id=\"a467d00\" data-element_type=\"widget\" data-widget_type=\"text-editor.default\">\n\t\t\t\t<div class=\"elementor-widget-container\">\n\t\t\t\t\t\t\t\t\t<h3 class=\"service-details__title\">MUKAUSLEIKKAUS\n<\/h3>\t\t\t\t\t\t\t\t<\/div>\n\t\t\t\t<\/div>\n\t\t\t\t<div class=\"elementor-element elementor-element-9e4de08 elementor-widget elementor-widget-text-editor\" data-id=\"9e4de08\" data-element_type=\"widget\" data-widget_type=\"text-editor.default\">\n\t\t\t\t<div class=\"elementor-widget-container\">\n\t\t\t\t\t\t\t\t\t<p class=\"service-details__text\">Danpol Meatilla tarjoamme r\u00e4\u00e4t\u00e4l\u00f6ityj\u00e4 leikkauspalveluita, jotka on r\u00e4\u00e4t\u00e4l\u00f6ity juuri sinun tarpeisiisi. Kokenut tiimimme k\u00e4sittelee naudanlihan haluamasi paksuuden, koon ja leikkaustavan mukaan varmistaen jokaisen er\u00e4n tasaisuuden ja laadun. Palvelemme sek\u00e4 yksityis- ett\u00e4 teollisuusasiakkaita tarkasti ja joustavasti.<\/p><p><!-- \/.service-details__text --><\/p>\t\t\t\t\t\t\t\t<\/div>\n\t\t\t\t<\/div>\n\t\t\t\t<div class=\"elementor-element elementor-element-643dc37 elementor-widget elementor-widget-text-editor\" data-id=\"643dc37\" data-element_type=\"widget\" data-widget_type=\"text-editor.default\">\n\t\t\t\t<div class=\"elementor-widget-container\">\n\t\t\t\t\t\t\t\t\t<div class=\"service-details__content__inner-2 wow fadeInUp\" data-wow-duration=\"1500ms\" data-wow-delay=\"50ms\"><h3 class=\"service-details__title\">PALVELUMME<\/h3><p><!-- \/.service-details__title --><\/p><p class=\"service-details__text\">Danpol Meat on erikoistunut teolliseen lihanjalostukseen ja tarjoaa t\u00e4yden valikoiman palveluita, kuten annostelua, luuttomaksi leikkaamista, leikkaamista ja pakkaamista. Keskitymme tehokkuuteen, hygieniaan ja laatuun toimittamalla tuotteita, jotka t\u00e4ytt\u00e4v\u00e4t alan korkeimmat standardit. Ratkaisumme on suunniteltu elintarvikepalvelu-, tukku- ja valmistuskumppaneille.<\/p><p><!-- \/.service-details__text --><\/p><\/div><p><!-- \/.service-details__content__inner-2 --><\/p>\t\t\t\t\t\t\t\t<\/div>\n\t\t\t\t<\/div>\n\t\t\t\t<div class=\"elementor-element elementor-element-1b9cec3 elementor-widget elementor-widget-text-editor\" data-id=\"1b9cec3\" data-element_type=\"widget\" data-widget_type=\"text-editor.default\">\n\t\t\t\t<div class=\"elementor-widget-container\">\n\t\t\t\t\t\t\t\t\t<div class=\"service-details__lists wow fadeInUp\" data-wow-duration=\"1500ms\" data-wow-delay=\"100ms\"><ul class=\"service-details__list\"><li><i class=\"icon-check\"><\/i>LAADUNVALVONTA<\/li><li><i class=\"icon-check\"><\/i>HYGIENIAN HALLINTA<\/li><\/ul><p><!-- \/.service-details__list --><\/p><ul class=\"service-details__list\"><li><i class=\"icon-check\"><\/i>J\u00c4LJITETT\u00c4VYYS<\/li><li><i class=\"icon-check\"><\/i>MUKAUTETTU K\u00c4SITTELY<\/li><\/ul><p><!-- \/.service-details__list --><\/p><ul class=\"service-details__list\"><li><i class=\"icon-check\"><\/i>Kylm\u00e4ketjun logistiikka<\/li><li><i class=\"icon-check\"><\/i>SERTIFIOINNIT<\/li><\/ul><p><!-- \/.service-details__list --><\/p><\/div><p><!-- \/.service-details__lists --><\/p>\t\t\t\t\t\t\t\t<\/div>\n\t\t\t\t<\/div>\n\t\t<div class=\"elementor-element elementor-element-5d51ec6 e-flex e-con-boxed e-con e-child\" data-id=\"5d51ec6\" data-element_type=\"container\">\n\t\t\t\t\t<div class=\"e-con-inner\">\n\t\t<div class=\"elementor-element elementor-element-d21d168 e-flex e-con-boxed e-con e-child\" data-id=\"d21d168\" data-element_type=\"container\">\n\t\t\t\t\t<div class=\"e-con-inner\">\n\t\t\t\t<div class=\"elementor-element elementor-element-8da09ad elementor-widget elementor-widget-image\" data-id=\"8da09ad\" data-element_type=\"widget\" data-widget_type=\"image.default\">\n\t\t\t\t<div class=\"elementor-widget-container\">\n\t\t\t\t\t\t\t\t\t\t\t\t\t\t\t<img decoding=\"async\" width=\"803\" height=\"802\" src=\"https:\/\/meat.danpolmeat.pl\/wp-content\/uploads\/2024\/02\/cropped-Danpol-deneme-logo-3-buyuk.png\" class=\"attachment-full size-full wp-image-3430\" alt=\"\" srcset=\"https:\/\/meat.danpolmeat.pl\/wp-content\/uploads\/2024\/02\/cropped-Danpol-deneme-logo-3-buyuk.png 803w, https:\/\/meat.danpolmeat.pl\/wp-content\/uploads\/2024\/02\/cropped-Danpol-deneme-logo-3-buyuk-300x300.png 300w, https:\/\/meat.danpolmeat.pl\/wp-content\/uploads\/2024\/02\/cropped-Danpol-deneme-logo-3-buyuk-150x150.png 150w, https:\/\/meat.danpolmeat.pl\/wp-content\/uploads\/2024\/02\/cropped-Danpol-deneme-logo-3-buyuk-768x767.png 768w, https:\/\/meat.danpolmeat.pl\/wp-content\/uploads\/2024\/02\/cropped-Danpol-deneme-logo-3-buyuk-76x75.png 76w, https:\/\/meat.danpolmeat.pl\/wp-content\/uploads\/2024\/02\/cropped-Danpol-deneme-logo-3-buyuk-70x70.png 70w, https:\/\/meat.danpolmeat.pl\/wp-content\/uploads\/2024\/02\/cropped-Danpol-deneme-logo-3-buyuk-270x270.png 270w, https:\/\/meat.danpolmeat.pl\/wp-content\/uploads\/2024\/02\/cropped-Danpol-deneme-logo-3-buyuk-570x569.png 570w, https:\/\/meat.danpolmeat.pl\/wp-content\/uploads\/2024\/02\/cropped-Danpol-deneme-logo-3-buyuk-100x100.png 100w, https:\/\/meat.danpolmeat.pl\/wp-content\/uploads\/2024\/02\/cropped-Danpol-deneme-logo-3-buyuk-460x460.png 460w\" sizes=\"(max-width: 803px) 100vw, 803px\" \/>\t\t\t\t\t\t\t\t\t\t\t\t\t\t\t<\/div>\n\t\t\t\t<\/div>\n\t\t\t\t\t<\/div>\n\t\t\t\t<\/div>\n\t\t<div class=\"elementor-element elementor-element-e9e0c7e e-flex e-con-boxed e-con e-child\" data-id=\"e9e0c7e\" data-element_type=\"container\">\n\t\t\t\t\t<div class=\"e-con-inner\">\n\t\t\t\t<div class=\"elementor-element elementor-element-e1b4d8b elementor-widget elementor-widget-image\" data-id=\"e1b4d8b\" data-element_type=\"widget\" data-widget_type=\"image.default\">\n\t\t\t\t<div class=\"elementor-widget-container\">\n\t\t\t\t\t\t\t\t\t\t\t\t\t\t\t<img decoding=\"async\" width=\"640\" height=\"640\" src=\"https:\/\/meat.danpolmeat.pl\/wp-content\/uploads\/2025\/05\/Danpol-ET-logo-SIYAH.png\" class=\"attachment-large size-large wp-image-3368\" alt=\"\" srcset=\"https:\/\/meat.danpolmeat.pl\/wp-content\/uploads\/2025\/05\/Danpol-ET-logo-SIYAH.png 1024w, https:\/\/meat.danpolmeat.pl\/wp-content\/uploads\/2025\/05\/Danpol-ET-logo-SIYAH-300x300.png 300w, https:\/\/meat.danpolmeat.pl\/wp-content\/uploads\/2025\/05\/Danpol-ET-logo-SIYAH-150x150.png 150w, https:\/\/meat.danpolmeat.pl\/wp-content\/uploads\/2025\/05\/Danpol-ET-logo-SIYAH-768x768.png 768w, https:\/\/meat.danpolmeat.pl\/wp-content\/uploads\/2025\/05\/Danpol-ET-logo-SIYAH-76x75.png 76w, https:\/\/meat.danpolmeat.pl\/wp-content\/uploads\/2025\/05\/Danpol-ET-logo-SIYAH-70x70.png 70w, https:\/\/meat.danpolmeat.pl\/wp-content\/uploads\/2025\/05\/Danpol-ET-logo-SIYAH-270x270.png 270w, https:\/\/meat.danpolmeat.pl\/wp-content\/uploads\/2025\/05\/Danpol-ET-logo-SIYAH-570x570.png 570w, https:\/\/meat.danpolmeat.pl\/wp-content\/uploads\/2025\/05\/Danpol-ET-logo-SIYAH-100x100.png 100w, https:\/\/meat.danpolmeat.pl\/wp-content\/uploads\/2025\/05\/Danpol-ET-logo-SIYAH-460x460.png 460w\" sizes=\"(max-width: 640px) 100vw, 640px\" \/>\t\t\t\t\t\t\t\t\t\t\t\t\t\t\t<\/div>\n\t\t\t\t<\/div>\n\t\t\t\t\t<\/div>\n\t\t\t\t<\/div>\n\t\t\t\t\t<\/div>\n\t\t\t\t<\/div>\n\t\t\t\t<div class=\"elementor-element elementor-element-5de25d6 elementor-widget elementor-widget-text-editor\" data-id=\"5de25d6\" data-element_type=\"widget\" data-widget_type=\"text-editor.default\">\n\t\t\t\t<div class=\"elementor-widget-container\">\n\t\t\t\t\t\t\t\t\t<div class=\"service-details__content__inner-3 wow fadeInUp\" data-wow-duration=\"1500ms\" data-wow-delay=\"0ms\"><h3 class=\"service-details__title\">Lihan leikkaaminen<\/h3><p><!-- \/.service-details__title --><\/p><p class=\"service-details__text\">Lihanleikkuupalvelumme varmistaa, ett\u00e4 jokainen pala on puhdas, v\u00e4h\u00e4rasvainen ja valmis jatkok\u00e4sittelyyn. Danpol Meat poistaa ylim\u00e4\u00e4r\u00e4isen rasvan, j\u00e4nteet ja ei-toivotut kudokset, jolloin tuotteet ovat tasalaatuisia ja korkealaatuisia. Noudatamme tiukkaa hygieniaa ja kiinnit\u00e4mme huomiota yksityiskohtiin jokaisessa vaiheessa.<\/p><p><!-- \/.service-details__text --><\/p><\/div><p><!-- \/.service-details__content__inner-3 --><\/p>\t\t\t\t\t\t\t\t<\/div>\n\t\t\t\t<\/div>\n\t\t\t\t<div class=\"elementor-element elementor-element-2305194 elementor-widget__width-initial elementor-widget elementor-widget-boskery-faq\" data-id=\"2305194\" data-element_type=\"widget\" data-widget_type=\"boskery-faq.default\">\n\t\t\t\t<div class=\"elementor-widget-container\">\n\t\t\t\t\t\r\n    <div class=\"service-details__faq\">\r\n        <h4 class=\"service-details__title service-details__faq__title\">USEIN KYSYTYT KYSYMYKSET<\/h4><!-- \/.service-details__title -->\r\n        <div class=\"faq-accordion boskery-accordion\" data-grp-name=\"boskery-accordion69eb8c4dcfd9f\">\r\n                            <div class=\"accordion wow fadeInUp active\" data-wow-duration=\"1500ms\" data-wow-delay=\"00ms\">\r\n                    <div class=\"accordion-title\">\r\n                        <h4>Mik\u00e4 tekee Danpol Meatista erilaisen?                            <span class=\"accordion-title__icon\"><\/span>\r\n                        <\/h4>\r\n                    <\/div><!-- \/.accordion-title -->\r\n\r\n                    <div class=\"accordion-content\">\r\n                        <div class=\"inner\">\r\n                            <div class=\"inner__bg\" style=\"background-image: url(https:\/\/bracketweb.com\/boskerywp\/wp-content\/uploads\/2024\/02\/faq-1-1.jpg);\">\r\n                            <\/div><!-- \/.inner__bg -->\r\n                            <p>Danpol Meat erottuu joukosta sitoutumisellaan laatuun, tarkkuuteen ja asiakastyytyv\u00e4isyyteen. Tarjoamme r\u00e4\u00e4t\u00e4l\u00f6ityj\u00e4 ratkaisuja, edistynytt\u00e4 prosessointia ja luotettavaa palvelua sek\u00e4 v\u00e4hitt\u00e4is- ett\u00e4 teollisuusasiakkaille. Kokenut tiimimme varmistaa, ett\u00e4 jokainen tilaus t\u00e4ytt\u00e4\u00e4 vaatimukset.<\/p>\r\n                        <\/div><!-- \/.accordion-content -->\r\n                    <\/div>\r\n                <\/div><!-- \/.accordion-item -->\r\n                            <div class=\"accordion wow fadeInUp\" data-wow-duration=\"1500ms\" data-wow-delay=\"10ms\">\r\n                    <div class=\"accordion-title\">\r\n                        <h4>Onko lihakaupan liha tuoretta?                            <span class=\"accordion-title__icon\"><\/span>\r\n                        <\/h4>\r\n                    <\/div><!-- \/.accordion-title -->\r\n\r\n                    <div class=\"accordion-content\">\r\n                        <div class=\"inner\">\r\n                            <div class=\"inner__bg\" style=\"background-image: url(https:\/\/bracketweb.com\/boskerywp\/wp-content\/uploads\/2024\/02\/faq-1-1.jpg);\">\r\n                            <\/div><!-- \/.inner__bg -->\r\n                            <p>Danpol Meatilla toimitamme kumppaneillemme \u2013 mukaan lukien lihakaupoille, j\u00e4lleenmyyjille ja elintarvikepalveluyrityksille \u2013 naudanlihaa, joka jalostetaan, pakataan ja toimitetaan tiukkojen laatu- ja hygieniastandardien mukaisesti. Lihan tuoreus lihakaupassa riippuu siit\u00e4, kuinka nopeasti se myyd\u00e4\u00e4n ja kuinka hyvin se s\u00e4ilytet\u00e4\u00e4n toimituksen j\u00e4lkeen. Varmistamme, ett\u00e4 kaikki tuotteemme l\u00e4htev\u00e4t laitoksestamme huipputuoreina, t\u00e4ysin yll\u00e4pidetyll\u00e4 kylm\u00e4ketjulla ja selke\u00e4ll\u00e4 j\u00e4ljitett\u00e4vyydell\u00e4. Parhaan tuloksen saavuttamiseksi suosittelemme, ett\u00e4 kumppanimme noudattavat asianmukaisia varastointiohjeita ja myyv\u00e4t tuotteita suositellun ajan kuluessa tuoreuden takaamiseksi loppuk\u00e4ytt\u00e4j\u00e4lle.<\/p>\r\n                        <\/div><!-- \/.accordion-content -->\r\n                    <\/div>\r\n                <\/div><!-- \/.accordion-item -->\r\n                            <div class=\"accordion wow fadeInUp\" data-wow-duration=\"1500ms\" data-wow-delay=\"20ms\">\r\n                    <div class=\"accordion-title\">\r\n                        <h4>Myyk\u00f6 Danpol Meat muita tuotteita kuin lihaa?                            <span class=\"accordion-title__icon\"><\/span>\r\n                        <\/h4>\r\n                    <\/div><!-- \/.accordion-title -->\r\n\r\n                    <div class=\"accordion-content\">\r\n                        <div class=\"inner\">\r\n                            <div class=\"inner__bg\" style=\"background-image: url(https:\/\/bracketweb.com\/boskerywp\/wp-content\/uploads\/2024\/02\/faq-1-1.jpg);\">\r\n                            <\/div><!-- \/.inner__bg -->\r\n                            <p>Danpol Meat on erikoistunut korkealaatuisiin naudanlihatuotteisiin, mutta tarjoamme my\u00f6s laajan valikoiman jatkojalostettuja siipikarjan tuotteita, kuten kalkkuna- ja kanatuotteita. Lis\u00e4ksi valmistamme asiakkaillemme d\u00f6ner-kebabia ja muita lis\u00e4arvoa tuottavia liharatkaisuja. Keskitymme tarjoamaan turvallisia ja korkealaatuisia naudan- ja siipikarjanlihavaihtoehtoja v\u00e4hitt\u00e4iskaupalle, elintarvikepalveluille ja teollisuuskumppaneille.<\/p>\r\n                        <\/div><!-- \/.accordion-content -->\r\n                    <\/div>\r\n                <\/div><!-- \/.accordion-item -->\r\n                            <div class=\"accordion wow fadeInUp\" data-wow-duration=\"1500ms\" data-wow-delay=\"30ms\">\r\n                    <div class=\"accordion-title\">\r\n                        <h4>Voinko pyyt\u00e4\u00e4 mittatilausty\u00f6n\u00e4 tehtyj\u00e4 leikkauksia Danpol Meat Food Sp z oo:sta?                            <span class=\"accordion-title__icon\"><\/span>\r\n                        <\/h4>\r\n                    <\/div><!-- \/.accordion-title -->\r\n\r\n                    <div class=\"accordion-content\">\r\n                        <div class=\"inner\">\r\n                            <div class=\"inner__bg\" style=\"background-image: url(https:\/\/bracketweb.com\/boskerywp\/wp-content\/uploads\/2024\/02\/faq-1-1.jpg);\">\r\n                            <\/div><!-- \/.inner__bg -->\r\n                            <p>Kyll\u00e4, Danpol Meat tarjoaa r\u00e4\u00e4t\u00e4l\u00f6ityj\u00e4 leikkauspalveluita, jotka t\u00e4ytt\u00e4v\u00e4t erityisvaatimuksesi. Kokenut tiimimme voi k\u00e4sitell\u00e4 naudan-, siipikarjan- ja d\u00f6ner-tuotteita haluamiesi kokojen, paksuuksien ja spesifikaatioiden mukaan. Teemme tiivist\u00e4 yhteisty\u00f6t\u00e4 asiakkaidemme kanssa varmistaaksemme, ett\u00e4 jokainen tilaus vastaa heid\u00e4n tarpeitaan, olipa kyseess\u00e4 sitten v\u00e4hitt\u00e4iskauppa, elintarvikehuolto tai teollisuusk\u00e4ytt\u00f6. Ota yhteytt\u00e4 myyntitiimiimme keskustellaksesi r\u00e4\u00e4t\u00e4l\u00f6idyist\u00e4 leikkausvaihtoehdoista.<\/p>\r\n                        <\/div><!-- \/.accordion-content -->\r\n                    <\/div>\r\n                <\/div><!-- \/.accordion-item -->\r\n                    <\/div><!-- \/.faq-accordion -->\r\n    <\/div><!-- \/.service-details__faq -->\r\n\r\n\t\t\t\t<\/div>\n\t\t\t\t<\/div>\n\t\t\t\t<\/div>\n\t\t\t\t\t<\/div>\n\t\t\t\t<\/div>\n\t\t<div class=\"elementor-element elementor-element-111a31c e-con-full e-flex e-con e-parent\" data-id=\"111a31c\" data-element_type=\"container\">\n\t\t\t\t<div class=\"elementor-element elementor-element-ca50d09 elementor-widget elementor-widget-boskery-contact-form\" data-id=\"ca50d09\" data-element_type=\"widget\" data-widget_type=\"boskery-contact-form.default\">\n\t\t\t\t<div class=\"elementor-widget-container\">\n\t\t\t\t\t\t<section class=\"details-form details-form--service section-space-bottom\">\r\n\t\t<div class=\"details-form__bg\" style=\"background-image: url(https:\/\/bracketweb.com\/boskerywp\/wp-content\/uploads\/2024\/02\/service-details-form-bg.png);\"><\/div><!-- \/.details-form__bg -->\r\n\t\t<div class=\"container\">\r\n\t\t\t<div class=\"details-form__content\">\r\n\t\t\t\t<div class=\"sec-title @@extraClassName\">\r\n\t\t\t\t\t<h3 class=\"sec-title__title\">OTA YHTEYTT\u00c4<\/h3>\t\t\t\t<\/div><!-- \/.sec-title -->\r\n\t\t\t\t<p class=\"details-form__text\">S\u00e4hk\u00f6postiosoitettasi ei julkaista. Pakolliset kent\u00e4t on merkitty t\u00e4hdell\u00e4 *<\/p>\t\t\t<\/div><!-- \/.details-form__content -->\r\n\t\t\t<div class=\"form-one details-form__form\">\r\n\t\t\t\t<div class=\"wpcf7 no-js\" id=\"wpcf7-f1712-o1\" lang=\"en-US\" dir=\"ltr\" data-wpcf7-id=\"1712\">\n<div class=\"screen-reader-response\"><p role=\"status\" aria-live=\"polite\" aria-atomic=\"true\"><\/p> <ul><\/ul><\/div>\n<form action=\"\/fi\/wp-json\/wp\/v2\/pages\/180#wpcf7-f1712-o1\" method=\"post\" class=\"wpcf7-form init\" aria-label=\"Contact form\" novalidate=\"novalidate\" data-status=\"init\" data-trp-original-action=\"\/fi\/wp-json\/wp\/v2\/pages\/180#wpcf7-f1712-o1\">\n<div style=\"display: none;\">\n<input type=\"hidden\" name=\"_wpcf7\" value=\"1712\" \/>\n<input type=\"hidden\" name=\"_wpcf7_version\" value=\"6.0.6\" \/>\n<input type=\"hidden\" name=\"_wpcf7_locale\" value=\"en_US\" \/>\n<input type=\"hidden\" name=\"_wpcf7_unit_tag\" value=\"wpcf7-f1712-o1\" \/>\n<input type=\"hidden\" name=\"_wpcf7_container_post\" value=\"0\" \/>\n<input type=\"hidden\" name=\"_wpcf7_posted_data_hash\" value=\"\" \/>\n<\/div>\n<div class=\"form-one__group form-one__group--grid\">\n    <div class=\"form-one__control wow fadeInUp\" data-wow-duration=\"1500ms\" data-wow-delay=\"00ms\">\n        <span class=\"wpcf7-form-control-wrap\" data-name=\"text-182\"><input size=\"40\" maxlength=\"400\" class=\"wpcf7-form-control wpcf7-text wpcf7-validates-as-required\" aria-required=\"true\" aria-invalid=\"false\" placeholder=\"Sinun nimesi\" value=\"\" type=\"text\" name=\"text-182\" \/><\/span>\n    <\/div><!-- \/.form-one__control  -->\n    <div class=\"form-one__control wow fadeInUp\" data-wow-duration=\"1500ms\" data-wow-delay=\"50ms\">\n         <span class=\"wpcf7-form-control-wrap\" data-name=\"email-312\"><input size=\"40\" maxlength=\"400\" class=\"wpcf7-form-control wpcf7-email wpcf7-validates-as-required wpcf7-text wpcf7-validates-as-email\" aria-required=\"true\" aria-invalid=\"false\" placeholder=\"S\u00e4hk\u00f6postiosoitteesi\" value=\"\" type=\"email\" name=\"email-312\" \/><\/span>\n    <\/div><!-- \/.form-one__control -->\n    <div class=\"form-one__control form-one__control--full wow fadeInUp\" data-wow-duration=\"1500ms\" data-wow-delay=\"100ms\">\n         <span class=\"wpcf7-form-control-wrap\" data-name=\"textarea-276\"><textarea cols=\"40\" rows=\"10\" maxlength=\"2000\" class=\"wpcf7-form-control wpcf7-textarea wpcf7-validates-as-required\" aria-required=\"true\" aria-invalid=\"false\" placeholder=\"Kirjoita viesti...\" name=\"textarea-276\"><\/textarea><\/span>\n    <\/div><!-- \/.form-one__control -->\n    <div class=\"form-one__control form-one__control--full wow fadeInUp\" data-wow-duration=\"1500ms\" data-wow-delay=\"150ms\">\n        <button type=\"submit\" class=\"boskery-btn\">\n            <span class=\"boskery-btn__hover\"><\/span>\n            <span class=\"boskery-btn__hover\"><\/span>\n            <span class=\"boskery-btn__hover\"><\/span>\n            <span class=\"boskery-btn__hover\"><\/span>\n            <span class=\"boskery-btn__hover\"><\/span>\n            <span class=\"boskery-btn__hover\"><\/span>\n            <span class=\"boskery-btn__text\">L\u00e4het\u00e4 viesti<\/span>\n            <i class=\"icon-meat-3\"><\/i>\n        <\/button>\n    <\/div><!-- \/.form-one__control -->\n<\/div><!-- \/.form-one__group --><div class=\"wpcf7-response-output\" aria-hidden=\"true\"><\/div>\n<input type=\"hidden\" name=\"trp-form-language\" value=\"fi\"\/><\/form>\n<\/div>\t\t\t<\/div>\r\n\t\t<\/div><!-- \/.container -->\r\n\t<\/section><!-- \/.details-form section-space-bottom -->\r\n\t\t\t\t<\/div>\n\t\t\t\t<\/div>\n\t\t\t\t<\/div>\n\t\t\t\t<\/div>","protected":false},"excerpt":{"rendered":"<p>Custom Cutting Meat Preparation Meat Packaging Online Ordering Beef Tenderloin Specialty Product CALL FOR DIRECT CUSTOMER SERVICE CALL FOR DELIVERY +92 (8800) 68900 CUSTOM CUTTING At Danpol Meat, we provide custom cutting services tailored to your exact requirements. Our experienced team processes beef according to your preferred thickness, size, and cut style, ensuring consistency and [&hellip;]<\/p>","protected":false},"author":1,"featured_media":0,"parent":0,"menu_order":0,"comment_status":"closed","ping_status":"closed","template":"elementor_header_footer","meta":{"footnotes":""},"class_list":["post-180","page","type-page","status-publish","hentry"],"_links":{"self":[{"href":"https:\/\/meat.danpolmeat.pl\/fi\/wp-json\/wp\/v2\/pages\/180","targetHints":{"allow":["GET"]}}],"collection":[{"href":"https:\/\/meat.danpolmeat.pl\/fi\/wp-json\/wp\/v2\/pages"}],"about":[{"href":"https:\/\/meat.danpolmeat.pl\/fi\/wp-json\/wp\/v2\/types\/page"}],"author":[{"embeddable":true,"href":"https:\/\/meat.danpolmeat.pl\/fi\/wp-json\/wp\/v2\/users\/1"}],"replies":[{"embeddable":true,"href":"https:\/\/meat.danpolmeat.pl\/fi\/wp-json\/wp\/v2\/comments?post=180"}],"version-history":[{"count":13,"href":"https:\/\/meat.danpolmeat.pl\/fi\/wp-json\/wp\/v2\/pages\/180\/revisions"}],"predecessor-version":[{"id":3797,"href":"https:\/\/meat.danpolmeat.pl\/fi\/wp-json\/wp\/v2\/pages\/180\/revisions\/3797"}],"wp:attachment":[{"href":"https:\/\/meat.danpolmeat.pl\/fi\/wp-json\/wp\/v2\/media?parent=180"}],"curies":[{"name":"wp","href":"https:\/\/api.w.org\/{rel}","templated":true}]}}