{"id":3488,"date":"2025-05-28T19:41:02","date_gmt":"2025-05-28T19:41:02","guid":{"rendered":"https:\/\/meat.danpolmeat.pl\/?post_type=product&#038;p=3488"},"modified":"2025-05-28T19:41:02","modified_gmt":"2025-05-28T19:41:02","slug":"complete-bone-in-shoulder","status":"publish","type":"product","link":"https:\/\/meat.danpolmeat.pl\/es\/product\/complete-bone-in-shoulder\/","title":{"rendered":"Paletilla completa con hueso"},"content":{"rendered":"<p><iframe title=\"\u0141opatka z ko\u015bci\u0105 komplet\" width=\"640\" height=\"360\" src=\"https:\/\/www.youtube.com\/embed\/gVmcCK0v7kM?feature=oembed\" frameborder=\"0\" allow=\"accelerometer; autoplay; clipboard-write; encrypted-media; gyroscope; picture-in-picture; web-share\" referrerpolicy=\"strict-origin-when-cross-origin\" allowfullscreen><\/iframe><\/p>","protected":false},"excerpt":{"rendered":"<p>Paletilla completa con hueso<\/p>\n<p>This product includes the bone-in shoulder with all main muscle groups. It contains the triceps, infraspinatus, subscapularis, and supraspinatus muscles.<\/p>\n<p>All primal cuts are included.<\/p>","protected":false},"featured_media":3493,"comment_status":"open","ping_status":"closed","template":"","meta":[],"product_brand":[],"product_cat":[29,46],"product_tag":[],"class_list":{"0":"post-3488","1":"product","2":"type-product","3":"status-publish","4":"has-post-thumbnail","6":"product_cat-beaf-meat","7":"product_cat-bone-in-elements","9":"first","10":"instock","11":"shipping-taxable","12":"product-type-simple"},"_links":{"self":[{"href":"https:\/\/meat.danpolmeat.pl\/es\/wp-json\/wp\/v2\/product\/3488","targetHints":{"allow":["GET"]}}],"collection":[{"href":"https:\/\/meat.danpolmeat.pl\/es\/wp-json\/wp\/v2\/product"}],"about":[{"href":"https:\/\/meat.danpolmeat.pl\/es\/wp-json\/wp\/v2\/types\/product"}],"replies":[{"embeddable":true,"href":"https:\/\/meat.danpolmeat.pl\/es\/wp-json\/wp\/v2\/comments?post=3488"}],"wp:featuredmedia":[{"embeddable":true,"href":"https:\/\/meat.danpolmeat.pl\/es\/wp-json\/wp\/v2\/media\/3493"}],"wp:attachment":[{"href":"https:\/\/meat.danpolmeat.pl\/es\/wp-json\/wp\/v2\/media?parent=3488"}],"wp:term":[{"taxonomy":"product_brand","embeddable":true,"href":"https:\/\/meat.danpolmeat.pl\/es\/wp-json\/wp\/v2\/product_brand?post=3488"},{"taxonomy":"product_cat","embeddable":true,"href":"https:\/\/meat.danpolmeat.pl\/es\/wp-json\/wp\/v2\/product_cat?post=3488"},{"taxonomy":"product_tag","embeddable":true,"href":"https:\/\/meat.danpolmeat.pl\/es\/wp-json\/wp\/v2\/product_tag?post=3488"}],"curies":[{"name":"wp","href":"https:\/\/api.w.org\/{rel}","templated":true}]}}