{"id":3574,"date":"2025-05-28T20:56:20","date_gmt":"2025-05-28T20:56:20","guid":{"rendered":"https:\/\/meat.danpolmeat.pl\/?post_type=product&#038;p=3574"},"modified":"2025-05-29T19:05:36","modified_gmt":"2025-05-29T19:05:36","slug":"hindquarter-pistol-cut-8-ribs","status":"publish","type":"product","link":"https:\/\/meat.danpolmeat.pl\/de\/product\/hindquarter-pistol-cut-8-ribs\/","title":{"rendered":"Hinterviertel-Pistolenschnitt \u2013 8 Rippen"},"content":{"rendered":"<p><iframe title=\"\u0106wier\u0107tusza przednia ci\u0119cie pistoletowe z \u0142at\u0105 5 \u017ceber v2\" width=\"640\" height=\"360\" src=\"https:\/\/www.youtube.com\/embed\/HfixuiAyvzc?feature=oembed\" frameborder=\"0\" allow=\"accelerometer; autoplay; clipboard-write; encrypted-media; gyroscope; picture-in-picture; web-share\" referrerpolicy=\"strict-origin-when-cross-origin\" allowfullscreen><\/iframe><\/p>\n<p>&nbsp;<\/p>","protected":false},"excerpt":{"rendered":"<p>Roastbeef und Ribeye mit Knochen, ganzes Filet und Kette<\/p>\n<p>This product is obtained from the hindquarter and includes the tenderloin with the chain. The striploin is separated from the bone-in round and the sacral part by a cut made between the last lumbar vertebra and the first sacral vertebra.<\/p>","protected":false},"featured_media":3575,"comment_status":"open","ping_status":"closed","template":"","meta":[],"product_brand":[],"product_cat":[15],"product_tag":[],"class_list":{"0":"post-3574","1":"product","2":"type-product","3":"status-publish","4":"has-post-thumbnail","6":"product_cat-carcass","8":"first","9":"instock","10":"shipping-taxable","11":"product-type-simple"},"_links":{"self":[{"href":"https:\/\/meat.danpolmeat.pl\/de\/wp-json\/wp\/v2\/product\/3574","targetHints":{"allow":["GET"]}}],"collection":[{"href":"https:\/\/meat.danpolmeat.pl\/de\/wp-json\/wp\/v2\/product"}],"about":[{"href":"https:\/\/meat.danpolmeat.pl\/de\/wp-json\/wp\/v2\/types\/product"}],"replies":[{"embeddable":true,"href":"https:\/\/meat.danpolmeat.pl\/de\/wp-json\/wp\/v2\/comments?post=3574"}],"wp:featuredmedia":[{"embeddable":true,"href":"https:\/\/meat.danpolmeat.pl\/de\/wp-json\/wp\/v2\/media\/3575"}],"wp:attachment":[{"href":"https:\/\/meat.danpolmeat.pl\/de\/wp-json\/wp\/v2\/media?parent=3574"}],"wp:term":[{"taxonomy":"product_brand","embeddable":true,"href":"https:\/\/meat.danpolmeat.pl\/de\/wp-json\/wp\/v2\/product_brand?post=3574"},{"taxonomy":"product_cat","embeddable":true,"href":"https:\/\/meat.danpolmeat.pl\/de\/wp-json\/wp\/v2\/product_cat?post=3574"},{"taxonomy":"product_tag","embeddable":true,"href":"https:\/\/meat.danpolmeat.pl\/de\/wp-json\/wp\/v2\/product_tag?post=3574"}],"curies":[{"name":"wp","href":"https:\/\/api.w.org\/{rel}","templated":true}]}}